{"id":116,"date":"2011-08-27T21:49:30","date_gmt":"2011-08-27T21:49:30","guid":{"rendered":"http:\/\/www.marketingenred.net\/marketing-en-internet\/el-marketing-y-el-deporte-una-nueva-relacion\/"},"modified":"2020-11-08T16:27:00","modified_gmt":"2020-11-08T16:27:00","slug":"el-marketing-y-el-deporte-una-nueva-relacion","status":"publish","type":"page","link":"https:\/\/www.marketingenred.net\/marketing-en-internet\/el-marketing-y-el-deporte-una-nueva-relacion\/","title":{"rendered":"Marketing y Deporte. Una nueva relaci\u00f3n"},"content":{"rendered":"<figure id=\"attachment_377\" aria-describedby=\"caption-attachment-377\" style=\"width: 150px\" class=\"wp-caption alignleft\"><img loading=\"lazy\" decoding=\"async\" data-attachment-id=\"377\" data-permalink=\"https:\/\/www.marketingenred.net\/marketing-en-internet\/el-marketing-y-el-deporte-una-nueva-relacion\/phitp_6301\/\" data-orig-file=\"https:\/\/i1.wp.com\/www.marketingenred.net\/marketing-en-internet\/wp-content\/uploads\/2018\/01\/PHITP_6301.jpg?fit=640%2C425&amp;ssl=1\" data-orig-size=\"640,425\" data-comments-opened=\"1\" data-image-meta=\"{&quot;aperture&quot;:&quot;0&quot;,&quot;credit&quot;:&quot;&quot;,&quot;camera&quot;:&quot;&quot;,&quot;caption&quot;:&quot;&quot;,&quot;created_timestamp&quot;:&quot;0&quot;,&quot;copyright&quot;:&quot;&quot;,&quot;focal_length&quot;:&quot;0&quot;,&quot;iso&quot;:&quot;0&quot;,&quot;shutter_speed&quot;:&quot;0&quot;,&quot;title&quot;:&quot;&quot;,&quot;orientation&quot;:&quot;0&quot;}\" data-image-title=\"Marketing y Deporte\" data-image-description=\"&lt;p&gt;Las Marcas y el Marketing Deportivo&lt;\/p&gt;\n\" data-medium-file=\"https:\/\/i1.wp.com\/www.marketingenred.net\/marketing-en-internet\/wp-content\/uploads\/2018\/01\/PHITP_6301.jpg?fit=300%2C199&amp;ssl=1\" data-large-file=\"https:\/\/i1.wp.com\/www.marketingenred.net\/marketing-en-internet\/wp-content\/uploads\/2018\/01\/PHITP_6301.jpg?fit=640%2C425&amp;ssl=1\" class=\"wp-image-377 size-thumbnail\" src=\"https:\/\/i0.wp.com\/www.marketingenred.net\/marketing-en-internet\/wp-content\/uploads\/2018\/01\/PHITP_6301-150x150.jpg?resize=150%2C150\" alt=\"marketing deportivo\" width=\"150\" height=\"150\" srcset=\"https:\/\/i1.wp.com\/www.marketingenred.net\/marketing-en-internet\/wp-content\/uploads\/2018\/01\/PHITP_6301.jpg?resize=150%2C150&amp;ssl=1 150w, https:\/\/i1.wp.com\/www.marketingenred.net\/marketing-en-internet\/wp-content\/uploads\/2018\/01\/PHITP_6301.jpg?resize=400%2C400&amp;ssl=1 400w, https:\/\/i1.wp.com\/www.marketingenred.net\/marketing-en-internet\/wp-content\/uploads\/2018\/01\/PHITP_6301.jpg?resize=50%2C50&amp;ssl=1 50w, https:\/\/i1.wp.com\/www.marketingenred.net\/marketing-en-internet\/wp-content\/uploads\/2018\/01\/PHITP_6301.jpg?zoom=2&amp;resize=150%2C150&amp;ssl=1 300w, https:\/\/i1.wp.com\/www.marketingenred.net\/marketing-en-internet\/wp-content\/uploads\/2018\/01\/PHITP_6301.jpg?zoom=3&amp;resize=150%2C150&amp;ssl=1 450w\" sizes=\"(max-width: 150px) 100vw, 150px\" data-recalc-dims=\"1\" \/><figcaption id=\"caption-attachment-377\" class=\"wp-caption-text\">Marketing y Deporte<\/figcaption><\/figure>\n<h2>El auge del Marketing Deportivo.<\/h2>\n<p>Las Marcas cada vez invierten m\u00e1s en sus estrategias de Marketing. La relaci\u00f3n entre el marketing y el deporte se ha intensificado en el siglo 21.<\/p>\n<p>El uso de las herramientas de marketing en el \u00e1mbito deportivo se ha universalizado. La Publicidad juega un rol fundamental en la materia y el auge de las redes sociales ha contribuido a que la difusi\u00f3n de los eventos deportivos tenga una cobertura total.<\/p>\n<p>Por Maribel Diaz.<\/p>\n<p><!--more--><\/p>\n<h2>Marketing y Deporte: los cambios en la sociedad<\/h2>\n<p>La sociedad est\u00e1 viviendo procesos de cambio en donde las innovaciones cient\u00edficas y tecnol\u00f3gicas est\u00e1n forzando a tomar medidas estrat\u00e9gicas para la subsistencia.<\/p>\n<p>El \u00e1mbito deportivo no ha sido la excepci\u00f3n de este cambio forzado. Tambi\u00e9n ha tenido que tomar medidas con respecto a la evoluci\u00f3n as\u00ed como en el posicionamiento del concepto deporte. Se han tomado en cuenta sus beneficios. No solo en un aspecto tecnol\u00f3gico o cient\u00edfico,\u00a0 puesto que se ha evolucionado en estas \u00e1reas -, sino en las formas y estrategias de posicionamiento y mantenimiento.<\/p>\n<p>Desde el punto de vista econ\u00f3mico, el deporte como las asociaciones deportivas, necesitan que los m\u00e9todos empleados ofrezcan resultados notables. Por ello el marketing es un aliado en esta parte del cambio. Es una herramienta que acoplada correctamente al mundo del deporte puede lograr grandes resultados.<\/p>\n<p>Las estrategias tienen que trazarse claramente al igual que las metas, ya que este tema puede resultar muy difuso para qui\u00e9nes no tiene alg\u00fan antecedente sobre este.<\/p>\n<p>Las t\u00e9cnicas del marketing com\u00fan aplicadas al deporte se enfrentaran a muchos conflictos debido a la diferencia en la apreciaci\u00f3n de los p\u00fablicos.<\/p>\n<p>Este asunto no solo compete a quien realiza las estrategias para los diferentes mercados, sino tambi\u00e9n a los due\u00f1os de los clubes, a los distribuidores de los mensajes, es decir, a todos aquellos que tengan alguna relaci\u00f3n, por m\u00ednima que sea, con el producto y el mercado.<\/p>\n<p>Planteando este tema en el terreno de la comunicaci\u00f3n, las ventajas que se pronostican para quienes usen el marketing como herramienta en sus procesos de desarrollo, dentro o fuera de la organizaci\u00f3n, son enormes pese a no tener un amplio marco de referencias.<\/p>\n<h2>Marketing y Deporte: las Nuevas Tecnolog\u00edas<\/h2>\n<p>Las nuevas tecnolog\u00edas y el progreso electr\u00f3nico propician un nuevo horizonte en las comunicaciones. Lo mismo que para el marketing en el \u00e1mbito deportivo, si \u00e9ste comienza a aplicarse correctamente. Y tomando en cuenta las diferencias entre el mercado tradicional con esta nueva puerta.<\/p>\n<p>La relaci\u00f3n de diferentes campa\u00f1as puede llevar a un mismo fin. Conseguir beneficios comunes con esfuerzos conjuntos, dividiendo la carga de trabajo y responsabilidad.<\/p>\n<p>Las preguntas surgen sobre si estos procesos deber\u00edan aplicarse a lo deportivo. A\u00fan cuando no existen t\u00e9rminos claros ni definiciones precisas, nada esta dem\u00e1s. No se est\u00e1 tratando de algo totalmente desconocido ni para los directivos deportivos ni para los que se dedican al marketing, sino de una nueva estrategia que aplicar.<\/p>\n<h3>Marketing Deportivo y las Nuevas Tendencias<\/h3>\n<p>Tal vez esto parezca una ruleta rusa, pero renovar es la palabra del d\u00eda a d\u00eda. La transformaci\u00f3n, el cambio, la metamorfosis. Son palabras que mas que significar algo determinan el estilo de vida que se debe seguir.<\/p>\n<p>Estancarse en una zona de \u201cconfort\u201d lograr\u00e1 la permanencia por un tiempo, pero luego ser\u00e1 obsoleto. No caminar\u00e1 conjuntamente con el cambio social, lo que provocar\u00eda su desaparici\u00f3n.<\/p>\n<p>Lo nuevo funciona en esta sociedad cambiante. Solo hay que buscar la forma correcta de usar las nuevas herramientas. Al fin y al cabo todo se ha convertido en un producto, \u00bfPorque habr\u00eda de ser el deporte la excepci\u00f3n?<\/p>\n<p>En estos primeros 20 a\u00f1os del siglo 21 marketing y deporte generaron sinergias muy importantes. Todo indica que ese proceso seguir\u00e1 su curso y aumentar\u00e1 la implicancia del consumidor con las marcas.<\/p>\n<p>Las\u00a0<a href=\"https:\/\/www.marketingenred.net\/marketing-en-internet\/comunicacion-y-marketing-como-llegar-a-nuestros-clientes-y-potenciales-clientes\/\" target=\"_blank\" rel=\"noopener noreferrer\">Estrategias de Marketing<\/a>\u00a0cada vez son mas innovadoras y requieren de mucha creatividad. En el caso del <a href=\"https:\/\/adriw.com\/marketing-y-publicidad\/marketing-deportivo\/\" target=\"_blank\" rel=\"noopener noreferrer\">marketing deportivo<\/a> las empresas invierten millones para generar adhesi\u00f3n y compromiso con la marca. Esto es lo que se conoce como \u00abengagement\u00bb en el mundo digital.<\/p>\n","protected":false},"excerpt":{"rendered":"<p>El auge del Marketing Deportivo. Las Marcas cada vez invierten m\u00e1s en sus estrategias de<\/p>\n","protected":false},"author":1,"featured_media":0,"parent":0,"menu_order":0,"comment_status":"closed","ping_status":"closed","template":"","meta":{"om_disable_all_campaigns":false,"_monsterinsights_skip_tracking":false,"_monsterinsights_sitenote_active":false,"_monsterinsights_sitenote_note":"","_monsterinsights_sitenote_category":0,"_uf_show_specific_survey":0,"_uf_disable_surveys":false,"spay_email":"","twitterCardType":"summary","cardImageID":0,"cardImage":"http:\/\/www.marketingenred.net\/marketing-en-internet\/wp-content\/uploads\/2018\/01\/PHITP_6301.jpg","cardTitle":"","cardDesc":"","cardImageAlt":"","cardPlayer":"","cardPlayerWidth":0,"cardPlayerHeight":0,"cardPlayerStream":"","cardPlayerCodec":"","footnotes":""},"class_list":["post-116","page","type-page","status-publish","hentry"],"jetpack_sharing_enabled":false,"jetpack_shortlink":"https:\/\/wp.me\/P9wWBy-1S","jetpack_likes_enabled":false,"jetpack-related-posts":[{"id":117,"url":"https:\/\/www.marketingenred.net\/marketing-en-internet\/marketing-turistico\/","url_meta":{"origin":116,"position":0},"title":"El Marketing aplicado al Turismo","date":"27 agosto, 2011","format":false,"excerpt":"Marketing Tur\u00edstico El Marketing aplicado al Turismo en tiempos de pandemia. Por Dar\u00edo Le\u00f3n Mendiondo (*). La industria del turismo se expand\u00eda notablemente y era una de las principales fuentes de ingresos de divisas para los pa\u00edses emergentes y en v\u00edas de desarrollo. La crisis desatada por el Covid19 gener\u00f3\u2026","rel":"","context":"Entrada similar","img":{"alt_text":"","src":"","width":0,"height":0},"classes":[]},{"id":174,"url":"https:\/\/www.marketingenred.net\/marketing-en-internet\/marketing-en-internet-y-marketing-online\/","url_meta":{"origin":116,"position":1},"title":"Marketing en Internet","date":"29 diciembre, 2011","format":false,"excerpt":"C\u00f3mo hacer Marketing en Internet. Por Dar\u00edo Le\u00f3n Mendiondo (*). Caracter\u00edsticas y Tipos del Marketing Online. Similitudes y Diferencias entre el Marketing en Internet y el Marketing Tradicional. En este t\u00f3pico te explicamos como funcionan algunos de los canales m\u00e1s importantes del marketing digital, para que te familiarices con los\u2026","rel":"","context":"Entrada similar","img":{"alt_text":"","src":"","width":0,"height":0},"classes":[]},{"id":176,"url":"https:\/\/www.marketingenred.net\/marketing-en-internet\/analisis-foda-ejemplos\/","url_meta":{"origin":116,"position":2},"title":"An\u00e1lisis Foda Ejemplos","date":"23 abril, 2012","format":false,"excerpt":"C\u00f3mo hacer un An\u00e1lisis FODA. Por Dar\u00edo Le\u00f3n Mendiondo (*). El an\u00e1lisis FODA es una metodolog\u00eda de estudio de la situaci\u00f3n de una empresa determinada. Se tienen en cuenta sus aspectos internos, los que denominamos Debilidades y Fortalezas. Y tambi\u00e9n los aspectos externos, a los que llamamos Amenazas y Oportunidades,\u2026","rel":"","context":"Entrada similar","img":{"alt_text":"","src":"","width":0,"height":0},"classes":[]},{"id":474,"url":"https:\/\/www.marketingenred.net\/marketing-en-internet\/innovacion-empresarial\/","url_meta":{"origin":116,"position":3},"title":"La Innovaci\u00f3n en la Estrategia Empresarial","date":"14 febrero, 2018","format":false,"excerpt":"\u00bfEst\u00e1s preparado para los nuevos desaf\u00edos de un mundo extremadamente competitivo? Las Empresas necesitan reinventarse y adecuarse a las nuevas tendencias y necesidades que surgen como consecuencia de la irrupci\u00f3n tecnol\u00f3gica. La innovaci\u00f3n empresarial nunca fue tan determinante como en estos tiempos. Que hacer para abrirse paso en un mercado\u2026","rel":"","context":"Entrada similar","img":{"alt_text":"innovaci\u00c3\u00b3n y marketing","src":"https:\/\/i2.wp.com\/www.marketingenred.net\/marketing-en-internet\/wp-content\/uploads\/2018\/02\/innovacion.png?resize=350%2C200","width":350,"height":200},"classes":[]},{"id":170,"url":"https:\/\/www.marketingenred.net\/marketing-en-internet\/descubra-el-poder-del-email-marketing\/","url_meta":{"origin":116,"position":4},"title":"El poder del email marketing","date":"9 noviembre, 2011","format":false,"excerpt":"\u00bfQui\u00e9n puede practicar el email marketing? Por Jonathan Baldovino (*). Mito: Solo empresas u organizaciones con grandes presupuestos, enormes bases de datos y con un departamento de comunicaci\u00f3n o marketing pueden hacerlo. Realidad: Cualquier persona, pyme, mediana o gran empresa puede hacerlo. Sin importar el tama\u00f1o de su base de\u2026","rel":"","context":"Entrada similar","img":{"alt_text":"","src":"","width":0,"height":0},"classes":[]},{"id":144,"url":"https:\/\/www.marketingenred.net\/marketing-en-internet\/marketing-de-servicios\/","url_meta":{"origin":116,"position":5},"title":"Marketing de Servicios: 3 Pasos Esenciales para Vender Servicios Online","date":"6 noviembre, 2011","format":false,"excerpt":"Qu\u00e9 es el Marketing de Servicios (*) Por Miguel \u00c1ngel de Alz\u00e1a. Los SERVICIOS ocupan el espacio m\u00e1s grande en el mundo de los negocios y a la vez, los servicios son la oportunidad de negocios m\u00e1s pasada por alto en Internet. Pero si usted ofreciera sus servicios online, t\u00e9ngalo\u2026","rel":"","context":"Entrada similar","img":{"alt_text":"","src":"","width":0,"height":0},"classes":[]}],"_links":{"self":[{"href":"https:\/\/www.marketingenred.net\/marketing-en-internet\/wp-json\/wp\/v2\/pages\/116"}],"collection":[{"href":"https:\/\/www.marketingenred.net\/marketing-en-internet\/wp-json\/wp\/v2\/pages"}],"about":[{"href":"https:\/\/www.marketingenred.net\/marketing-en-internet\/wp-json\/wp\/v2\/types\/page"}],"author":[{"embeddable":true,"href":"https:\/\/www.marketingenred.net\/marketing-en-internet\/wp-json\/wp\/v2\/users\/1"}],"replies":[{"embeddable":true,"href":"https:\/\/www.marketingenred.net\/marketing-en-internet\/wp-json\/wp\/v2\/comments?post=116"}],"version-history":[{"count":10,"href":"https:\/\/www.marketingenred.net\/marketing-en-internet\/wp-json\/wp\/v2\/pages\/116\/revisions"}],"predecessor-version":[{"id":763,"href":"https:\/\/www.marketingenred.net\/marketing-en-internet\/wp-json\/wp\/v2\/pages\/116\/revisions\/763"}],"wp:attachment":[{"href":"https:\/\/www.marketingenred.net\/marketing-en-internet\/wp-json\/wp\/v2\/media?parent=116"}],"curies":[{"name":"wp","href":"https:\/\/api.w.org\/{rel}","templated":true}]}}