{"id":117,"date":"2011-08-27T22:46:29","date_gmt":"2011-08-27T22:46:29","guid":{"rendered":"http:\/\/www.marketingenred.net\/marketing-en-internet\/el-marketing-aplicado-al-turismo\/"},"modified":"2020-11-08T16:17:14","modified_gmt":"2020-11-08T16:17:14","slug":"marketing-turistico","status":"publish","type":"page","link":"https:\/\/www.marketingenred.net\/marketing-en-internet\/marketing-turistico\/","title":{"rendered":"El Marketing aplicado al Turismo"},"content":{"rendered":"<figure id=\"attachment_373\" aria-describedby=\"caption-attachment-373\" style=\"width: 150px\" class=\"wp-caption alignleft\"><img loading=\"lazy\" decoding=\"async\" data-attachment-id=\"373\" data-permalink=\"https:\/\/www.marketingenred.net\/marketing-en-internet\/marketing-turistico\/pythonpool\/\" data-orig-file=\"https:\/\/i0.wp.com\/www.marketingenred.net\/marketing-en-internet\/wp-content\/uploads\/2018\/01\/pythonpool.jpg?fit=320%2C475&amp;ssl=1\" data-orig-size=\"320,475\" data-comments-opened=\"1\" data-image-meta=\"{&quot;aperture&quot;:&quot;0&quot;,&quot;credit&quot;:&quot;&quot;,&quot;camera&quot;:&quot;&quot;,&quot;caption&quot;:&quot;&quot;,&quot;created_timestamp&quot;:&quot;0&quot;,&quot;copyright&quot;:&quot;&quot;,&quot;focal_length&quot;:&quot;0&quot;,&quot;iso&quot;:&quot;0&quot;,&quot;shutter_speed&quot;:&quot;0&quot;,&quot;title&quot;:&quot;&quot;,&quot;orientation&quot;:&quot;0&quot;}\" data-image-title=\"Marketing aplicado al Turismo\" data-image-description=\"&lt;p&gt;La expansi\u00f3n del marketing tur\u00edstico ha sido notable en los \u00faltimos a\u00f1os.&lt;\/p&gt;\n\" data-medium-file=\"https:\/\/i0.wp.com\/www.marketingenred.net\/marketing-en-internet\/wp-content\/uploads\/2018\/01\/pythonpool.jpg?fit=202%2C300&amp;ssl=1\" data-large-file=\"https:\/\/i0.wp.com\/www.marketingenred.net\/marketing-en-internet\/wp-content\/uploads\/2018\/01\/pythonpool.jpg?fit=320%2C475&amp;ssl=1\" class=\"wp-image-373 size-thumbnail\" src=\"https:\/\/i2.wp.com\/www.marketingenred.net\/marketing-en-internet\/wp-content\/uploads\/2018\/01\/pythonpool-150x150.jpg?resize=150%2C150\" alt=\"El auge del marketing tur\u00edstico\" width=\"150\" height=\"150\" srcset=\"https:\/\/i0.wp.com\/www.marketingenred.net\/marketing-en-internet\/wp-content\/uploads\/2018\/01\/pythonpool.jpg?resize=150%2C150&amp;ssl=1 150w, https:\/\/i0.wp.com\/www.marketingenred.net\/marketing-en-internet\/wp-content\/uploads\/2018\/01\/pythonpool.jpg?resize=50%2C50&amp;ssl=1 50w, https:\/\/i0.wp.com\/www.marketingenred.net\/marketing-en-internet\/wp-content\/uploads\/2018\/01\/pythonpool.jpg?zoom=2&amp;resize=150%2C150&amp;ssl=1 300w\" sizes=\"(max-width: 150px) 100vw, 150px\" data-recalc-dims=\"1\" \/><figcaption id=\"caption-attachment-373\" class=\"wp-caption-text\">Marketing Tur\u00edstico<\/figcaption><\/figure>\n<h2>Marketing Tur\u00edstico<\/h2>\n<p>El Marketing aplicado al Turismo en tiempos de pandemia.<\/p>\n<p>Por Dar\u00edo Le\u00f3n Mendiondo (*).<\/p>\n<p>La industria del turismo se expand\u00eda notablemente y era una de las principales fuentes de ingresos de divisas para los pa\u00edses emergentes y en v\u00edas de desarrollo. La crisis desatada por el Covid19 gener\u00f3 una crisis econ\u00f3mica que impact\u00f3 directamente en el turismo mundial<\/p>\n<p><!--more--><\/p>\n<h2>Qu\u00e9 es el marketing tur\u00edstico<\/h2>\n<p>Aquellos pa\u00edses cuyos atractivos tur\u00edsticos tienen gran demanda no solo se benefician por los ingresos percibidos, sino que al difundir su cultura, costumbres, tradiciones y potencialidades, en muchas ocasiones tambi\u00e9n despiertan la atenci\u00f3n de inversores, capitalistas y empresas multinacionales que se interesan continuamente en la exploraci\u00f3n de nuevos mercados, aptos para la difusi\u00f3n de sus productos y servicios.<\/p>\n<p>En ese contexto, muchas personas han iniciado sus propios emprendimientos, vinculados directa o indirectamente al turismo. Cobran especial relevancia los Eventos, Seminarios y Exposiciones en ciudades y puntos de atracci\u00f3n tur\u00edstica que congregan a visitantes de diferentes latitudes, ya que estas actividades no solo tienen que ver con la promoci\u00f3n de productos y servicios reci\u00e9n lanzados al mercado, sino tambi\u00e9n con la difusi\u00f3n de determinados lugares geogr\u00e1ficos, que en muchos casos son de inter\u00e9s nacional para los pa\u00edses anfitriones.<\/p>\n<p>Es absolutamente incuestionable que el trabajo y el placer deben retroalimentarse constantemente. Y eso debe tener una relaci\u00f3n de equilibrio, para alcanzar un rendimiento sicof\u00edsico \u00f3ptimo y mantener una condici\u00f3n saludable.<\/p>\n<h2>Turismo Local<\/h2>\n<p>Ahora bien, lo antedicho sigue siendo v\u00e1lido pero la situaci\u00f3n de pandemia ha perjudicado mucho al sector. Por eso, es preciso que se desarrollen estrategias para mitigar el impacto negativo.<\/p>\n<p>Sin embargo, persiste la necesidad de los consumidores de tener tiempo para la recreaci\u00f3n. En tal sentido, se hace imprescindible aliviar el stress producido por la incertidumbre de la econom\u00eda mundial.<\/p>\n<p>Las personas necesitan estad\u00edas placenteras y bienestar, ya sea por negocios o vacaciones. O simplemente para tener tiempo de ocio. Existe la creencia que esos beneficios solo se puede obtener afuera del pa\u00eds en el que se reside. Y nada m\u00e1s lejos de la realidad.<\/p>\n<p>En este punto, vale se\u00f1alar que si se implementa una eficaz comunicaci\u00f3n con clientes y prospectos, tambi\u00e9n se puede\u00a0 promocionar y\u00a0establecer un precio acorde a la calidad del servicio que se ofrece en el mercado interno.<\/p>\n<p>Las grandes cadenas hoteleras han instrumentado promociones con importantes descuentos para viajes de negocio y placer en Hoteles, Resorts, Cruceros. Los pasajes baratos y paquetes tur\u00edsticos multi destino han acaparado las ofertas en el sector. Tambi\u00e9n hay fuerte inversi\u00f3n publicitaria que empuja al consumo de ese tipo de servicios.<\/p>\n<p>Pero para disfrutar de espectaculares vacaciones en los lugares m\u00e1s ex\u00f3ticos con todo incluido y ahorrando mucho dinero en sus estad\u00edas, no es imprescindible salir del pa\u00eds.<\/p>\n<h2>Turismo Alternativo<\/h2>\n<p>La gente busca Viajes Baratos y lo seguir\u00e1 haciendo porque el tiempo de ocio cada vez se valora m\u00e1s en un mundo cada vez acelerado y extremadamente competitivo.<\/p>\n<p>El turismo era\u00a0una de las industrias de mayor crecimiento a nivel mundial y ahora necesita reinventarse. Y apostar al turismo local es una alternativa fundamental. Ello implica reducir las expectativas de ingresos para estimular a los viajeros. Vale decir que los turistas locales seguramente gastar\u00e1n menos que en sus incursiones internacionales. No obstante, estar\u00e1n dispuestos a invertir en servicios tur\u00edsticos que le aporten satisfacci\u00f3n y felicidad dentro de su pa\u00eds. Y sobre todo si se explotan algunas actividades amigables con el medio ambiente.<\/p>\n<p>Es una excelente oportunidad para estimular otro tipo de turismo que adem\u00e1s tenga efectos positivos sobre la salud.<\/p>\n<ul>\n<li>Turismo Rural.<\/li>\n<li>Trekking.<\/li>\n<li>Ecoturismo.<\/li>\n<li>Turismo Aventura.<\/li>\n<\/ul>\n<p>Los pa\u00edses deben hacer una fuerte apuesta a la promoci\u00f3n del <a href=\"https:\/\/turismo.gub.uy\/index.php\/region\/itemlist\/category\/9-ecoturismo\" target=\"_blank\" rel=\"noopener noreferrer\">turismo local.<\/a>\u00a0Y en ese sentido, el rol del Estado es fundamental. Los est\u00edmulos fiscales y bonificaciones impositivas son claves para alentar la recuperaci\u00f3n de la actvidad en el sector. Esto permitir\u00e1 generar empleo y reactivar el consumo. Por eso, llos agentes tur\u00edsticos deber\u00edan trasladar esos beneficios al precio final para captar clientes que compren paquetes tur\u00edsticos. Los comportamientos del turista han cambiado dr\u00e1sticamente. Pero hay una oportunidad para generar nuevos productos y servicios.<\/p>\n<p>Es una buena ocasi\u00f3n para instrumentar estrategias de cross-selling (venta cruzada). Crear paquetes con servicios y productos complementarios puede dar una ventaja competitiva importante.<\/p>\n<p>Otro sector de actividad que ha sido duramente golpeado por la pandemia es el deporte. El marketing tur\u00edstico y el\u00a0<a href=\"http:\/\/www.marketingenred.net\/marketing-en-internet\/el-marketing-y-el-deporte-una-nueva-relacion\/\">Marketing Deportivo<\/a> tienen una estrecha interrelaci\u00f3n. Vale decir que el turismo deportivo se ha consolidado como un segmento de mucha popularidad en los \u00faltimos diez a\u00f1os.<\/p>\n<p>(*)\u00a0Director Ejecutivo de Marketing en Red<\/p>\n","protected":false},"excerpt":{"rendered":"<p>Marketing Tur\u00edstico El Marketing aplicado al Turismo en tiempos de pandemia. Por Dar\u00edo Le\u00f3n Mendiondo<\/p>\n","protected":false},"author":1,"featured_media":0,"parent":0,"menu_order":0,"comment_status":"closed","ping_status":"closed","template":"","meta":{"om_disable_all_campaigns":false,"_monsterinsights_skip_tracking":false,"_monsterinsights_sitenote_active":false,"_monsterinsights_sitenote_note":"","_monsterinsights_sitenote_category":0,"_uf_show_specific_survey":0,"_uf_disable_surveys":false,"spay_email":"","twitterCardType":"summary","cardImageID":0,"cardImage":"http:\/\/www.marketingenred.net\/marketing-en-internet\/wp-content\/uploads\/2018\/01\/pythonpool.jpg","cardTitle":"","cardDesc":"","cardImageAlt":"","cardPlayer":"","cardPlayerWidth":0,"cardPlayerHeight":0,"cardPlayerStream":"","cardPlayerCodec":"","footnotes":""},"class_list":["post-117","page","type-page","status-publish","hentry"],"jetpack_sharing_enabled":false,"jetpack_shortlink":"https:\/\/wp.me\/P9wWBy-1T","jetpack_likes_enabled":false,"jetpack-related-posts":[{"id":149,"url":"https:\/\/www.marketingenred.net\/marketing-en-internet\/estrategias-de-marketing-para-pymes\/","url_meta":{"origin":117,"position":0},"title":"Estrategias de Marketing para Pymes","date":"6 noviembre, 2011","format":false,"excerpt":"Estrategias para peque\u00f1as y medianas empresas \u00bfQuieres \"Potenciar La Comercializaci\u00f3n\" De Tu Empresa? Por Jordys Gonzalez (*). Lo que voy a compartir contigo en este art\u00edculo, podr\u00eda sonar como muy l\u00f3gico, pero cr\u00e9eme, y esta es al menos mi experiencia, que m\u00e1s del 85% de los propietarios de PyMEs me\u2026","rel":"","context":"Entrada similar","img":{"alt_text":"","src":"","width":0,"height":0},"classes":[]},{"id":474,"url":"https:\/\/www.marketingenred.net\/marketing-en-internet\/innovacion-empresarial\/","url_meta":{"origin":117,"position":1},"title":"La Innovaci\u00f3n en la Estrategia Empresarial","date":"14 febrero, 2018","format":false,"excerpt":"\u00bfEst\u00e1s preparado para los nuevos desaf\u00edos de un mundo extremadamente competitivo? Las Empresas necesitan reinventarse y adecuarse a las nuevas tendencias y necesidades que surgen como consecuencia de la irrupci\u00f3n tecnol\u00f3gica. La innovaci\u00f3n empresarial nunca fue tan determinante como en estos tiempos. Que hacer para abrirse paso en un mercado\u2026","rel":"","context":"Entrada similar","img":{"alt_text":"innovaci\u00c3\u00b3n y marketing","src":"https:\/\/i2.wp.com\/www.marketingenred.net\/marketing-en-internet\/wp-content\/uploads\/2018\/02\/innovacion.png?resize=350%2C200","width":350,"height":200},"classes":[]},{"id":174,"url":"https:\/\/www.marketingenred.net\/marketing-en-internet\/marketing-en-internet-y-marketing-online\/","url_meta":{"origin":117,"position":2},"title":"Marketing en Internet","date":"29 diciembre, 2011","format":false,"excerpt":"C\u00f3mo hacer Marketing en Internet. Por Dar\u00edo Le\u00f3n Mendiondo (*). Caracter\u00edsticas y Tipos del Marketing Online. Similitudes y Diferencias entre el Marketing en Internet y el Marketing Tradicional. En este t\u00f3pico te explicamos como funcionan algunos de los canales m\u00e1s importantes del marketing digital, para que te familiarices con los\u2026","rel":"","context":"Entrada similar","img":{"alt_text":"","src":"","width":0,"height":0},"classes":[]},{"id":177,"url":"https:\/\/www.marketingenred.net\/marketing-en-internet\/posicionamiento-de-un-producto\/","url_meta":{"origin":117,"position":3},"title":"Posicionamiento de un Producto","date":"23 abril, 2012","format":false,"excerpt":"Qu\u00e9 es el posicionamiento de un producto Por Dar\u00edo Le\u00f3n Mendiondo (*). Ya hemos visto un ejemplo de an\u00e1lisis FODA aplicado a un producto en v\u00edas de lanzamiento. Ahora analizaremos los aspectos de Posicionamiento y la aplicaci\u00f3n del mix de marketing. El Posicionamiento de un Producto o Servicio es b\u00e1sicamente\u2026","rel":"","context":"Entrada similar","img":{"alt_text":"","src":"","width":0,"height":0},"classes":[]},{"id":118,"url":"https:\/\/www.marketingenred.net\/marketing-en-internet\/marketing-online\/","url_meta":{"origin":117,"position":4},"title":"Marketing Online. La tecnolog\u00eda es clave.","date":"27 agosto, 2011","format":false,"excerpt":"La importancia de la tecnolog\u00eda en el Marketing Online. Por Dar\u00edo Le\u00f3n Mendiondo (*). Algunas Empresas registran sus mayores ingresos a trav\u00e9s de la venta online. Sin Embargo, la gran mayor\u00eda, a\u00fan no advierte la importancia de establecer una estrategia hacia segmentos del mercado que concentran gran poder adquisitivo. A\u2026","rel":"","context":"Entrada similar","img":{"alt_text":"","src":"","width":0,"height":0},"classes":[]},{"id":144,"url":"https:\/\/www.marketingenred.net\/marketing-en-internet\/marketing-de-servicios\/","url_meta":{"origin":117,"position":5},"title":"Marketing de Servicios: 3 Pasos Esenciales para Vender Servicios Online","date":"6 noviembre, 2011","format":false,"excerpt":"Qu\u00e9 es el Marketing de Servicios (*) Por Miguel \u00c1ngel de Alz\u00e1a. Los SERVICIOS ocupan el espacio m\u00e1s grande en el mundo de los negocios y a la vez, los servicios son la oportunidad de negocios m\u00e1s pasada por alto en Internet. Pero si usted ofreciera sus servicios online, t\u00e9ngalo\u2026","rel":"","context":"Entrada similar","img":{"alt_text":"","src":"","width":0,"height":0},"classes":[]}],"_links":{"self":[{"href":"https:\/\/www.marketingenred.net\/marketing-en-internet\/wp-json\/wp\/v2\/pages\/117"}],"collection":[{"href":"https:\/\/www.marketingenred.net\/marketing-en-internet\/wp-json\/wp\/v2\/pages"}],"about":[{"href":"https:\/\/www.marketingenred.net\/marketing-en-internet\/wp-json\/wp\/v2\/types\/page"}],"author":[{"embeddable":true,"href":"https:\/\/www.marketingenred.net\/marketing-en-internet\/wp-json\/wp\/v2\/users\/1"}],"replies":[{"embeddable":true,"href":"https:\/\/www.marketingenred.net\/marketing-en-internet\/wp-json\/wp\/v2\/comments?post=117"}],"version-history":[{"count":10,"href":"https:\/\/www.marketingenred.net\/marketing-en-internet\/wp-json\/wp\/v2\/pages\/117\/revisions"}],"predecessor-version":[{"id":761,"href":"https:\/\/www.marketingenred.net\/marketing-en-internet\/wp-json\/wp\/v2\/pages\/117\/revisions\/761"}],"wp:attachment":[{"href":"https:\/\/www.marketingenred.net\/marketing-en-internet\/wp-json\/wp\/v2\/media?parent=117"}],"curies":[{"name":"wp","href":"https:\/\/api.w.org\/{rel}","templated":true}]}}