{"id":118,"date":"2011-08-27T22:58:31","date_gmt":"2011-08-27T22:58:31","guid":{"rendered":"http:\/\/www.marketingenred.net\/marketing-en-internet\/la-importancia-de-la-tecnologia-bien-aplicada\/"},"modified":"2020-11-08T17:20:00","modified_gmt":"2020-11-08T17:20:00","slug":"marketing-online","status":"publish","type":"page","link":"https:\/\/www.marketingenred.net\/marketing-en-internet\/marketing-online\/","title":{"rendered":"Marketing Online. La tecnolog\u00eda es clave."},"content":{"rendered":"<figure id=\"attachment_371\" aria-describedby=\"caption-attachment-371\" style=\"width: 150px\" class=\"wp-caption alignleft\"><img loading=\"lazy\" decoding=\"async\" data-attachment-id=\"371\" data-permalink=\"https:\/\/www.marketingenred.net\/marketing-en-internet\/marketing-online\/p_061\/\" data-orig-file=\"https:\/\/i0.wp.com\/www.marketingenred.net\/marketing-en-internet\/wp-content\/uploads\/2018\/01\/p_061.jpg?fit=380%2C287&amp;ssl=1\" data-orig-size=\"380,287\" data-comments-opened=\"1\" data-image-meta=\"{&quot;aperture&quot;:&quot;0&quot;,&quot;credit&quot;:&quot;&quot;,&quot;camera&quot;:&quot;&quot;,&quot;caption&quot;:&quot;&quot;,&quot;created_timestamp&quot;:&quot;0&quot;,&quot;copyright&quot;:&quot;&quot;,&quot;focal_length&quot;:&quot;0&quot;,&quot;iso&quot;:&quot;0&quot;,&quot;shutter_speed&quot;:&quot;0&quot;,&quot;title&quot;:&quot;&quot;,&quot;orientation&quot;:&quot;0&quot;}\" data-image-title=\"La Importancia de la Tecnolog\u00eda bien aplicada\" data-image-description=\"&lt;p&gt;Aplicaci\u00f3n del Marketing en Internet&lt;\/p&gt;\n\" data-medium-file=\"https:\/\/i0.wp.com\/www.marketingenred.net\/marketing-en-internet\/wp-content\/uploads\/2018\/01\/p_061.jpg?fit=300%2C227&amp;ssl=1\" data-large-file=\"https:\/\/i0.wp.com\/www.marketingenred.net\/marketing-en-internet\/wp-content\/uploads\/2018\/01\/p_061.jpg?fit=380%2C287&amp;ssl=1\" class=\"wp-image-371 size-thumbnail\" src=\"https:\/\/i0.wp.com\/www.marketingenred.net\/marketing-en-internet\/wp-content\/uploads\/2018\/01\/p_061-150x150.jpg?resize=150%2C150\" alt=\"Tecnolog\u00eda y Marketing\" width=\"150\" height=\"150\" srcset=\"https:\/\/i0.wp.com\/www.marketingenred.net\/marketing-en-internet\/wp-content\/uploads\/2018\/01\/p_061.jpg?resize=150%2C150&amp;ssl=1 150w, https:\/\/i0.wp.com\/www.marketingenred.net\/marketing-en-internet\/wp-content\/uploads\/2018\/01\/p_061.jpg?resize=50%2C50&amp;ssl=1 50w, https:\/\/i0.wp.com\/www.marketingenred.net\/marketing-en-internet\/wp-content\/uploads\/2018\/01\/p_061.jpg?zoom=2&amp;resize=150%2C150&amp;ssl=1 300w\" sizes=\"(max-width: 150px) 100vw, 150px\" data-recalc-dims=\"1\" \/><figcaption id=\"caption-attachment-371\" class=\"wp-caption-text\">Marketing Online<\/figcaption><\/figure>\n<h2>La importancia de la tecnolog\u00eda en el Marketing Online.<\/h2>\n<p>Por Dar\u00edo Le\u00f3n Mendiondo (*).<\/p>\n<p>Algunas Empresas registran sus mayores ingresos a trav\u00e9s de la venta online. Sin Embargo, la gran mayor\u00eda, a\u00fan no advierte la importancia de establecer una estrategia hacia segmentos del mercado que concentran gran poder adquisitivo.<\/p>\n<p><!--more--><\/p>\n<p>A menudo me encuentro con gente de negocios muy exitosa, que cuando me dejan su tarjeta de presentaci\u00f3n, me recuerdan enf\u00e1ticamente, &#8211; Estoy en Internet. \u00a1 Visita mi p\u00e1gina ! -, cuya direcci\u00f3n &#8211; por supuesto &#8211; encuentro al pie de dicha tarjeta.<\/p>\n<p>Sorprendentemente, al ingresar en la mayor\u00eda de esos sitios &#8211; que tan gentilmente me invitaron a visitar -, me encuentro con una p\u00e1gina institucional, muy bonita, a veces con tecnolog\u00eda de \u00faltima generaci\u00f3n, pero cuando quiero saber, qu\u00e9 venden, qu\u00e9 beneficios obtendr\u00eda de sus productos y\/o servicios, y c\u00f3mo hay que hacer para comprar en l\u00ednea, no encuentro respuestas. Es decir, no tienen una pol\u00edtica de marketing en internet.<\/p>\n<p>Sucede que mucha gente cree que hay que estar en Internet porque est\u00e1 de moda, o porque es una forma de hacer publicidad y eso es un error fatal. Porque un sitio web es como un negocio en una avenida principal. Si tienes las puertas abiertas, pero no tienes un funcionario venda y otro que cobre lo que se vende, sencillamente no ganas, o mejor dicho pierdes. \u00bfTe imaginas un aluvi\u00f3n de personas que ingresan a tu negocio interesadas en comprar tus productos, y t\u00fa no puedes venderles nada porque no tienes como cobrarles ? \u00a1 Qu\u00e9 desperdicio !<\/p>\n<h2>Tienda Online<\/h2>\n<p><strong>La importancia de una tienda online en el marketing online.<\/strong><br \/>\nTraza un paralelismo con tu negocio en Internet, recibiendo miles de visitas de potenciales clientes que ingresan en tu p\u00e1gina y deben irse decepcionados porque no pueden comprar nada, debido a que t\u00fa no tienes un sistema de cobro en l\u00ednea. \u00bfDesperdiciar\u00edas todo ese tr\u00e1fico? Claro que no.<\/p>\n<p>La \u00fanica raz\u00f3n por la cual puedes darte el lujo de no tener un sistema de venta en l\u00ednea, es que te encuentres en la fase de construcci\u00f3n de marca \u00abbranding\u00bb. Si es as\u00ed, entonces primero necesitas conseguir tr\u00e1fico a tu sitio, fidelizar a tus visitantes; Construir credibilidad y dar una imagen de profesionalismo que inspire confianza en tu trabajo. Para ello debes ofrecer valor a quienes te visitan, obsequios, cursos gratuitos, darles una buena raz\u00f3n para que vuelvan, y te recomienden, hasta que puedas conformar una masa cr\u00edtica suficiente para comenzar a difundir y ofrecer tus productos y\/o servicios. Siempre recuerda que nadie te comprar\u00e1 nada si no das una imagen de confianza y profesionalismo.<\/p>\n<h2>Vender Online<\/h2>\n<p>Cumplida esa etapa, necesariamente debes contemplar en tu estrategia comercial, la instalaci\u00f3n de un sistema de cobro en l\u00ednea. Ello te permitir\u00e1 complementar las acciones de tu negocio offline. Para instrumentar un sistema de venta online, debes acondicionar tu web adecuadamente. Tienes que adaptar el dise\u00f1o a un sitio de ventas, con un sistema de navegaci\u00f3n sencillo. No coloques demasiados gr\u00e1ficos que distraigan al navegante. Incopora un cat\u00e1logo de productos y servicios y una carta de ventas atractiva. Y aseg\u00fararte de ofrecer todas las garant\u00edas a los clientes tanto en la seguridad como en la confidencialidad de los datos que ellos deben suministrar para efectuar la transacci\u00f3n. Puedes adquirir un certificado de servidor seguro (SSL). O tambi\u00e9n contratar los servicios de empresas con respaldo internacional para que te provean del servicio. Esto \u00faltimo se denomina gesti\u00f3n delegada de los servicios TIC.<\/p>\n<h2>Tecnolog\u00eda bien aplicada en el marketing online<\/h2>\n<p>Tal vez debas realizar alguna inversi\u00f3n en tecnolog\u00eda. Solo piensa un instante en cu\u00e1nto invierten muchas empresas para el dise\u00f1o de su sitio web, incorporando tecnolog\u00eda de \u00faltima generaci\u00f3n. Y de pronto&#8230; ingresas al sitio y no hay una sola opci\u00f3n de compra. La cuesti\u00f3n es muy clara. Si no tienes una Carta de Ventas, no hay un vendedor en tu negocio. Si no tienes un Sistema de Cobro en L\u00ednea, no hay un cobrador en tu empresa. Piensa que ocurrir\u00eda con un negocio tradicional que prescindiera de ambas funciones. Si tienes un negocio y\/o empresa del tipo tienda, librer\u00eda, supermercado, bazar, te encuentras en un nicho de mercado ideal para la instrumentaci\u00f3n de un sistema de cobro online. Con adecuadas <a href=\"https:\/\/www.antevenio.com\/blog\/2017\/10\/12-pasos-para-una-estrategia-de-marketing-online\/\" target=\"_blank\" rel=\"noopener noreferrer\">estrategias de marketing<\/a> y promoci\u00f3n ver\u00e1s que tus ventas se incrementar\u00e1n dram\u00e1ticamente.<\/p>\n<p>Recuerda que la tecnolog\u00eda bien aplicada es una herramienta fundamental para el \u00e9xito de tu marketing en internet. Por tanto si a\u00fan no dispones de un sistema de cobro en l\u00ednea, pi\u00e9nsalo. Compara, investiga, y act\u00faa. Te sorprender\u00e1s de los resultados.<\/p>\n<p>(*) Director de Marketing en Red<\/p>\n<p>Te puede interesar profundizar en procesos de\u00a0<a href=\"https:\/\/www.marketingenred.net\/marketing-en-internet\/transformacion-digital-de-las-empresas\/\" target=\"_blank\" rel=\"noopener noreferrer\">Transformaci\u00f3n Digital<\/a> que te permitan aprender a incorporar tecnolog\u00eda para la mejora de los procesos comerciales en tu negocio.<\/p>\n","protected":false},"excerpt":{"rendered":"<p>La importancia de la tecnolog\u00eda en el Marketing Online. Por Dar\u00edo Le\u00f3n Mendiondo (*). Algunas<\/p>\n","protected":false},"author":1,"featured_media":0,"parent":0,"menu_order":0,"comment_status":"closed","ping_status":"closed","template":"","meta":{"om_disable_all_campaigns":false,"_monsterinsights_skip_tracking":false,"_monsterinsights_sitenote_active":false,"_monsterinsights_sitenote_note":"","_monsterinsights_sitenote_category":0,"_uf_show_specific_survey":0,"_uf_disable_surveys":false,"spay_email":"","twitterCardType":"summary_large_image","cardImageID":0,"cardImage":"http:\/\/www.marketingenred.net\/marketing-en-internet\/wp-content\/uploads\/2018\/01\/p_061.jpg","cardTitle":"","cardDesc":"","cardImageAlt":"","cardPlayer":"","cardPlayerWidth":0,"cardPlayerHeight":0,"cardPlayerStream":"","cardPlayerCodec":"","footnotes":""},"class_list":["post-118","page","type-page","status-publish","hentry"],"jetpack_sharing_enabled":false,"jetpack_shortlink":"https:\/\/wp.me\/P9wWBy-1U","jetpack_likes_enabled":false,"jetpack-related-posts":[{"id":144,"url":"https:\/\/www.marketingenred.net\/marketing-en-internet\/marketing-de-servicios\/","url_meta":{"origin":118,"position":0},"title":"Marketing de Servicios: 3 Pasos Esenciales para Vender Servicios Online","date":"6 noviembre, 2011","format":false,"excerpt":"Qu\u00e9 es el Marketing de Servicios (*) Por Miguel \u00c1ngel de Alz\u00e1a. Los SERVICIOS ocupan el espacio m\u00e1s grande en el mundo de los negocios y a la vez, los servicios son la oportunidad de negocios m\u00e1s pasada por alto en Internet. Pero si usted ofreciera sus servicios online, t\u00e9ngalo\u2026","rel":"","context":"Entrada similar","img":{"alt_text":"","src":"","width":0,"height":0},"classes":[]},{"id":174,"url":"https:\/\/www.marketingenred.net\/marketing-en-internet\/marketing-en-internet-y-marketing-online\/","url_meta":{"origin":118,"position":1},"title":"Marketing en Internet","date":"29 diciembre, 2011","format":false,"excerpt":"C\u00f3mo hacer Marketing en Internet. Por Dar\u00edo Le\u00f3n Mendiondo (*). Caracter\u00edsticas y Tipos del Marketing Online. Similitudes y Diferencias entre el Marketing en Internet y el Marketing Tradicional. En este t\u00f3pico te explicamos como funcionan algunos de los canales m\u00e1s importantes del marketing digital, para que te familiarices con los\u2026","rel":"","context":"Entrada similar","img":{"alt_text":"","src":"","width":0,"height":0},"classes":[]},{"id":170,"url":"https:\/\/www.marketingenred.net\/marketing-en-internet\/descubra-el-poder-del-email-marketing\/","url_meta":{"origin":118,"position":2},"title":"El poder del email marketing","date":"9 noviembre, 2011","format":false,"excerpt":"\u00bfQui\u00e9n puede practicar el email marketing? Por Jonathan Baldovino (*). Mito: Solo empresas u organizaciones con grandes presupuestos, enormes bases de datos y con un departamento de comunicaci\u00f3n o marketing pueden hacerlo. Realidad: Cualquier persona, pyme, mediana o gran empresa puede hacerlo. Sin importar el tama\u00f1o de su base de\u2026","rel":"","context":"Entrada similar","img":{"alt_text":"","src":"","width":0,"height":0},"classes":[]},{"id":125,"url":"https:\/\/www.marketingenred.net\/marketing-en-internet\/marketing-directo-ejemplos\/","url_meta":{"origin":118,"position":3},"title":"Marketing Directo Ejemplos","date":"6 noviembre, 2011","format":false,"excerpt":"C\u00f3mo hacer Marketing Directo Su relaci\u00f3n con la Publicidad, la Promoci\u00f3n y la Venta. La publicidad, sea gr\u00e1fica, en v\u00eda p\u00fablica, internet y\/o trav\u00e9s de los medios masivos de comunicaci\u00f3n, es una herramienta muy potente cuando se combina con acciones de promoci\u00f3n y ventas, dirigidas a segmentos espec\u00edficos. Marketing Personal\u2026","rel":"","context":"Entrada similar","img":{"alt_text":"","src":"","width":0,"height":0},"classes":[]},{"id":2,"url":"https:\/\/www.marketingenred.net\/marketing-en-internet\/mision-vision-valores\/","url_meta":{"origin":118,"position":4},"title":"Misi\u00f3n, Visi\u00f3n y Valores Corporativos","date":"5 enero, 2018","format":false,"excerpt":"Nuestra Misi\u00f3n y Visi\u00f3n Marketing en Red est\u00e1 presente en Internet desde 2004 y es parte de una Red de sitios sobre diversas tem\u00e1ticas de actualidad. En tal sentido, su objetivo es fomentar el desarrollo emprendedor. En la actualidad, Marketing en Red es una Agencia de Servicios Digitales. Y tambi\u00e9n\u2026","rel":"","context":"Entrada similar","img":{"alt_text":"","src":"","width":0,"height":0},"classes":[]},{"id":172,"url":"https:\/\/www.marketingenred.net\/marketing-en-internet\/como-mejorar-la-tasa-de-respuesta\/","url_meta":{"origin":118,"position":5},"title":"C\u00f3mo Mejorar la Tasa de Respuesta","date":"9 noviembre, 2011","format":false,"excerpt":"La importancia de la Tasa de Respuesta en las campa\u00f1as de marketing \u00datiles consejos para mejorar la Tasa de respuesta en tus comunicaciones. Por Miguel Angel De Alz\u00e1a (*). 6 Tips para definir tu Respuesta M\u00e1s Buscada y Hacer que Tus Lectores Hagan lo que T\u00fa Quieres que Hagan. \u00bfCu\u00e1l\u2026","rel":"","context":"Entrada similar","img":{"alt_text":"","src":"","width":0,"height":0},"classes":[]}],"_links":{"self":[{"href":"https:\/\/www.marketingenred.net\/marketing-en-internet\/wp-json\/wp\/v2\/pages\/118"}],"collection":[{"href":"https:\/\/www.marketingenred.net\/marketing-en-internet\/wp-json\/wp\/v2\/pages"}],"about":[{"href":"https:\/\/www.marketingenred.net\/marketing-en-internet\/wp-json\/wp\/v2\/types\/page"}],"author":[{"embeddable":true,"href":"https:\/\/www.marketingenred.net\/marketing-en-internet\/wp-json\/wp\/v2\/users\/1"}],"replies":[{"embeddable":true,"href":"https:\/\/www.marketingenred.net\/marketing-en-internet\/wp-json\/wp\/v2\/comments?post=118"}],"version-history":[{"count":9,"href":"https:\/\/www.marketingenred.net\/marketing-en-internet\/wp-json\/wp\/v2\/pages\/118\/revisions"}],"predecessor-version":[{"id":778,"href":"https:\/\/www.marketingenred.net\/marketing-en-internet\/wp-json\/wp\/v2\/pages\/118\/revisions\/778"}],"wp:attachment":[{"href":"https:\/\/www.marketingenred.net\/marketing-en-internet\/wp-json\/wp\/v2\/media?parent=118"}],"curies":[{"name":"wp","href":"https:\/\/api.w.org\/{rel}","templated":true}]}}