{"id":120,"date":"2011-08-28T19:41:23","date_gmt":"2011-08-28T19:41:23","guid":{"rendered":"http:\/\/www.marketingenred.net\/marketing-en-internet\/6-tips-para-construir-una-relacion-de-confianza-con-tus-prospectos-y-clientes\/"},"modified":"2020-11-08T17:57:47","modified_gmt":"2020-11-08T17:57:47","slug":"marketing-relacional","status":"publish","type":"page","link":"https:\/\/www.marketingenred.net\/marketing-en-internet\/marketing-relacional\/","title":{"rendered":"Qu\u00e9 es el Marketing Relacional o Marketing de Relaciones"},"content":{"rendered":"<figure id=\"attachment_324\" aria-describedby=\"caption-attachment-324\" style=\"width: 150px\" class=\"wp-caption alignleft\"><img loading=\"lazy\" decoding=\"async\" data-attachment-id=\"324\" data-permalink=\"https:\/\/www.marketingenred.net\/marketing-en-internet\/marketing-relacional\/cafe3-09-09\/\" data-orig-file=\"https:\/\/i1.wp.com\/www.marketingenred.net\/marketing-en-internet\/wp-content\/uploads\/2018\/01\/cafe3-09-09.jpg?fit=640%2C480&amp;ssl=1\" data-orig-size=\"640,480\" data-comments-opened=\"1\" data-image-meta=\"{&quot;aperture&quot;:&quot;0&quot;,&quot;credit&quot;:&quot;&quot;,&quot;camera&quot;:&quot;&quot;,&quot;caption&quot;:&quot;&quot;,&quot;created_timestamp&quot;:&quot;0&quot;,&quot;copyright&quot;:&quot;&quot;,&quot;focal_length&quot;:&quot;0&quot;,&quot;iso&quot;:&quot;0&quot;,&quot;shutter_speed&quot;:&quot;0&quot;,&quot;title&quot;:&quot;&quot;,&quot;orientation&quot;:&quot;0&quot;}\" data-image-title=\"Qu\u00e9 es el Marketing Relacional\" data-image-description=\"&lt;p&gt;6 tips para construir una relaci\u00f3n de confianza con tus prospectos y clientes&lt;\/p&gt;\n\" data-medium-file=\"https:\/\/i1.wp.com\/www.marketingenred.net\/marketing-en-internet\/wp-content\/uploads\/2018\/01\/cafe3-09-09.jpg?fit=300%2C225&amp;ssl=1\" data-large-file=\"https:\/\/i1.wp.com\/www.marketingenred.net\/marketing-en-internet\/wp-content\/uploads\/2018\/01\/cafe3-09-09.jpg?fit=640%2C480&amp;ssl=1\" class=\"size-thumbnail wp-image-324\" src=\"https:\/\/i0.wp.com\/www.marketingenred.net\/marketing-en-internet\/wp-content\/uploads\/2018\/01\/cafe3-09-09-150x150.jpg?resize=150%2C150\" alt=\"Marketing Relacional o Marketing de Relaciones\" width=\"150\" height=\"150\" srcset=\"https:\/\/i1.wp.com\/www.marketingenred.net\/marketing-en-internet\/wp-content\/uploads\/2018\/01\/cafe3-09-09.jpg?resize=150%2C150&amp;ssl=1 150w, https:\/\/i1.wp.com\/www.marketingenred.net\/marketing-en-internet\/wp-content\/uploads\/2018\/01\/cafe3-09-09.jpg?resize=400%2C400&amp;ssl=1 400w, https:\/\/i1.wp.com\/www.marketingenred.net\/marketing-en-internet\/wp-content\/uploads\/2018\/01\/cafe3-09-09.jpg?resize=50%2C50&amp;ssl=1 50w, https:\/\/i1.wp.com\/www.marketingenred.net\/marketing-en-internet\/wp-content\/uploads\/2018\/01\/cafe3-09-09.jpg?zoom=2&amp;resize=150%2C150&amp;ssl=1 300w, https:\/\/i1.wp.com\/www.marketingenred.net\/marketing-en-internet\/wp-content\/uploads\/2018\/01\/cafe3-09-09.jpg?zoom=3&amp;resize=150%2C150&amp;ssl=1 450w\" sizes=\"(max-width: 150px) 100vw, 150px\" data-recalc-dims=\"1\" \/><figcaption id=\"caption-attachment-324\" class=\"wp-caption-text\">Marketing Relacional<\/figcaption><\/figure>\n<h2>El Marketing Relacional y los Negocios en Internet.<\/h2>\n<p>Qu\u00e9 hacer cuando te piden informaci\u00f3n sobre tus servicios.<\/p>\n<p>Por Dar\u00edo Le\u00f3n Mendiondo (*).<\/p>\n<p>En los negocios por internet, est\u00e1 comprobado que las ventas ocurren cuando te has ganado la confianza del interesado. Esto sucede porque ya te conoce previamente, o porque construyes la confianza a partir de tus acciones.<\/p>\n<p>Este es un principio fundamental del marketing de relaciones (Customer Relationship Management) o Marketing Relacional.<\/p>\n<p><!--more--><\/p>\n<p>En tal sentido, deber\u00e1s interactuar unas cuantas veces con tu prospecto antes que \u00e9l decida establecer una relaci\u00f3n comercial contigo, a menos que alguien de su confianza te haya recomendado.<\/p>\n<p>Aqu\u00ed van algunos Tips sobre marketing relacional, que te ayudar\u00e1n a establecer una relaci\u00f3n de confianza con clientes y prospectos.<\/p>\n<h2>Marketing de Relaciones<\/h2>\n<p>1 &#8211; Cuando alguien te solicita informaci\u00f3n sobre tus productos y\/o servicios, no la env\u00edes toda de una sola vez. Dosif\u00edcala y conc\u00e9ntrate en lo m\u00e1s importante. A medida que les vas brindando m\u00e1s material, surgir\u00e1n dudas y preguntas. T\u00fa deber\u00e1s responder y hacerlo con prontitud y profesionalismo. Eso te ayudar\u00e1 a interactuar, establecer una relaci\u00f3n y construir confianza.<\/p>\n<p>2- No cometas el t\u00edpico error de \u00abtabular\u00bb las respuestas. Mucha gente acostumbra a juntar todas las direcciones de correo y enviar un mensaje del estilo \u00bb Adjunto, te env\u00edo la informaci\u00f3n que solicitaste. Cualquier duda, quedo a tus \u00f3rdenes \u00bb<\/p>\n<p>Esto resulta muy eficiente para dar una respuesta inmediata, pero muy poco eficaz. Las personas necesitan una atenci\u00f3n personalizada y a todos nos gusta que nos traten con exclusividad. Es una tarea que insume tiempo, pero te garantizo que ser\u00e1s recompensado. Incluso, si finalmente la persona decide no realizar negocios contigo en esta oportunidad, seguramente te tendr\u00e1 en cuenta para futuros contactos.<\/p>\n<p>Por eso, debes construir tu imagen desde el inicio.<\/p>\n<p>3 &#8211; Trata de agendar una conversaci\u00f3n de voz v\u00eda meet, zoom o skype, en un horario conveniente para tu prospecto. Eso ayuda a \u00abromper la frialdad\u00bb de una comunicaci\u00f3n epistolar y permite adelantar camino ya que hay un intercambio en tiempo real. Si tienes muchos interesados, puedes hacer presentaciones en una Sala Virtual, eso ayuda a construir una imagen profesional y transmite credibilidad.<\/p>\n<p>Si tienes posibilidades de comunicarte por tel\u00e9fono, mejor a\u00fan, aunque obviamente esto depender\u00e1 de las posibilidades de coincidir en los usos horarios para no hacer llamadas en horarios impropios ( estamos hablando de negocios a nivel mundial, no solamente en \u00e1reas regionales o locales ) y obviamente, de tu presupuesto.<\/p>\n<h2>El Marketing Relacional Crea Confianza<\/h2>\n<p>4 &#8211; No te apures a cerrar el negocio. El prospecto manifest\u00f3 su inter\u00e9s al solicitarte informaci\u00f3n. Si ya has establecido un v\u00ednculo es porque contin\u00faa interesado. El quiere saber m\u00e1s de ti y espera encontrar respuestas a todas sus dudas. Solo despu\u00e9s que haya evacuado sus inquietudes, estar\u00e1 listo para entrar en el negocio.<\/p>\n<p>5 &#8211; H\u00e1blale del negocio y\/o producto, pero cu\u00e9ntale de ti tambi\u00e9n, de tu rutina diaria y quehaceres. A la gente le gusta saber que del otro lado de la computadora, adem\u00e1s de un vendedor o vendedora, hay una persona que tambi\u00e9n tiene actividades, horarios, familia y amigos.<\/p>\n<p>6 &#8211; Responde r\u00e1pidamente, si lo haces por e-mail no deber\u00edas demorar m\u00e1s de un d\u00eda en contestar. No utilices autorresponders. La gente odia las respuestas de robots. Los autorresponders son muy \u00fatiles para otro tipo de acciones de marketing.<\/p>\n<p>Luego que hayas establecido una relaci\u00f3n personal, habr\u00e1s construido la confianza necesaria para avanzar en una relaci\u00f3n comercial.<\/p>\n<p>Recuerda que T\u00fa tienes el negocio para que la persona interesada pueda crecer contigo; conoces el producto para brindarle todo el asesoramiento que necesite; tambi\u00e9n est\u00e1s dispuesto a guiarlo en su actividad comercial; pero la decisi\u00f3n no es tuya&#8230; En ese sentido debes ayudar a tu potencial cliente a que tome la decisi\u00f3n.<\/p>\n<h2>Software CRM<\/h2>\n<p>Para ello, \u00e9l debe estar seguro de ti y de tu profesionalismo, de tu conocimiento del negocio, de tu capacidad para guiarlo y asesorarlo en sus acciones comerciales. Finalmente, considera adquirir un <a href=\"https:\/\/www.hubspot.es\/products\/crm\" target=\"_blank\" rel=\"noopener noreferrer\">software CRM<\/a> para planificar, ejecutar y medir el resultado de tus campa\u00f1as. Esto te permitir\u00e1 detectar que es lo que mejor funciona, implementar test A\/B e identificar con exactitud cuales son las preferencias de tus contactos.<\/p>\n<p>Y recuerda! El Arte del marketing relacional consiste en establecer relaciones duraderas, personales y de mutuo beneficio con tus contactos y clientes. Eso implica un alto nivel de personalizaci\u00f3n en tus comunicaciones.<\/p>\n<p>(*) Director de Marketing en Red<\/p>\n<p>Ver Tambi\u00e9n: <a href=\"http:\/\/www.marketingenred.net\/marketing-en-internet\/como-crear-un-producto-y-o-servicio\/\">C\u00f3mo Crear un Producto y\/o Servicio<\/a><\/p>\n","protected":false},"excerpt":{"rendered":"<p>El Marketing Relacional y los Negocios en Internet. Qu\u00e9 hacer cuando te piden informaci\u00f3n sobre<\/p>\n","protected":false},"author":1,"featured_media":0,"parent":0,"menu_order":0,"comment_status":"closed","ping_status":"closed","template":"","meta":{"om_disable_all_campaigns":false,"_monsterinsights_skip_tracking":false,"_monsterinsights_sitenote_active":false,"_monsterinsights_sitenote_note":"","_monsterinsights_sitenote_category":0,"_uf_show_specific_survey":0,"_uf_disable_surveys":false,"spay_email":"","twitterCardType":"summary_large_image","cardImageID":0,"cardImage":"http:\/\/www.marketingenred.net\/marketing-en-internet\/wp-content\/uploads\/2018\/01\/cafe3-09-09.jpg","cardTitle":"","cardDesc":"","cardImageAlt":"","cardPlayer":"","cardPlayerWidth":0,"cardPlayerHeight":0,"cardPlayerStream":"","cardPlayerCodec":"","footnotes":""},"class_list":["post-120","page","type-page","status-publish","hentry"],"jetpack_sharing_enabled":false,"jetpack_shortlink":"https:\/\/wp.me\/P9wWBy-1W","jetpack_likes_enabled":false,"jetpack-related-posts":[{"id":174,"url":"https:\/\/www.marketingenred.net\/marketing-en-internet\/marketing-en-internet-y-marketing-online\/","url_meta":{"origin":120,"position":0},"title":"Marketing en Internet","date":"29 diciembre, 2011","format":false,"excerpt":"C\u00f3mo hacer Marketing en Internet. Por Dar\u00edo Le\u00f3n Mendiondo (*). Caracter\u00edsticas y Tipos del Marketing Online. Similitudes y Diferencias entre el Marketing en Internet y el Marketing Tradicional. En este t\u00f3pico te explicamos como funcionan algunos de los canales m\u00e1s importantes del marketing digital, para que te familiarices con los\u2026","rel":"","context":"Entrada similar","img":{"alt_text":"","src":"","width":0,"height":0},"classes":[]},{"id":949,"url":"https:\/\/www.marketingenred.net\/marketing-en-internet\/","url_meta":{"origin":120,"position":1},"title":"Marketing en Red. El arte del Marketing Digital","date":"15 noviembre, 2020","format":false,"excerpt":"Aplicaciones del Marketing En Marketing en Red puedes consultar las \u00faltimas novedades sobre Marketing Digital El e-mail Marketing, en la era del Social Media.\u00bfSabes lo que es el market share? Es tu porci\u00f3n de la torta!Aplicaci\u00f3n del SEO y SEM para Posicionamiento.Estrategias de Marketing en Internet. Estrategias de Marketing en\u2026","rel":"","context":"Entrada similar","img":{"alt_text":"marketing en red","src":"https:\/\/i1.wp.com\/www.marketingenred.net\/marketing-en-internet\/wp-content\/uploads\/2020\/11\/pexels-photo-2433164.jpeg?fit=1200%2C800&ssl=1&resize=350%2C200","width":350,"height":200},"classes":[]},{"id":118,"url":"https:\/\/www.marketingenred.net\/marketing-en-internet\/marketing-online\/","url_meta":{"origin":120,"position":2},"title":"Marketing Online. La tecnolog\u00eda es clave.","date":"27 agosto, 2011","format":false,"excerpt":"La importancia de la tecnolog\u00eda en el Marketing Online. Por Dar\u00edo Le\u00f3n Mendiondo (*). Algunas Empresas registran sus mayores ingresos a trav\u00e9s de la venta online. Sin Embargo, la gran mayor\u00eda, a\u00fan no advierte la importancia de establecer una estrategia hacia segmentos del mercado que concentran gran poder adquisitivo. A\u2026","rel":"","context":"Entrada similar","img":{"alt_text":"","src":"","width":0,"height":0},"classes":[]},{"id":172,"url":"https:\/\/www.marketingenred.net\/marketing-en-internet\/como-mejorar-la-tasa-de-respuesta\/","url_meta":{"origin":120,"position":3},"title":"C\u00f3mo Mejorar la Tasa de Respuesta","date":"9 noviembre, 2011","format":false,"excerpt":"La importancia de la Tasa de Respuesta en las campa\u00f1as de marketing \u00datiles consejos para mejorar la Tasa de respuesta en tus comunicaciones. Por Miguel Angel De Alz\u00e1a (*). 6 Tips para definir tu Respuesta M\u00e1s Buscada y Hacer que Tus Lectores Hagan lo que T\u00fa Quieres que Hagan. \u00bfCu\u00e1l\u2026","rel":"","context":"Entrada similar","img":{"alt_text":"","src":"","width":0,"height":0},"classes":[]},{"id":176,"url":"https:\/\/www.marketingenred.net\/marketing-en-internet\/analisis-foda-ejemplos\/","url_meta":{"origin":120,"position":4},"title":"An\u00e1lisis Foda Ejemplos","date":"23 abril, 2012","format":false,"excerpt":"C\u00f3mo hacer un An\u00e1lisis FODA. Por Dar\u00edo Le\u00f3n Mendiondo (*). El an\u00e1lisis FODA es una metodolog\u00eda de estudio de la situaci\u00f3n de una empresa determinada. Se tienen en cuenta sus aspectos internos, los que denominamos Debilidades y Fortalezas. Y tambi\u00e9n los aspectos externos, a los que llamamos Amenazas y Oportunidades,\u2026","rel":"","context":"Entrada similar","img":{"alt_text":"","src":"","width":0,"height":0},"classes":[]},{"id":464,"url":"https:\/\/www.marketingenred.net\/marketing-en-internet\/asesoramiento-pymes\/","url_meta":{"origin":120,"position":5},"title":"Asesoramiento PYMES","date":"13 febrero, 2018","format":false,"excerpt":"Servicios Pymes Los servicios de asesoramiento pymes (Micro, Peque\u00f1as y Medianas Empresas), en general est\u00e1n bastante diversificados. En ese sentido, se observa una oferta variada en materia de: Acceso a financiamiento colectivo (Crowdfunding). Elaboraci\u00f3n de Planes de Negocios. Dise\u00f1o de Planes de Marketing. Investigaci\u00f3n de Mercado. Asesoramiento Legal y Contable.\u2026","rel":"","context":"Entrada similar","img":{"alt_text":"","src":"","width":0,"height":0},"classes":[]}],"_links":{"self":[{"href":"https:\/\/www.marketingenred.net\/marketing-en-internet\/wp-json\/wp\/v2\/pages\/120"}],"collection":[{"href":"https:\/\/www.marketingenred.net\/marketing-en-internet\/wp-json\/wp\/v2\/pages"}],"about":[{"href":"https:\/\/www.marketingenred.net\/marketing-en-internet\/wp-json\/wp\/v2\/types\/page"}],"author":[{"embeddable":true,"href":"https:\/\/www.marketingenred.net\/marketing-en-internet\/wp-json\/wp\/v2\/users\/1"}],"replies":[{"embeddable":true,"href":"https:\/\/www.marketingenred.net\/marketing-en-internet\/wp-json\/wp\/v2\/comments?post=120"}],"version-history":[{"count":14,"href":"https:\/\/www.marketingenred.net\/marketing-en-internet\/wp-json\/wp\/v2\/pages\/120\/revisions"}],"predecessor-version":[{"id":786,"href":"https:\/\/www.marketingenred.net\/marketing-en-internet\/wp-json\/wp\/v2\/pages\/120\/revisions\/786"}],"wp:attachment":[{"href":"https:\/\/www.marketingenred.net\/marketing-en-internet\/wp-json\/wp\/v2\/media?parent=120"}],"curies":[{"name":"wp","href":"https:\/\/api.w.org\/{rel}","templated":true}]}}