{"id":122,"date":"2011-11-04T02:22:46","date_gmt":"2011-11-04T02:22:46","guid":{"rendered":"http:\/\/www.marketingenred.net\/marketing-en-internet\/como-se-propagan-los-virus-en-internet\/"},"modified":"2020-11-08T16:10:03","modified_gmt":"2020-11-08T16:10:03","slug":"como-se-propagan-los-virus-en-internet","status":"publish","type":"page","link":"https:\/\/www.marketingenred.net\/marketing-en-internet\/como-se-propagan-los-virus-en-internet\/","title":{"rendered":"Como se propagan los virus en Internet"},"content":{"rendered":"<figure id=\"attachment_381\" aria-describedby=\"caption-attachment-381\" style=\"width: 150px\" class=\"wp-caption alignleft\"><img loading=\"lazy\" decoding=\"async\" data-attachment-id=\"381\" data-permalink=\"https:\/\/www.marketingenred.net\/marketing-en-internet\/como-se-propagan-los-virus-en-internet\/002_13\/\" data-orig-file=\"https:\/\/i1.wp.com\/www.marketingenred.net\/marketing-en-internet\/wp-content\/uploads\/2018\/01\/002_13.jpg?fit=270%2C283&amp;ssl=1\" data-orig-size=\"270,283\" data-comments-opened=\"1\" data-image-meta=\"{&quot;aperture&quot;:&quot;0&quot;,&quot;credit&quot;:&quot;&quot;,&quot;camera&quot;:&quot;&quot;,&quot;caption&quot;:&quot;&quot;,&quot;created_timestamp&quot;:&quot;0&quot;,&quot;copyright&quot;:&quot;&quot;,&quot;focal_length&quot;:&quot;0&quot;,&quot;iso&quot;:&quot;0&quot;,&quot;shutter_speed&quot;:&quot;0&quot;,&quot;title&quot;:&quot;&quot;,&quot;orientation&quot;:&quot;0&quot;}\" data-image-title=\"C\u00f3mo se propagan los virus en internet\" data-image-description=\"&lt;p&gt;Cosas que hay que saber acerca de los Virus en Internet&lt;\/p&gt;\n\" data-medium-file=\"https:\/\/i1.wp.com\/www.marketingenred.net\/marketing-en-internet\/wp-content\/uploads\/2018\/01\/002_13.jpg?fit=270%2C283&amp;ssl=1\" data-large-file=\"https:\/\/i1.wp.com\/www.marketingenred.net\/marketing-en-internet\/wp-content\/uploads\/2018\/01\/002_13.jpg?fit=270%2C283&amp;ssl=1\" class=\"size-thumbnail wp-image-381\" src=\"https:\/\/i0.wp.com\/www.marketingenred.net\/marketing-en-internet\/wp-content\/uploads\/2018\/01\/002_13-150x150.jpg?resize=150%2C150\" alt=\"Los Virus en Internet. C\u00f3mo se propagan\" width=\"150\" height=\"150\" srcset=\"https:\/\/i1.wp.com\/www.marketingenred.net\/marketing-en-internet\/wp-content\/uploads\/2018\/01\/002_13.jpg?resize=150%2C150&amp;ssl=1 150w, https:\/\/i1.wp.com\/www.marketingenred.net\/marketing-en-internet\/wp-content\/uploads\/2018\/01\/002_13.jpg?resize=50%2C50&amp;ssl=1 50w\" sizes=\"(max-width: 150px) 100vw, 150px\" data-recalc-dims=\"1\" \/><figcaption id=\"caption-attachment-381\" class=\"wp-caption-text\">Virus en Internet<\/figcaption><\/figure>\n<h2>Virus en Internet<\/h2>\n<p>Algunas cosas que debes saber.<\/p>\n<p>Por Dar\u00edo Leon Mendiondo (*).<\/p>\n<p>La proliferaci\u00f3n de los virus inform\u00e1ticos se ha convertido en una verdadera pesadilla por estos tiempos. Atendiendo a numerosas consultas sobre el tema, te explicaremos brevemente porqu\u00e9 a veces tu direcci\u00f3n de correo electr\u00f3nico figura como remitente en mensajes que contienen virus. Aunque t\u00fa no lo hayas enviado y tu PC tenga una adecuada protecci\u00f3n.<\/p>\n<h2>C\u00f3mo se Propagan los Virus en Internet.<\/h2>\n<p>Es importante se\u00f1alar que cuando un ordenador conectado a Internet fue infectado por un virus o gusano, desde all\u00ed se pueden enviar mensajes infectados con las direcciones de correo de los remitentes falsificadas. Para ello, se utiliza la libreta de direcciones que posee el usuario de dicho ordenador.<\/p>\n<p>Si tu Direcci\u00f3n figura en dicho ordenador, alguno de los mensajes infectados pueden salir con tu Direcci\u00f3n como remitente. Por eso vemos que a veces estos mensajes que contienen virus, tienen las direcciones falsificadas de gente que conocemos, amigos, contactos, etc.<\/p>\n<p>Ese mensaje infectado por un virus inform\u00e1tico y que aparentemente fue enviado por ti, es detectado por el antivirus de la estafetas de correo de la organizaci\u00f3n del destinatario del mensaje infectado. Puede ser alguien que te conoce, por ejemplo.<\/p>\n<p>El antivirus de la organizaci\u00f3n de destino env\u00eda una notificaci\u00f3n de detecci\u00f3n al remitente del mensaje infectado ( T\u00fa ). En esa situaci\u00f3n, es normal que tu amigo\/a, contacto o familiar, te avise que enviaste un virus. Y tambi\u00e9n puede suceder que si el receptor es alguien que no te conoce, te env\u00ede un mensaje en un tono menos amistoso.<\/p>\n<p>Estos correos\u00a0 simulan que fueron enviados desde una determinada direcci\u00f3n. Por eso se propagan con tanta facilidad, ya que el remitente cree que viene de una direcci\u00f3n de su lista. Habitualmente tienen una presentaci\u00f3n sospechosa ( vienen sin asunto, con adjuntos en .zip .uu .rar .exe etc. ). Por lo tanto la mejor forma de evitar que un ordenador sea infectado, es NO ABRIR LOS ADJUNTOS BAJO NINGUNA CIRCUNSTANCIA. A menos que est\u00e9s esperando un archivo espec\u00edfico que conozcas. Y a\u00fan as\u00ed es recomendable escanearlo con el antivirus previamente.<\/p>\n<h3>Prevenir la Infecci\u00f3n<\/h3>\n<p>De todos modos, aunque est\u00e9s absolutamente seguro de que tu PC no est\u00e1 infectada por un virus inform\u00e1tico, cuando alguien te avisa de un posible virus, t\u00f3mate unos minutos y escanea tu PC nuevamente. Nunca est\u00e1 de m\u00e1s hacerlo.<\/p>\n<p>Para prevenir que los virus entrantes infecten tu computadora, tambi\u00e9n puedes filtrar los adjuntos. Para ello, configura el programa de correo de modo de no permitir la recepci\u00f3n de mensajes con archivos adjuntos. A su vez, ten cuidado si bajas tus correos mediante el Outlook, con el Panel de Vista Previa ( que divide la ventana donde aparecen los mensajes, y permite una visualizaci\u00f3n parcial del mensaje ). Si por alguna raz\u00f3n tu antivirus no est\u00e1 actualizado, desactiva esa opci\u00f3n de visualizaci\u00f3n antes de conectarte.<\/p>\n<p>Finalmente, crea una Regla para la recepci\u00f3n de mensajes con adjuntos o asigna un color ( rojo por ejemplo ) para detectarlos f\u00e1cilmente y mantenerte alerta.<\/p>\n<p>En conclusi\u00f3n, debes extremar los cuidados permanentemente para evitar males mayores. Actualiza diariamente tu <a href=\"https:\/\/www.avast.com\/es-es\/c-computer-virus\" target=\"_blank\" rel=\"noopener noreferrer\">antivirus.<\/a>\u00a0As\u00ed podr\u00e1s mantener protegida tu laptop, pc, tablet o smartphone de cualquier tipo de amenazas, malware y spyware. Cuanto mayor sea el nivel de protecci\u00f3n, mayores ser\u00e1n las garant\u00edas de que tus comunicaciones est\u00e1n limpias y libres de virus.<\/p>\n<p>(*) Director Ejecutivo de Marketing en Red<\/p>\n<p>La seguridad inform\u00e1tica es una tarea cr\u00edtica de tus estrategias de\u00a0<a href=\"https:\/\/www.marketingenred.net\/marketing-en-internet\/introduccion-al-marketing-en-internet-y-marketing-online\/\" target=\"_blank\" rel=\"noopener noreferrer\">Marketing en Internet<\/a>. Por eso debes prevenir infecciones de virus en internet tambi\u00e9n contribuir\u00e1 a construir una s\u00f3lida reputaci\u00f3n de tu marca y confiabilidad. Ello es imprescindible en estos tiempos tan competitivos.<\/p>\n","protected":false},"excerpt":{"rendered":"<p>Virus en Internet Algunas cosas que debes saber. Por Dar\u00edo Leon Mendiondo (*). La proliferaci\u00f3n<\/p>\n","protected":false},"author":1,"featured_media":0,"parent":0,"menu_order":0,"comment_status":"closed","ping_status":"closed","template":"","meta":{"om_disable_all_campaigns":false,"_monsterinsights_skip_tracking":false,"_monsterinsights_sitenote_active":false,"_monsterinsights_sitenote_note":"","_monsterinsights_sitenote_category":0,"_uf_show_specific_survey":0,"_uf_disable_surveys":false,"spay_email":"","twitterCardType":"summary_large_image","cardImageID":0,"cardImage":"http:\/\/www.marketingenred.net\/marketing-en-internet\/wp-content\/uploads\/2018\/01\/002_13.jpg","cardTitle":"","cardDesc":"","cardImageAlt":"","cardPlayer":"","cardPlayerWidth":0,"cardPlayerHeight":0,"cardPlayerStream":"","cardPlayerCodec":"","footnotes":""},"class_list":["post-122","page","type-page","status-publish","hentry"],"jetpack_sharing_enabled":false,"jetpack_shortlink":"https:\/\/wp.me\/P9wWBy-1Y","jetpack_likes_enabled":false,"jetpack-related-posts":[{"id":171,"url":"https:\/\/www.marketingenred.net\/marketing-en-internet\/cliente-ideal\/","url_meta":{"origin":122,"position":0},"title":"C\u00f3mo llegar a nuestro cliente ideal y potenciales clientes","date":"9 noviembre, 2011","format":false,"excerpt":"Aspectos que debemos considerar al gestionar nuestras comunicaciones para saber c\u00f3mo conseguir el cliente ideal. Por M\u00f3nica Calzia (*) El cliente ideal es aquel que se encuentra satisfecho con tu producto o servicio y tambi\u00e9n con su precio. Act\u00faa como un promotor espont\u00e1neo, lo cual mejora positivamente tu reputaci\u00f3n y\u2026","rel":"","context":"Entrada similar","img":{"alt_text":"","src":"","width":0,"height":0},"classes":[]},{"id":174,"url":"https:\/\/www.marketingenred.net\/marketing-en-internet\/marketing-en-internet-y-marketing-online\/","url_meta":{"origin":122,"position":1},"title":"Marketing en Internet","date":"29 diciembre, 2011","format":false,"excerpt":"C\u00f3mo hacer Marketing en Internet. Por Dar\u00edo Le\u00f3n Mendiondo (*). Caracter\u00edsticas y Tipos del Marketing Online. Similitudes y Diferencias entre el Marketing en Internet y el Marketing Tradicional. En este t\u00f3pico te explicamos como funcionan algunos de los canales m\u00e1s importantes del marketing digital, para que te familiarices con los\u2026","rel":"","context":"Entrada similar","img":{"alt_text":"","src":"","width":0,"height":0},"classes":[]},{"id":172,"url":"https:\/\/www.marketingenred.net\/marketing-en-internet\/como-mejorar-la-tasa-de-respuesta\/","url_meta":{"origin":122,"position":2},"title":"C\u00f3mo Mejorar la Tasa de Respuesta","date":"9 noviembre, 2011","format":false,"excerpt":"La importancia de la Tasa de Respuesta en las campa\u00f1as de marketing \u00datiles consejos para mejorar la Tasa de respuesta en tus comunicaciones. Por Miguel Angel De Alz\u00e1a (*). 6 Tips para definir tu Respuesta M\u00e1s Buscada y Hacer que Tus Lectores Hagan lo que T\u00fa Quieres que Hagan. \u00bfCu\u00e1l\u2026","rel":"","context":"Entrada similar","img":{"alt_text":"","src":"","width":0,"height":0},"classes":[]},{"id":170,"url":"https:\/\/www.marketingenred.net\/marketing-en-internet\/descubra-el-poder-del-email-marketing\/","url_meta":{"origin":122,"position":3},"title":"El poder del email marketing","date":"9 noviembre, 2011","format":false,"excerpt":"\u00bfQui\u00e9n puede practicar el email marketing? Por Jonathan Baldovino (*). Mito: Solo empresas u organizaciones con grandes presupuestos, enormes bases de datos y con un departamento de comunicaci\u00f3n o marketing pueden hacerlo. Realidad: Cualquier persona, pyme, mediana o gran empresa puede hacerlo. Sin importar el tama\u00f1o de su base de\u2026","rel":"","context":"Entrada similar","img":{"alt_text":"","src":"","width":0,"height":0},"classes":[]},{"id":119,"url":"https:\/\/www.marketingenred.net\/marketing-en-internet\/como-posicionar-mi-pagina-web-en-google\/","url_meta":{"origin":122,"position":4},"title":"Como posicionar mi p\u00e1gina web en Google","date":"27 agosto, 2011","format":false,"excerpt":"Como posicionar mi pagina web en google Marketing de Buscadores Todos nos hemos preguntado \"Como posicionar mi p\u00e1gina web en Google\" cada vez que iniciamos un nuevo proyecto. Sin dudas, que la Calidad de Los Enlaces es un elemento fundamental a tener en cuenta en el marketing de buscadores. Pero\u2026","rel":"","context":"Entrada similar","img":{"alt_text":"como mejorar el posicionamiento web","src":"https:\/\/i0.wp.com\/www.marketingenred.net\/marketing-en-internet\/wp-content\/uploads\/2024\/11\/kqiykwghbtq.jpg?fit=1200%2C800&ssl=1&resize=350%2C200","width":350,"height":200},"classes":[]},{"id":120,"url":"https:\/\/www.marketingenred.net\/marketing-en-internet\/marketing-relacional\/","url_meta":{"origin":122,"position":5},"title":"Qu\u00e9 es el Marketing Relacional o Marketing de Relaciones","date":"28 agosto, 2011","format":false,"excerpt":"El Marketing Relacional y los Negocios en Internet. Qu\u00e9 hacer cuando te piden informaci\u00f3n sobre tus servicios. Por Dar\u00edo Le\u00f3n Mendiondo (*). En los negocios por internet, est\u00e1 comprobado que las ventas ocurren cuando te has ganado la confianza del interesado. Esto sucede porque ya te conoce previamente, o porque\u2026","rel":"","context":"Entrada similar","img":{"alt_text":"","src":"","width":0,"height":0},"classes":[]}],"_links":{"self":[{"href":"https:\/\/www.marketingenred.net\/marketing-en-internet\/wp-json\/wp\/v2\/pages\/122"}],"collection":[{"href":"https:\/\/www.marketingenred.net\/marketing-en-internet\/wp-json\/wp\/v2\/pages"}],"about":[{"href":"https:\/\/www.marketingenred.net\/marketing-en-internet\/wp-json\/wp\/v2\/types\/page"}],"author":[{"embeddable":true,"href":"https:\/\/www.marketingenred.net\/marketing-en-internet\/wp-json\/wp\/v2\/users\/1"}],"replies":[{"embeddable":true,"href":"https:\/\/www.marketingenred.net\/marketing-en-internet\/wp-json\/wp\/v2\/comments?post=122"}],"version-history":[{"count":9,"href":"https:\/\/www.marketingenred.net\/marketing-en-internet\/wp-json\/wp\/v2\/pages\/122\/revisions"}],"predecessor-version":[{"id":758,"href":"https:\/\/www.marketingenred.net\/marketing-en-internet\/wp-json\/wp\/v2\/pages\/122\/revisions\/758"}],"wp:attachment":[{"href":"https:\/\/www.marketingenred.net\/marketing-en-internet\/wp-json\/wp\/v2\/media?parent=122"}],"curies":[{"name":"wp","href":"https:\/\/api.w.org\/{rel}","templated":true}]}}