{"id":149,"date":"2011-11-06T02:21:27","date_gmt":"2011-11-06T02:21:27","guid":{"rendered":"http:\/\/www.marketingenred.net\/marketing-en-internet\/estrategias-de-marketing-para-las-pequenas-y-medianas-empresas\/"},"modified":"2020-11-08T16:48:45","modified_gmt":"2020-11-08T16:48:45","slug":"estrategias-de-marketing-para-pymes","status":"publish","type":"page","link":"https:\/\/www.marketingenred.net\/marketing-en-internet\/estrategias-de-marketing-para-pymes\/","title":{"rendered":"Estrategias de Marketing para Pymes"},"content":{"rendered":"<figure id=\"attachment_351\" aria-describedby=\"caption-attachment-351\" style=\"width: 150px\" class=\"wp-caption alignleft\"><img loading=\"lazy\" decoding=\"async\" data-attachment-id=\"351\" data-permalink=\"https:\/\/www.marketingenred.net\/marketing-en-internet\/estrategias-de-marketing-para-pymes\/p_128\/\" data-orig-file=\"https:\/\/i2.wp.com\/www.marketingenred.net\/marketing-en-internet\/wp-content\/uploads\/2018\/01\/p_128.jpg?fit=180%2C259&amp;ssl=1\" data-orig-size=\"180,259\" data-comments-opened=\"1\" data-image-meta=\"{&quot;aperture&quot;:&quot;0&quot;,&quot;credit&quot;:&quot;&quot;,&quot;camera&quot;:&quot;&quot;,&quot;caption&quot;:&quot;&quot;,&quot;created_timestamp&quot;:&quot;0&quot;,&quot;copyright&quot;:&quot;&quot;,&quot;focal_length&quot;:&quot;0&quot;,&quot;iso&quot;:&quot;0&quot;,&quot;shutter_speed&quot;:&quot;0&quot;,&quot;title&quot;:&quot;&quot;,&quot;orientation&quot;:&quot;0&quot;}\" data-image-title=\"estrategias de marketing para pymes\" data-image-description=\"&lt;p&gt;Potenciar la comercializaci\u00f3n de las pymes&lt;\/p&gt;\n\" data-medium-file=\"https:\/\/i2.wp.com\/www.marketingenred.net\/marketing-en-internet\/wp-content\/uploads\/2018\/01\/p_128.jpg?fit=180%2C259&amp;ssl=1\" data-large-file=\"https:\/\/i2.wp.com\/www.marketingenred.net\/marketing-en-internet\/wp-content\/uploads\/2018\/01\/p_128.jpg?fit=180%2C259&amp;ssl=1\" class=\"wp-image-351 size-thumbnail\" src=\"https:\/\/i0.wp.com\/www.marketingenred.net\/marketing-en-internet\/wp-content\/uploads\/2018\/01\/p_128-150x150.jpg?resize=150%2C150\" alt=\"estrategias de marketing para peque\u00f1as y medianas empresas\" width=\"150\" height=\"150\" srcset=\"https:\/\/i2.wp.com\/www.marketingenred.net\/marketing-en-internet\/wp-content\/uploads\/2018\/01\/p_128.jpg?resize=150%2C150&amp;ssl=1 150w, https:\/\/i2.wp.com\/www.marketingenred.net\/marketing-en-internet\/wp-content\/uploads\/2018\/01\/p_128.jpg?resize=50%2C50&amp;ssl=1 50w\" sizes=\"(max-width: 150px) 100vw, 150px\" data-recalc-dims=\"1\" \/><figcaption id=\"caption-attachment-351\" class=\"wp-caption-text\">Marketing Pymes<\/figcaption><\/figure>\n<h2>Estrategias para peque\u00f1as y medianas empresas<\/h2>\n<p>\u00bfQuieres \u00abPotenciar La Comercializaci\u00f3n\u00bb De Tu Empresa?<\/p>\n<p>Por Jordys Gonzalez (*).<\/p>\n<p>Lo que voy a compartir contigo en este art\u00edculo, podr\u00eda sonar como muy l\u00f3gico, pero cr\u00e9eme, y esta es al menos mi experiencia, que m\u00e1s del 85% de los propietarios de PyMEs me confunden con un GUR\u00da cuando les cuento estas cosas \ud83d\ude42<\/p>\n<p><!--more--><\/p>\n<p>Son much\u00edsimos los suscriptores que nos env\u00edan consultas referentes sobre c\u00f3mo fortalecer su comercializaci\u00f3n. C\u00f3mo vender mejor sus productos y servicios, e incrementar sus ventas, como organizar mejor su \u00e1rea comercial, y dem\u00e1s preguntas de este estilo. Y desde hace alg\u00fan tiempo he querido responder a algunas de estas preguntas con un enfoque sencillo y donde el sentido com\u00fan rebosara por todos los bordes. Y justo hace pocos d\u00edas, cuando estaba reunido con uno de mis clientes, estuvimos organizando algunos aspectos elementales para edificar una estrategia paso a paso para una de sus empresas y me dije a mi mismo&#8230; Esto podr\u00eda ayudar a much\u00edsimos de nuestros suscriptores, y nada m\u00e1s, de ah\u00ed sali\u00f3 el tema que hoy compartir\u00e9 contigo&#8230; Vamos all\u00e1.<\/p>\n<p>Como te expliqu\u00e9, el tema es muy sencillo, se trata de desmenuzar y reestructurar tu idea de negocio. Esto puedes hacerlo junto a tu equipo, lo cual te aconsejo, o si lo prefieres, puedes hacerlo s\u00f3lo en un momento de tranquilidad.<\/p>\n<p>No te hablo de que desarrolles s\u00faper estrategias de marketing. Te hablo simplemente de que agudices tu sentido com\u00fan e intentes re-organizar la comercializaci\u00f3n de tu empresa, por \u00e1reas espec\u00edficas de negocios. Para m\u00e1s tarde \u00abdesgranar\u00bb todo el Proceso Comercial de cada una de estas \u00e1reas y potenciar los puntos m\u00e1s d\u00e9biles, o los que m\u00e1s convenga seg\u00fan tu criterio.<\/p>\n<h2>Marketing Pymes herramientas<\/h2>\n<p><strong>\u00c1reas de Negocios.<\/strong><br \/>\nPor ejemplo, si ahora mismo yo te pidiese que definas y anotases en un folio, cu\u00e1les son las diferentes \u00e1reas de negocio dentro de tu empresa, \u00bfqu\u00e9 podr\u00edas?<\/p>\n<p>Es decir, quiero que definas por escrito todas las maneras o v\u00edas por las que tu empresa INGRESA DINERO. \u00bfC\u00f3mo lo definir\u00edas? Pero vamos, hazlo ahora, no es para que lo leas y listo. Escr\u00edbelo ahora, al menos de la manera que te viene a la mente. No tiene por que ser perfecto.<\/p>\n<p>Intenta hacer este peque\u00f1o ejercicio. Es importante que identifiques, separes y estructures las diferentes \u00e1reas de negocio dentro de tu empresa. Es aqu\u00ed donde est\u00e1 el poder de este enfoque.<\/p>\n<p>Vamos a ver, independientemente del tipo de negocio en el que est\u00e9s, te convendr\u00eda reestructurarlo por \u00e1reas de negocio, y organizar cada una de esas \u00e1reas de negocios por separado, siempre que sea posible y viable para tu negocio.<\/p>\n<p>Lee atentamente lo que viene a continuaci\u00f3n, qu\u00e9date con la idea que aqu\u00ed comparto contigo. E intenta evaluar, con la mente bien abierta y de ser posible implicando a tu equipo para que te ayude en el proceso, hasta qu\u00e9 punto puedes o te conviene aplicar esta estrategia de reestructuraci\u00f3n.<\/p>\n<p>Para poder cumplir mejor con el prop\u00f3sito de este art\u00edculo, tomemos el ejemplo de una empresa que se dedica a la formaci\u00f3n. Podr\u00edan ser infinidades de ejemplos, y tu meta es evaluar si tu empresa, podr\u00eda asumir esta estrategia o no. Ahora bien, dentro del campo de la formaci\u00f3n, podr\u00edan ser tambi\u00e9n infinidades de empresas, desde autoescuelas, hasta formaci\u00f3n profesional en diferentes sectores. Sin embargo, para que me resulte m\u00e1s c\u00f3modo explicarte el tema de hoy, tomar\u00e9 un ejemplo real y reciente de uno de mis clientes de asesor\u00eda continua.<\/p>\n<h2>Marketing Pymes Marca<\/h2>\n<p><strong>Productos.<\/strong><br \/>\nUna de las empresas de este cliente, es una Academia de Peluquer\u00eda y Est\u00e9tica. \u00bfDe acuerdo? Este cliente me coment\u00f3: Jordys, tenemos necesidad de potenciar la academia, \u00bfqu\u00e9 podemos hacer?<\/p>\n<p>Seguidamente le pregunt\u00e9: \u00bfcu\u00e1les son las diferentes \u201c\u00c1reas de Negocio\u201d de la Academia? Es decir, HOY POR HOY, \u00bfcu\u00e1les son los productos o paquetes de productos o servicios, los conceptos por los que ENTRA EL DINERO; por los que tus clientes objetivos pagan?<\/p>\n<p>Pues bien, se determinaron 5 tipos de cursos, entre formaci\u00f3n inicial y reciclaje, que actualmente se comercializaban&#8230; Estos 5 tipos de cursos, son las 5 \u00e1reas de negocio, por donde entra el dinero. \u00bfQueda claro?<\/p>\n<p>Ahora te pregunto a ti. \u00bfPuedes identificar y dejar por escrito, todos los productos y servicios, ya sea por sesiones, por paquetes, por grupo, por familias o individuales, por conceptos, etc, sobre los que se sustentan los ingresos de tu negocio? Algo as\u00ed como el ejemplo anterior.<\/p>\n<p>Pues continuamos&#8230;<\/p>\n<h2>Marketing Pymes Cursos<\/h2>\n<p><strong>Medir el Desempe\u00f1o Actual.<\/strong><br \/>\nUna vez identificados estos 5 cursos, \u201clos 5 canales de ingreso\u201d de los que dispon\u00eda la academia en la actualidad, pasamos a un segundo punto&#8230; Le pregunt\u00e9: \u00bfCu\u00e1les han sido los niveles o porcentajes de ingresos que has obtenido por cada uno de estos canales, en el \u00faltimo a\u00f1o? Es decir, \u00bfcu\u00e1ntos ingresos brutos han generado cada una de esas \u00e1reas de negocio y qu\u00e9 porcentaje de beneficios ha dejado cada una?<\/p>\n<p>Y ahora esta pregunta es para ti. \u00bfPodr\u00edas contestar a las preguntas anteriores, para tu particular negocio? \u00bfPodr\u00edas identificar y separar los resultados en ventas y beneficios que han generado cada una de las \u00e1reas de negocio de tu empresa?<\/p>\n<p>Seguimos&#8230;<\/p>\n<p><strong>Tomar el Control de la Situaci\u00f3n.<\/strong><\/p>\n<p>Una vez que este empresario identific\u00f3 los resultados de cada uno de sus cursos, adem\u00e1s de sorprenderse al ver a vista de p\u00e1jaro los resultados reales, que difer\u00edan de lo que \u00e9l estaba asumiendo, me manifest\u00f3 una cierta sensaci\u00f3n de control&#8230; Me dijo algo as\u00ed: \u201cJordys, YA ESTOY VIENDO por donde van los tiros\u201d<\/p>\n<p>Esto es genial, porque significa que el empresario va ensanchando su mente y comienza a comprender, de un modo natural, una nueva manera de organizar su empresa, de un modo m\u00e1s simple y efectivo&#8230; \u00bfHas experimentado tu algo parecido?<\/p>\n<p>SI, pues genial. NO, pues no pasa nada, cada persona es un mundo \ud83d\ude42<\/p>\n<p>Continuemos\u2026<\/p>\n<h3>Marketing Pymes Ideas<\/h3>\n<p><strong>Fijar Metas a futuro.<\/strong><br \/>\nLlegados a este punto, le coment\u00e9 a mi cliente: ahora, quiero que definas y seas lo m\u00e1s concreto y preciso posible, lo qu\u00e9 deber\u00eda pasar con cada uno de estos canales de ingreso (\u00e1reas de negocio) en los pr\u00f3ximos 12 a 18 meses. Es decir, establece metas de los resultados comerciales (ventas y beneficios) que podr\u00edas esperar de cada una de esta \u00e1reas, siendo optimista pero con los pies en la tierra, para los pr\u00f3ximos 12, 18 o 24 meses, como media?<\/p>\n<p>Por ejemplo, imaginemos que HOY el hist\u00f3rico de ventas y beneficios de una de esas \u00e1reas de negocios, es el siguiente: En el \u00faltimo a\u00f1o, por el concepto del curso de peinados orientales (un \u00e1rea de negocio) la empresa ha obtenido ingresos de 1000 Euros. Sus beneficios netos (antes de impuestos) fueron de 170 Euros, es decir, el 17%.<\/p>\n<p>Ahora bien, siguiendo con el ejemplo anterior, le pregunt\u00e9: \u00bfc\u00f3mo deber\u00edan cambiar estos n\u00fameros para el pr\u00f3ximo a\u00f1o? \u00bfC\u00f3mo crees que deber\u00edan o podr\u00edan ser estos n\u00fameros? Por ejemplo, 1.500 Euros de ingresos y el 19% de beneficios, es decir, 285 Euros. \u00bfLo vas viendo? \u00bfVes lo que quiero decir?<\/p>\n<h3>Marketing Pymes Ventas<\/h3>\n<p><strong>Aumentar Ventas y Beneficios.<\/strong><br \/>\nEntonces, ahora quiero que tu definas las metas en cuanto a ventas y beneficios, u otras que consideres necesarias, para cada una de las \u00e1reas de negocio que hayas determinado. Por ejemplo, imagina que tienes una tienda de ropa\u2026 Pues en lugar de decir: el a\u00f1o anterior nuestra tienda ingres\u00f3 100.000 D\u00f3lares, con un 10% de beneficios y para el pr\u00f3ximo a\u00f1o tendremos ingresos de 115.000 D\u00f3lares con un 11,5% de beneficios, lo que te propongo es que definas algo as\u00ed:<\/p>\n<p>De los 100.000 de ingresos del a\u00f1o anterior, 25.000 fueron por el concepto de lencer\u00eda femenina, 17.000, por el concepto de moda vaquera de hombres, etc.\u2026 \u00bfMe explico? Una vez lo tengas identificado y separado por \u00e1reas de negocio, quiero que definas unas metas de incremento para cada \u00e1rea de negocio.<\/p>\n<h3>Marketing Pymes 2.0<\/h3>\n<p><strong>Mejora de las Expectativas.<\/strong><br \/>\nPero, \u00bfpor qu\u00e9 te recomiendo que lo hagas as\u00ed? Pues por dos razones simples:<\/p>\n<p>1\u00ba) La primera, es que probablemente al verlo detallado de esta manera, logres ser m\u00e1s realista y optimista. Y veas las posibilidades de cada \u00e1rea de negocio en espec\u00edfico. Ya que en un final, cada \u00e1rea de negocio probablemente satisfaga necesidades espec\u00edficas, vaya dirigida a un publico en particular, etc&#8230; Y al ser m\u00e1s optimista y ver con m\u00e1s claridad como potenciar esa \u00e1rea en espec\u00edfico, probablemente la suma de las metas que establezcas por cada una de las \u00e1reas o l\u00edneas de negocio, sobrepasen las metas o expectativas generales que podr\u00edas tener en mente. Por ejemplo, quiz\u00e1s la suma de todas las metas en el ejemplo de la tienda, sobrepasaran lo 115.000 D\u00f3lares. \u00bfNo crees?<\/p>\n<p>2\u00ba) Y segunda, porque ahora, teniendo bien definidas las metas por concepto o \u00e1reas de negocio, podr\u00e1s visualizar y articular mejor lo que concretamente se debe o puede hacer para alcanzar esa meta espec\u00edfica. Con lo cual, se incrementa la efectividad.<\/p>\n<p>Pero, ahora que ya tienes definidas las \u00e1reas de negocio, los ingresos y beneficios que generaban cada una de estas \u00e1reas, y las metas espec\u00edficas para cada una de ellas, \u00bfqu\u00e9 es lo que deber\u00e1s hacer?<\/p>\n<h2>Marketing Pymes digital<\/h2>\n<p><strong>Optimizar el Proceso de Venta y Comercializaci\u00f3n.<\/strong><br \/>\nPues bien, ahora que la mesa est\u00e1 servida, debes intentar \u00abdesmenuzar el proceso de venta y comercializaci\u00f3n\u00bb, si es que existe, para potenciar cada una de estas \u00e1reas. Volvamos a la tienda \ud83d\ude42<\/p>\n<p>Ya has desarrollado todo el trabajo anterior, y te encuentras frente a un UN \u00e1rea de negocio espec\u00edfica. Por ejemplo, la lencer\u00eda femenina. Pues ahora est\u00e1s en condiciones de hacerte preguntas m\u00e1s espec\u00edficas y buscar respuestas, en tu mismo equipo o en otros profesionales.<\/p>\n<h3>Puedes hacerte preguntas como estas:<\/h3>\n<p>\u00bfQu\u00e9 puedo hacer, que no hago hoy, o que puedo mejorar, para potenciar la venta de lencer\u00eda femenina?<\/p>\n<p>\u00bfD\u00f3nde y c\u00f3mo deber\u00eda anunciar este concepto?<\/p>\n<p>\u00bfCu\u00e1les son las t\u00e1cticas m\u00e1s coherentes, m\u00e1s efectivas y de menor coste, para promocionar la lencer\u00eda femenina?<\/p>\n<p>\u00bfC\u00f3mo lo hacen las grandes marcas &#8211; la competencia &#8211; para promocionar y vender lencer\u00edas?<\/p>\n<p>\u00bfCon qu\u00e9 otra empresa podr\u00eda colaborar?<\/p>\n<p>\u00bfCon qu\u00e9 otro proceso de venta, ya sea de mi empresa o no, podr\u00eda integrar la venta de lencer\u00eda femenina?<\/p>\n<p>\u00bfQu\u00e9 otras acciones podr\u00eda emprender para potenciar, espec\u00edficamente, esta \u00e1rea de negocios?<\/p>\n<p>\u00bfQu\u00e9 parte del presupuesto voy a destinar a potenciar \u00e9sta \u00e1rea de negocios?<\/p>\n<p>\u00bfPercibes la importancia de lo que quiero decir? \u00bfLogras ver su poder y sencillez?<\/p>\n<p>Tambi\u00e9n podr\u00e1s determinar las \u00e1reas que m\u00e1s te conviene potenciar. Y destinar diferentes cantidades de dinero y esfuerzo a cada una de ellas, seg\u00fan tus necesidades y expectativas.<\/p>\n<h3>Conclusiones<\/h3>\n<p>Lo que he intentado con este art\u00edculo, es transmitirte de manera simple, r\u00e1pida y creo que entendible, una estrategia simple. Para que logres desmembrar la comercializaci\u00f3n de tu negocio, por \u00e1reas, familias, tipos de productos o servicios, etc&#8230; La idea es que logres separar las capas de la cebolla. Hasta que sepas lo mejor que puedes hacer con cada una de ellas, para lograr tus objetivos.<\/p>\n<p>Sinceramente, espero que este art\u00edculo te haya ayudado a visualizar tu negocio y tus procesos comerciales desde otra perspectiva. No es ni la mejor, ni la peor. Simplemente, es otro punto de vista que ojal\u00e1 aporte valor a tu desempe\u00f1o profesional.<\/p>\n<p>Buen provecho y hasta pronto.<\/p>\n<p>(*)\u00a0Director LanzateYa<br \/>\n\u201cConquista Tu Sue\u00f1o\u201d<br \/>\nTel\u00e9fono: (0034) 658 890 794<br \/>\nSanta Cruz de Tenerife \u2013 Espa\u00f1a<\/p>\n<p>El marketing para pymes debe adaptarse a los nuevos desaf\u00edos de la transformaci\u00f3n digital. En tal sentido, es importante repensar algunas estrategias para hacerlas efectivas en tiempos de innovaci\u00f3n tecnol\u00f3gica. Un ejemplo es la evoluci\u00f3n del <a href=\"http:\/\/www.marketingenred.net\/marketing-en-internet\/descubra-el-poder-del-email-marketing\/\" target=\"_blank\" rel=\"noopener noreferrer\">e-mail marketing.<\/a>\u00a0 Otro elemento a tener en cuenta es la implementaci\u00f3n de\u00a0<a href=\"https:\/\/rockcontent.com\/es\/blog\/estrategias-de-marketing-digital-para-pymes\/\" target=\"_blank\" rel=\"noopener noreferrer\">estrategias de marketing digital<\/a> para tu pyme.<\/p>\n","protected":false},"excerpt":{"rendered":"<p>Estrategias para peque\u00f1as y medianas empresas \u00bfQuieres \u00abPotenciar La Comercializaci\u00f3n\u00bb De Tu Empresa? Por Jordys<\/p>\n","protected":false},"author":1,"featured_media":0,"parent":0,"menu_order":0,"comment_status":"closed","ping_status":"closed","template":"","meta":{"om_disable_all_campaigns":false,"_monsterinsights_skip_tracking":false,"_monsterinsights_sitenote_active":false,"_monsterinsights_sitenote_note":"","_monsterinsights_sitenote_category":0,"_uf_show_specific_survey":0,"_uf_disable_surveys":false,"spay_email":"","twitterCardType":"summary","cardImageID":0,"cardImage":"http:\/\/www.marketingenred.net\/marketing-en-internet\/wp-content\/uploads\/2018\/01\/p_128.jpg","cardTitle":"","cardDesc":"","cardImageAlt":"","cardPlayer":"","cardPlayerWidth":0,"cardPlayerHeight":0,"cardPlayerStream":"","cardPlayerCodec":"","footnotes":""},"class_list":["post-149","page","type-page","status-publish","hentry"],"jetpack_sharing_enabled":false,"jetpack_shortlink":"https:\/\/wp.me\/P9wWBy-2p","jetpack_likes_enabled":false,"jetpack-related-posts":[{"id":464,"url":"https:\/\/www.marketingenred.net\/marketing-en-internet\/asesoramiento-pymes\/","url_meta":{"origin":149,"position":0},"title":"Asesoramiento PYMES","date":"13 febrero, 2018","format":false,"excerpt":"Servicios Pymes Los servicios de asesoramiento pymes (Micro, Peque\u00f1as y Medianas Empresas), en general est\u00e1n bastante diversificados. En ese sentido, se observa una oferta variada en materia de: Acceso a financiamiento colectivo (Crowdfunding). Elaboraci\u00f3n de Planes de Negocios. Dise\u00f1o de Planes de Marketing. Investigaci\u00f3n de Mercado. Asesoramiento Legal y Contable.\u2026","rel":"","context":"Entrada similar","img":{"alt_text":"","src":"","width":0,"height":0},"classes":[]},{"id":949,"url":"https:\/\/www.marketingenred.net\/marketing-en-internet\/","url_meta":{"origin":149,"position":1},"title":"Marketing en Red. El arte del Marketing Digital","date":"15 noviembre, 2020","format":false,"excerpt":"Aplicaciones del Marketing En Marketing en Red puedes consultar las \u00faltimas novedades sobre Marketing Digital El e-mail Marketing, en la era del Social Media.\u00bfSabes lo que es el market share? Es tu porci\u00f3n de la torta!Aplicaci\u00f3n del SEO y SEM para Posicionamiento.Estrategias de Marketing en Internet. Estrategias de Marketing en\u2026","rel":"","context":"Entrada similar","img":{"alt_text":"marketing en red","src":"https:\/\/i1.wp.com\/www.marketingenred.net\/marketing-en-internet\/wp-content\/uploads\/2020\/11\/pexels-photo-2433164.jpeg?fit=1200%2C800&ssl=1&resize=350%2C200","width":350,"height":200},"classes":[]},{"id":116,"url":"https:\/\/www.marketingenred.net\/marketing-en-internet\/el-marketing-y-el-deporte-una-nueva-relacion\/","url_meta":{"origin":149,"position":2},"title":"Marketing y Deporte. Una nueva relaci\u00f3n","date":"27 agosto, 2011","format":false,"excerpt":"El auge del Marketing Deportivo. Las Marcas cada vez invierten m\u00e1s en sus estrategias de Marketing. La relaci\u00f3n entre el marketing y el deporte se ha intensificado en el siglo 21. El uso de las herramientas de marketing en el \u00e1mbito deportivo se ha universalizado. La Publicidad juega un rol\u2026","rel":"","context":"Entrada similar","img":{"alt_text":"","src":"","width":0,"height":0},"classes":[]},{"id":176,"url":"https:\/\/www.marketingenred.net\/marketing-en-internet\/analisis-foda-ejemplos\/","url_meta":{"origin":149,"position":3},"title":"An\u00e1lisis Foda Ejemplos","date":"23 abril, 2012","format":false,"excerpt":"C\u00f3mo hacer un An\u00e1lisis FODA. Por Dar\u00edo Le\u00f3n Mendiondo (*). El an\u00e1lisis FODA es una metodolog\u00eda de estudio de la situaci\u00f3n de una empresa determinada. Se tienen en cuenta sus aspectos internos, los que denominamos Debilidades y Fortalezas. Y tambi\u00e9n los aspectos externos, a los que llamamos Amenazas y Oportunidades,\u2026","rel":"","context":"Entrada similar","img":{"alt_text":"","src":"","width":0,"height":0},"classes":[]},{"id":119,"url":"https:\/\/www.marketingenred.net\/marketing-en-internet\/como-posicionar-mi-pagina-web-en-google\/","url_meta":{"origin":149,"position":4},"title":"Como posicionar mi p\u00e1gina web en Google","date":"27 agosto, 2011","format":false,"excerpt":"Como posicionar mi pagina web en google Marketing de Buscadores Todos nos hemos preguntado \"Como posicionar mi p\u00e1gina web en Google\" cada vez que iniciamos un nuevo proyecto. Sin dudas, que la Calidad de Los Enlaces es un elemento fundamental a tener en cuenta en el marketing de buscadores. Pero\u2026","rel":"","context":"Entrada similar","img":{"alt_text":"como mejorar el posicionamiento web","src":"https:\/\/i0.wp.com\/www.marketingenred.net\/marketing-en-internet\/wp-content\/uploads\/2024\/11\/kqiykwghbtq.jpg?fit=1200%2C800&ssl=1&resize=350%2C200","width":350,"height":200},"classes":[]},{"id":144,"url":"https:\/\/www.marketingenred.net\/marketing-en-internet\/marketing-de-servicios\/","url_meta":{"origin":149,"position":5},"title":"Marketing de Servicios: 3 Pasos Esenciales para Vender Servicios Online","date":"6 noviembre, 2011","format":false,"excerpt":"Qu\u00e9 es el Marketing de Servicios (*) Por Miguel \u00c1ngel de Alz\u00e1a. Los SERVICIOS ocupan el espacio m\u00e1s grande en el mundo de los negocios y a la vez, los servicios son la oportunidad de negocios m\u00e1s pasada por alto en Internet. Pero si usted ofreciera sus servicios online, t\u00e9ngalo\u2026","rel":"","context":"Entrada similar","img":{"alt_text":"","src":"","width":0,"height":0},"classes":[]}],"_links":{"self":[{"href":"https:\/\/www.marketingenred.net\/marketing-en-internet\/wp-json\/wp\/v2\/pages\/149"}],"collection":[{"href":"https:\/\/www.marketingenred.net\/marketing-en-internet\/wp-json\/wp\/v2\/pages"}],"about":[{"href":"https:\/\/www.marketingenred.net\/marketing-en-internet\/wp-json\/wp\/v2\/types\/page"}],"author":[{"embeddable":true,"href":"https:\/\/www.marketingenred.net\/marketing-en-internet\/wp-json\/wp\/v2\/users\/1"}],"replies":[{"embeddable":true,"href":"https:\/\/www.marketingenred.net\/marketing-en-internet\/wp-json\/wp\/v2\/comments?post=149"}],"version-history":[{"count":13,"href":"https:\/\/www.marketingenred.net\/marketing-en-internet\/wp-json\/wp\/v2\/pages\/149\/revisions"}],"predecessor-version":[{"id":769,"href":"https:\/\/www.marketingenred.net\/marketing-en-internet\/wp-json\/wp\/v2\/pages\/149\/revisions\/769"}],"wp:attachment":[{"href":"https:\/\/www.marketingenred.net\/marketing-en-internet\/wp-json\/wp\/v2\/media?parent=149"}],"curies":[{"name":"wp","href":"https:\/\/api.w.org\/{rel}","templated":true}]}}