{"id":170,"date":"2011-11-09T02:04:53","date_gmt":"2011-11-09T02:04:53","guid":{"rendered":"http:\/\/www.marketingenred.net\/marketing-en-internet\/descubra-el-poder-del-email-marketing\/"},"modified":"2020-11-08T16:44:24","modified_gmt":"2020-11-08T16:44:24","slug":"descubra-el-poder-del-email-marketing","status":"publish","type":"page","link":"https:\/\/www.marketingenred.net\/marketing-en-internet\/descubra-el-poder-del-email-marketing\/","title":{"rendered":"El poder del email marketing"},"content":{"rendered":"<figure id=\"attachment_359\" aria-describedby=\"caption-attachment-359\" style=\"width: 150px\" class=\"wp-caption alignleft\"><img loading=\"lazy\" decoding=\"async\" data-attachment-id=\"359\" data-permalink=\"https:\/\/www.marketingenred.net\/marketing-en-internet\/descubra-el-poder-del-email-marketing\/002_18\/\" data-orig-file=\"https:\/\/i2.wp.com\/www.marketingenred.net\/marketing-en-internet\/wp-content\/uploads\/2018\/01\/002_18.jpg?fit=200%2C219&amp;ssl=1\" data-orig-size=\"200,219\" data-comments-opened=\"1\" data-image-meta=\"{&quot;aperture&quot;:&quot;0&quot;,&quot;credit&quot;:&quot;&quot;,&quot;camera&quot;:&quot;&quot;,&quot;caption&quot;:&quot;&quot;,&quot;created_timestamp&quot;:&quot;0&quot;,&quot;copyright&quot;:&quot;&quot;,&quot;focal_length&quot;:&quot;0&quot;,&quot;iso&quot;:&quot;0&quot;,&quot;shutter_speed&quot;:&quot;0&quot;,&quot;title&quot;:&quot;&quot;,&quot;orientation&quot;:&quot;0&quot;}\" data-image-title=\"Descubra el Poder del Email Marketing\" data-image-description=\"&lt;p&gt;Qui\u00e9n Puede Practicar el Email Marketing&lt;\/p&gt;\n\" data-medium-file=\"https:\/\/i2.wp.com\/www.marketingenred.net\/marketing-en-internet\/wp-content\/uploads\/2018\/01\/002_18.jpg?fit=200%2C219&amp;ssl=1\" data-large-file=\"https:\/\/i2.wp.com\/www.marketingenred.net\/marketing-en-internet\/wp-content\/uploads\/2018\/01\/002_18.jpg?fit=200%2C219&amp;ssl=1\" class=\"wp-image-359 size-thumbnail\" src=\"https:\/\/i1.wp.com\/www.marketingenred.net\/marketing-en-internet\/wp-content\/uploads\/2018\/01\/002_18-150x150.jpg?resize=150%2C150\" alt=\"estrategias de email marketing\" width=\"150\" height=\"150\" srcset=\"https:\/\/i2.wp.com\/www.marketingenred.net\/marketing-en-internet\/wp-content\/uploads\/2018\/01\/002_18.jpg?resize=150%2C150&amp;ssl=1 150w, https:\/\/i2.wp.com\/www.marketingenred.net\/marketing-en-internet\/wp-content\/uploads\/2018\/01\/002_18.jpg?resize=50%2C50&amp;ssl=1 50w\" sizes=\"(max-width: 150px) 100vw, 150px\" data-recalc-dims=\"1\" \/><figcaption id=\"caption-attachment-359\" class=\"wp-caption-text\">Email Marketing<\/figcaption><\/figure>\n<h2>\u00bfQui\u00e9n puede practicar el email marketing?<\/h2>\n<p>Por Jonathan Baldovino (*).<\/p>\n<p>Mito:<br \/>\nSolo empresas u organizaciones con grandes presupuestos, enormes bases de datos y con un departamento de comunicaci\u00f3n o marketing pueden hacerlo.<\/p>\n<p>Realidad:<br \/>\nCualquier persona, pyme, mediana o gran empresa puede hacerlo. Sin importar el tama\u00f1o de su base de datos.<\/p>\n<p><!--more--><\/p>\n<p>El email marketing ha dejado de ser inalcanzable. Si deseas vender, fidelizar o simplemente comunicar algo relevante, puedes practicar el email marketing.<\/p>\n<p>Tan solo has de contar con una base de datos de contactos s\u00f3lida y opt-in (con permiso). Tambi\u00e9n, un buen contenido para tus emails. Adem\u00e1s, una empresa que se ocupe del env\u00edo y la tecnolog\u00eda, y un poco de tiempo.<\/p>\n<p>El coste de cada email que env\u00edes es rid\u00edculo: unos 0,0049 c\u00e9ntimos de d\u00f3lar.<br \/>\nA su vez, el coste de producci\u00f3n de un email es \u00ednfimo comparado con el mailing tradicional.<br \/>\nY si tu base de datos es muy peque\u00f1a, pero fiable, mejor a\u00fan.<\/p>\n<p>Los resultados depender\u00e1n del contenido: lo que ofreces, comunicas, vendes, regalas, incitas, etc.<\/p>\n<p>As\u00ed que el MITO es solo un MITO sin respaldo.<\/p>\n<h2>Email marketing para principiantes<\/h2>\n<p>En los \u00faltimos tiempos el e-mail se ha convertido en una v\u00eda de comunicaci\u00f3n global, \u00fatil, f\u00e1cil de usar y econ\u00f3mica. Casi se podr\u00eda decir que un correo electr\u00f3nico viaja en tiempo real. Al enviarse tarda pocos segundos en llegar a su destinatario. Esto depende depende del tr\u00e1fico en la red, el peso que tenga y otros aspectos que pueden marcar el tiempo de env\u00edo y recepci\u00f3n.<\/p>\n<p>Una simple definici\u00f3n para el Email Marketing ser\u00eda por ejemplo: \u201cLa promoci\u00f3n de productos o servicios a trav\u00e9s del correo electr\u00f3nico\u201d.<\/p>\n<p>Continuamente recibimos e-mails con contenido de car\u00e1cter publicitario o informativo y nos preguntamos si nosotros mismos podemos promocionar nuestros productos por email. O tal vez si lo podemos hacer desde nuestro propio ordenador enviando cientos de e-mails con informaci\u00f3n de la empresa. Tambi\u00e9n nos preguntamos si se pueden enviar campa\u00f1as a un p\u00fablico espec\u00edfico. Y si ser\u00e1 muy elevado el precio para realizar una campa\u00f1a de e-mail marketing. En consecuencia, la pregunta m\u00e1s importante es: \u00bfObtendr\u00e9 alg\u00fan resultado medible?<\/p>\n<h2>Qu\u00e9 es el SPAM<\/h2>\n<p>Si deseamos poner en marcha nuestras campa\u00f1as de marketing lo m\u00e1s recomendable es asesorarnos debidamente antes de realizar cualquier env\u00edo. Nuestra imagen ante el p\u00fablico es muy importante y debemos cuidar hasta el m\u00e1s m\u00ednimo detalle.<\/p>\n<p>Desafortunadamente personas malintencionadas se aprovechan de la tecnolog\u00eda causando que diariamente recibamos en nuestros buzones de correo una cantidad de mensajes de personas desconocidas y que atentan contra nuestra privacidad. Esto es lo que denominamos \u201cspam\u201d.<\/p>\n<p>A continuaci\u00f3n enumero algunas recomendaciones antes de abordar este maravilloso mundo del e-mail marketing:<\/p>\n<h3>Las Listas de E-mail<\/h3>\n<p>\u2022 Tengamos claro qu\u00e9 es lo que queremos ofrecer. Un producto, un servicio, un bolet\u00edn de car\u00e1cter informativo, una promoci\u00f3n, etc.<\/p>\n<p>\u2022 El tema legal. Cada pa\u00eds cuenta con una serie de leyes que protegen la privacidad de las personas. En tal sentido, es necesario investigar en organismos oficiales como la AEPD. Y conocer qu\u00e9 requisitos debemos cumplir como m\u00ednimo para cumplir con la ley.<\/p>\n<p>\u2022 Construyamos nuestras listas de env\u00edo con e-mails opt-in. Esto significa que las personas que se suscriben o reciben nos dan su consentimiento<\/p>\n<p>\u2022 Nunca compremos listas con e-mails. El \u00e9xito de nuestras campa\u00f1as depende en gran parte de los receptores. Por ejemplo si alguien recibe un e-mail que le ofrece un producto determinado y no conoce qui\u00e9n se lo env\u00eda, normalmente este correo finaliza en la papelera.<\/p>\n<h3>Gesti\u00f3n de Campa\u00f1as de email marketing<\/h3>\n<p>\u2022 Contratar o poner en marcha una herramienta que nos permita la gesti\u00f3n de las campa\u00f1as. Si contamos con habilidades avanzadas en inform\u00e1tica ser\u00e1 posible instalar alg\u00fan software en un servidor y realizar los env\u00edos. En tal sentido, lo m\u00e1s recomendable es contratar un proveedor y pagar por env\u00edo o una cantidad fija mensual. Esta opci\u00f3n,\u00a0 nos evita un sin n\u00famero de procesos y configuraciones que nos podr\u00edan generar dolores de cabeza<\/p>\n<p>\u2022 Mantener una buena relaci\u00f3n con el proveedor nunca sobra. En ese sentido, preguntemos trucos y pidamos consejos.<\/p>\n<p>\u2022 Adem\u00e1s debes elegir el formato del bolet\u00edn entre texto o HTML. La utilizaci\u00f3n de este \u00faltimo nos permitir\u00e1 crear un dise\u00f1o atractivo y con caracter\u00edsticas casi similares a una p\u00e1gina web. Pero tambi\u00e9n debemos tener cuidado con el peso del archivo que enviamos.<\/p>\n<p>\u2022 Y antes del env\u00edo final, realicemos pruebas y verifiquemos que todo esta correcto. Recordemos que una vez enviado no habr\u00e1 marcha atr\u00e1s. En consecuencia, si cometiste un error, deber\u00e1s enviar otro e-mail con la aclaraci\u00f3n correspondiente.<\/p>\n<p>\u2022 Finalmente, analicemos los resultados de cada campa\u00f1a. N\u00famero de env\u00edos y clics; bajas y rebotes o reenv\u00edos y nuevas suscripciones.<\/p>\n<h3>Una buena estrategia de email marketing:<\/h3>\n<p>La legalizaci\u00f3n de nuestras bases de datos frente a la ley y una selecci\u00f3n acertada del proveedor de la herramienta incluyendo el buen uso de \u00e9sta. La periodicidad con la que enviemos y la creaci\u00f3n de una canal de comunicaci\u00f3n entre el remitente y el destinatario, tambi\u00e9n nos llevar\u00e1n al \u00e9xito en nuestras campa\u00f1as de e-mail marketing.<\/p>\n<p>\u00bf Y qu\u00e9 obtenemos a cambio ?<\/p>\n<p>Despu\u00e9s de realizar una campa\u00f1a de e-mail marketing podremos obtener un aumento de nuestras ventas, adem\u00e1s de m\u00e1s visitas a nuestra web. A su vez, tendremos reconocimiento de nuestra marca o productos y podremos fidelizar a nuestros clientes, proveedores o colaboradores, entre otros.<\/p>\n<p>Algunos enlaces que nos pueden ser \u00fatiles:<\/p>\n<p>\u2022 From Doppler, herramienta de e-mail marketing a un costo muy bajo, con una potencia y flexibilidad profesional.<\/p>\n<p>\u2022 AEPD, Agencia Espa\u00f1ola de Protecci\u00f3n de Datos.<\/p>\n<p>\u2022 AUI, Asociaci\u00f3n de usuarios de internet. C\u00f3mo combatir el spam.<\/p>\n<p>(*) Manager of Communication &amp; Marketing<br \/>\n<a href=\"http:\/\/www.fromdoppler.com\">FromDoppler.com<\/a> Email Marketing MADE SIMPLE<\/p>\n<p>Aprende m\u00e1s sobre estrategias de\u00a0<a href=\"https:\/\/www.marketingenred.net\/marketing-en-internet\/introduccion-al-marketing-en-internet-y-marketing-online\/\" target=\"_blank\" rel=\"noopener noreferrer\">Marketing Digital<\/a><\/p>\n","protected":false},"excerpt":{"rendered":"<p>\u00bfQui\u00e9n puede practicar el email marketing? Por Jonathan Baldovino (*). Mito: Solo empresas u organizaciones<\/p>\n","protected":false},"author":1,"featured_media":0,"parent":0,"menu_order":0,"comment_status":"closed","ping_status":"closed","template":"","meta":{"om_disable_all_campaigns":false,"_monsterinsights_skip_tracking":false,"_monsterinsights_sitenote_active":false,"_monsterinsights_sitenote_note":"","_monsterinsights_sitenote_category":0,"_uf_show_specific_survey":0,"_uf_disable_surveys":false,"spay_email":"","twitterCardType":"summary","cardImageID":0,"cardImage":"http:\/\/www.marketingenred.net\/marketing-en-internet\/wp-content\/uploads\/2018\/01\/002_18.jpg","cardTitle":"","cardDesc":"","cardImageAlt":"","cardPlayer":"","cardPlayerWidth":0,"cardPlayerHeight":0,"cardPlayerStream":"","cardPlayerCodec":"","footnotes":""},"class_list":["post-170","page","type-page","status-publish","hentry"],"jetpack_sharing_enabled":false,"jetpack_shortlink":"https:\/\/wp.me\/P9wWBy-2K","jetpack_likes_enabled":false,"jetpack-related-posts":[{"id":171,"url":"https:\/\/www.marketingenred.net\/marketing-en-internet\/cliente-ideal\/","url_meta":{"origin":170,"position":0},"title":"C\u00f3mo llegar a nuestro cliente ideal y potenciales clientes","date":"9 noviembre, 2011","format":false,"excerpt":"Aspectos que debemos considerar al gestionar nuestras comunicaciones para saber c\u00f3mo conseguir el cliente ideal. Por M\u00f3nica Calzia (*) El cliente ideal es aquel que se encuentra satisfecho con tu producto o servicio y tambi\u00e9n con su precio. Act\u00faa como un promotor espont\u00e1neo, lo cual mejora positivamente tu reputaci\u00f3n y\u2026","rel":"","context":"Entrada similar","img":{"alt_text":"","src":"","width":0,"height":0},"classes":[]},{"id":949,"url":"https:\/\/www.marketingenred.net\/marketing-en-internet\/","url_meta":{"origin":170,"position":1},"title":"Marketing en Red. El arte del Marketing Digital","date":"15 noviembre, 2020","format":false,"excerpt":"Aplicaciones del Marketing En Marketing en Red puedes consultar las \u00faltimas novedades sobre Marketing Digital El e-mail Marketing, en la era del Social Media.\u00bfSabes lo que es el market share? Es tu porci\u00f3n de la torta!Aplicaci\u00f3n del SEO y SEM para Posicionamiento.Estrategias de Marketing en Internet. Estrategias de Marketing en\u2026","rel":"","context":"Entrada similar","img":{"alt_text":"marketing en red","src":"https:\/\/i1.wp.com\/www.marketingenred.net\/marketing-en-internet\/wp-content\/uploads\/2020\/11\/pexels-photo-2433164.jpeg?fit=1200%2C800&ssl=1&resize=350%2C200","width":350,"height":200},"classes":[]},{"id":125,"url":"https:\/\/www.marketingenred.net\/marketing-en-internet\/marketing-directo-ejemplos\/","url_meta":{"origin":170,"position":2},"title":"Marketing Directo Ejemplos","date":"6 noviembre, 2011","format":false,"excerpt":"C\u00f3mo hacer Marketing Directo Su relaci\u00f3n con la Publicidad, la Promoci\u00f3n y la Venta. La publicidad, sea gr\u00e1fica, en v\u00eda p\u00fablica, internet y\/o trav\u00e9s de los medios masivos de comunicaci\u00f3n, es una herramienta muy potente cuando se combina con acciones de promoci\u00f3n y ventas, dirigidas a segmentos espec\u00edficos. Marketing Personal\u2026","rel":"","context":"Entrada similar","img":{"alt_text":"","src":"","width":0,"height":0},"classes":[]},{"id":174,"url":"https:\/\/www.marketingenred.net\/marketing-en-internet\/marketing-en-internet-y-marketing-online\/","url_meta":{"origin":170,"position":3},"title":"Marketing en Internet","date":"29 diciembre, 2011","format":false,"excerpt":"C\u00f3mo hacer Marketing en Internet. Por Dar\u00edo Le\u00f3n Mendiondo (*). Caracter\u00edsticas y Tipos del Marketing Online. Similitudes y Diferencias entre el Marketing en Internet y el Marketing Tradicional. En este t\u00f3pico te explicamos como funcionan algunos de los canales m\u00e1s importantes del marketing digital, para que te familiarices con los\u2026","rel":"","context":"Entrada similar","img":{"alt_text":"","src":"","width":0,"height":0},"classes":[]},{"id":118,"url":"https:\/\/www.marketingenred.net\/marketing-en-internet\/marketing-online\/","url_meta":{"origin":170,"position":4},"title":"Marketing Online. La tecnolog\u00eda es clave.","date":"27 agosto, 2011","format":false,"excerpt":"La importancia de la tecnolog\u00eda en el Marketing Online. Por Dar\u00edo Le\u00f3n Mendiondo (*). Algunas Empresas registran sus mayores ingresos a trav\u00e9s de la venta online. Sin Embargo, la gran mayor\u00eda, a\u00fan no advierte la importancia de establecer una estrategia hacia segmentos del mercado que concentran gran poder adquisitivo. A\u2026","rel":"","context":"Entrada similar","img":{"alt_text":"","src":"","width":0,"height":0},"classes":[]},{"id":176,"url":"https:\/\/www.marketingenred.net\/marketing-en-internet\/analisis-foda-ejemplos\/","url_meta":{"origin":170,"position":5},"title":"An\u00e1lisis Foda Ejemplos","date":"23 abril, 2012","format":false,"excerpt":"C\u00f3mo hacer un An\u00e1lisis FODA. Por Dar\u00edo Le\u00f3n Mendiondo (*). El an\u00e1lisis FODA es una metodolog\u00eda de estudio de la situaci\u00f3n de una empresa determinada. Se tienen en cuenta sus aspectos internos, los que denominamos Debilidades y Fortalezas. Y tambi\u00e9n los aspectos externos, a los que llamamos Amenazas y Oportunidades,\u2026","rel":"","context":"Entrada similar","img":{"alt_text":"","src":"","width":0,"height":0},"classes":[]}],"_links":{"self":[{"href":"https:\/\/www.marketingenred.net\/marketing-en-internet\/wp-json\/wp\/v2\/pages\/170"}],"collection":[{"href":"https:\/\/www.marketingenred.net\/marketing-en-internet\/wp-json\/wp\/v2\/pages"}],"about":[{"href":"https:\/\/www.marketingenred.net\/marketing-en-internet\/wp-json\/wp\/v2\/types\/page"}],"author":[{"embeddable":true,"href":"https:\/\/www.marketingenred.net\/marketing-en-internet\/wp-json\/wp\/v2\/users\/1"}],"replies":[{"embeddable":true,"href":"https:\/\/www.marketingenred.net\/marketing-en-internet\/wp-json\/wp\/v2\/comments?post=170"}],"version-history":[{"count":10,"href":"https:\/\/www.marketingenred.net\/marketing-en-internet\/wp-json\/wp\/v2\/pages\/170\/revisions"}],"predecessor-version":[{"id":767,"href":"https:\/\/www.marketingenred.net\/marketing-en-internet\/wp-json\/wp\/v2\/pages\/170\/revisions\/767"}],"wp:attachment":[{"href":"https:\/\/www.marketingenred.net\/marketing-en-internet\/wp-json\/wp\/v2\/media?parent=170"}],"curies":[{"name":"wp","href":"https:\/\/api.w.org\/{rel}","templated":true}]}}