{"id":174,"date":"2011-12-29T12:55:26","date_gmt":"2011-12-29T12:55:26","guid":{"rendered":"http:\/\/www.marketingenred.net\/marketing-en-internet\/introduccion-al-marketing-en-internet-y-marketing-online\/"},"modified":"2020-11-08T17:02:48","modified_gmt":"2020-11-08T17:02:48","slug":"marketing-en-internet-y-marketing-online","status":"publish","type":"page","link":"https:\/\/www.marketingenred.net\/marketing-en-internet\/marketing-en-internet-y-marketing-online\/","title":{"rendered":"Marketing en Internet"},"content":{"rendered":"<figure id=\"attachment_361\" aria-describedby=\"caption-attachment-361\" style=\"width: 150px\" class=\"wp-caption alignleft\"><img loading=\"lazy\" decoding=\"async\" data-attachment-id=\"361\" data-permalink=\"https:\/\/www.marketingenred.net\/marketing-en-internet\/marketing-en-internet-y-marketing-online\/002_06\/\" data-orig-file=\"https:\/\/i0.wp.com\/www.marketingenred.net\/marketing-en-internet\/wp-content\/uploads\/2018\/01\/002_06.jpg?fit=360%2C350&amp;ssl=1\" data-orig-size=\"360,350\" data-comments-opened=\"1\" data-image-meta=\"{&quot;aperture&quot;:&quot;0&quot;,&quot;credit&quot;:&quot;&quot;,&quot;camera&quot;:&quot;&quot;,&quot;caption&quot;:&quot;&quot;,&quot;created_timestamp&quot;:&quot;0&quot;,&quot;copyright&quot;:&quot;&quot;,&quot;focal_length&quot;:&quot;0&quot;,&quot;iso&quot;:&quot;0&quot;,&quot;shutter_speed&quot;:&quot;0&quot;,&quot;title&quot;:&quot;&quot;,&quot;orientation&quot;:&quot;0&quot;}\" data-image-title=\"marketing en internet\" data-image-description=\"&lt;p&gt;introducci\u00f3n al marketing en internet&lt;\/p&gt;\n\" data-medium-file=\"https:\/\/i0.wp.com\/www.marketingenred.net\/marketing-en-internet\/wp-content\/uploads\/2018\/01\/002_06.jpg?fit=300%2C292&amp;ssl=1\" data-large-file=\"https:\/\/i0.wp.com\/www.marketingenred.net\/marketing-en-internet\/wp-content\/uploads\/2018\/01\/002_06.jpg?fit=360%2C350&amp;ssl=1\" class=\"wp-image-361 size-thumbnail\" src=\"https:\/\/i0.wp.com\/www.marketingenred.net\/marketing-en-internet\/wp-content\/uploads\/2018\/01\/002_06-150x150.jpg?resize=150%2C150\" alt=\"c\u00f3mo hacer marketing online\" width=\"150\" height=\"150\" srcset=\"https:\/\/i0.wp.com\/www.marketingenred.net\/marketing-en-internet\/wp-content\/uploads\/2018\/01\/002_06.jpg?resize=150%2C150&amp;ssl=1 150w, https:\/\/i0.wp.com\/www.marketingenred.net\/marketing-en-internet\/wp-content\/uploads\/2018\/01\/002_06.jpg?resize=50%2C50&amp;ssl=1 50w, https:\/\/i0.wp.com\/www.marketingenred.net\/marketing-en-internet\/wp-content\/uploads\/2018\/01\/002_06.jpg?zoom=2&amp;resize=150%2C150&amp;ssl=1 300w\" sizes=\"(max-width: 150px) 100vw, 150px\" data-recalc-dims=\"1\" \/><figcaption id=\"caption-attachment-361\" class=\"wp-caption-text\">Marketing en Internet<\/figcaption><\/figure>\n<h2>C\u00f3mo hacer Marketing en Internet.<\/h2>\n<p>Por <a href=\"http:\/\/darioleonmendiondo.blogspot.com\">Dar\u00edo Le\u00f3n Mendiondo<\/a> (*).<\/p>\n<p>Caracter\u00edsticas y Tipos del Marketing Online. Similitudes y Diferencias entre el Marketing en Internet y el Marketing Tradicional. En este t\u00f3pico te explicamos como funcionan algunos de los canales m\u00e1s importantes del marketing digital, para que te familiarices con los t\u00e9rminos, su aplicaci\u00f3n y la tecnolog\u00eda que emplean.<\/p>\n<p><!--more--><strong>La Orientaci\u00f3n de las Empresas en el Siglo XXI<\/strong><\/p>\n<p>Desde los tiempos en que se desarroll\u00f3 la producci\u00f3n fabril hasta la actualidad, se distinguen claramente 4 etapas que nos muestran el cambio de orientaci\u00f3n estrat\u00e9gica que han experimentado las empresas al influjo de los cambios tecnol\u00f3gicos y los h\u00e1bitos de los consumidores.<\/p>\n<p>Podemos referenciarlas de este modo ubic\u00e1ndolas temporalmente en grandes rasgos a efectos de poder comprender como ha evolucionado el concepto de la venta hasta el presente:<\/p>\n<p>A partir de la Revoluci\u00f3n Industrial y durante el Siglo XIX las empresas se dedicaron a Producir para Vender (Orientaci\u00f3n a la Producci\u00f3n).<br \/>\nEn la Primera Mitad del Siglo XX la t\u00f3nica predominante en la empresas se centr\u00f3 en Vender lo que se Fabrica (Orientaci\u00f3n a la Venta).<br \/>\nDurante la Segunda Mitad del Siglo XX se impuso la tendencia de Fabricar lo que se Vende (Orientaci\u00f3n al Marketing).<br \/>\nY a partir del Siglo XXI la mayor\u00eda de las empresas comprendieron la importancia de La Gesti\u00f3n despu\u00e9s de la Venta (Orientaci\u00f3n al Cliente).<\/p>\n<h2>Para qu\u00e9 sirve el Marketing<\/h2>\n<p>Para detectar necesidades y deseos de los clientes. Conocer sus gustos y preferencias. Identificar su comportamiento. Satisfacer sus demandas. Generar confianza. Establecer relaciones duraderas.<\/p>\n<p><strong>Diferentes Acepciones relacionadas con el Marketing en Internet y los Medios Digitales<\/strong><\/p>\n<p>Todas ellas est\u00e1n vinculadas, y algunas son m\u00e1s espec\u00edficas que otras, pero la realidad indica que si hablamos de <strong>Marketing Digital<\/strong> estamos incluyendo a todas las modalidades:<\/p>\n<p>Marketing en Internet.<br \/>\nMarketing Online.<br \/>\ne-Marketing.<br \/>\nMarketing Electr\u00f3nico.<br \/>\nMarketing Digital.<\/p>\n<h3>Como Aplicar el Marketing en Internet<\/h3>\n<p>El Proceso de Marketing Tradicional consta de los siguientes pasos:<\/p>\n<p>Investigar el Mercado.<br \/>\nLuego de investigar, Segmentar el Mercado.<br \/>\nPosteriormente a la segmentaci\u00f3n, Seleccionar el Mercado Objetivo.<br \/>\nA continuaci\u00f3n, Posicionar los Productos y Servicios en el Mercado.<br \/>\nA posteriori, Establecer metas.<br \/>\nY finalmente, Desarrollar el Mix de Marketing.<\/p>\n<p>Mientras tanto, son diversas las aplicaciones del Marketing en Internet. Veamos algunas de ellas:<\/p>\n<p>Tenemos el CRM o Marketing Relacional, tambi\u00e9n conocido como gesti\u00f3n de las relaciones con el cliente.<br \/>\nTambi\u00e9n, el E-mail Marketing o marketing por correo electr\u00f3nico.<br \/>\nA su vez, el Search Marketing, que es el Marketing de buscadores.<br \/>\nEl Network Marketing, que es el marketing en red o multinivel.<br \/>\nMarketing Viral que es el marketing de replicaci\u00f3n masiva. En ese sentido las redes sociales juegan un rol fundamental.<br \/>\nEl Marketing Comunicacional o Comunicaci\u00f3n Integral de Marketing.<br \/>\nY el Marketing de Afiliaci\u00f3n, tambi\u00e9n llamado marketing de afiliados.<\/p>\n<h2>Marketing Relacional en tiempos de internet<\/h2>\n<p>Tambi\u00e9n se denomina CRM (Customer Relationship Management). Y es una rama del Marketing a trav\u00e9s de la cual se identifican las necesidades de los clientes y prospectos. Y en consecuencia, esas necesidades se canalizan mediante la construcci\u00f3n de relaciones personales (confianza) que brinden valor agregado (producto o servicio).<\/p>\n<p>En tal sentido, el Marketing Relacional permite consolidar una relaci\u00f3n de mutuos beneficios con nuestros clientes y facilita la fidelizaci\u00f3n de los mismos, ya que se produce un aumento de la implicancia del cliente con nuestra marca y\/o empresa.<\/p>\n<p>En Internet el Marketing Relacional est\u00e1 directamente relacionado con el E-mail Marketing ya que la inmensa mayor\u00eda de las personas se comunican a trav\u00e9s del E-mail.<\/p>\n<p>Tambi\u00e9n se aplica continuamente a trav\u00e9s de los Foros Tem\u00e1ticos, Grupos de Discusi\u00f3n y Redes Sociales. Estos son entornos en donde existe una fuerte interacci\u00f3n entre los participantes.<\/p>\n<h2>E-mail Marketing en el medio internet<\/h2>\n<p>Es el uso del e-mail con el objetivo de iniciar un di\u00e1logo de ida y vuelta con nuestros clientes y prospectos.<\/p>\n<p>Puede hacerse con fines comerciales o para generar confianza e interacci\u00f3n que permita fortalecer nuestra relaci\u00f3n con los mismos.<\/p>\n<p>Y debe ser ejecutado con prudencia y utilizando herramientas adecuadas que nos permitan medir el impacto de las campa\u00f1as. Por tanto, debemos analizar los resultados para hacer el seguimiento posterior aplicando un correcto CRM.<\/p>\n<h2>Search Marketing<\/h2>\n<p>Es lo que se conoce como marketing de buscadores, o tambi\u00e9n como SEM (Search Engine Marketing).<\/p>\n<p>Es una t\u00e9cnica de marketing en Internet cuyo prop\u00f3sito es aumentar la notoriedad de un sitio web en los resultados de los buscadores.<\/p>\n<p>Se aplica a trav\u00e9s de dos formas, Search Engine Optimization, mas conocido como SEO, y el Per Pay Clic, cuya abreviaci\u00f3n es el popular PPC o pago por click.<\/p>\n<p>En SEO un sitio web puede aumentar su visibilidad en los resultados de una b\u00fasqueda a trav\u00e9s de la optimizaci\u00f3n para los motores de b\u00fasqueda.<\/p>\n<p>En el caso de Pay per Click la clave es realizar una campa\u00f1a de pago por clic que le permita estar entre los primeros lugares de los resultados de los buscadores como enlaces patrocinados.<\/p>\n<h2>Marketing Multinivel<\/h2>\n<p>Tambi\u00e9n conocido como Network Marketing. El MLM (Marketing Multinivel) o Marketing de Redes es una forma de distribuci\u00f3n de productos y servicios, directamente desde el fabricante al consumidor final. Y sin intermediarios.<\/p>\n<p>A su vez, funciona a trav\u00e9s del consumo personal y recomendaciones de unos a otros. Esto permite generar continuas ganancias a trav\u00e9s de las redes de distribuci\u00f3n en forma de pir\u00e1mide constituidas en varios niveles.<\/p>\n<h2>Marketing de Afiliados<\/h2>\n<p>Son conocidos como Programas de Afiliados o Programas de Afiliaci\u00f3n.<br \/>\nEs un sistema que permite que los asociados puedan obtener un beneficio promocionando de alguna manera los productos y\/o servicios de terceros.<\/p>\n<p>En ese sentido, la promoci\u00f3n de los productos y servicios se realiza a trav\u00e9s de publicidad online en sitios web, e-mails, foros y comunidades online.<\/p>\n<p>Los Programas de Afiliados son muy convenientes para quienes inician sus actividades en internet ya que no necesitan desarrollar sus propios productos. Y pueden comenzar a rentabilizar su negocio comercializando productos y servicios de terceros.<\/p>\n<p>En suma, para quienes desarrollan sus propios productos y servicios constituyen una excelente opci\u00f3n para distribuirlos masivamente.<\/p>\n<p>Adem\u00e1s, es una cl\u00e1sica relaci\u00f3n GANAR-GANAR en la que dependiendo del modelo de negocios aplicado, las comisiones van desde un 10% hasta un 50%.<\/p>\n<h2>Marketing Viral<\/h2>\n<p>El marketing viral es una t\u00e9cnica comercial. Utiliza diferentes redes para promover que las personas que integran esas comunidades transmitan r\u00e1pidamente un mensaje a sus amigos, familiares y contactos comerciales.<br \/>\nEsta t\u00e9cnica permite generar un crecimiento exponencial en la exposici\u00f3n de dicho mensaje.<\/p>\n<p>Su t\u00e9rmino (viral) proviene de su propia naturaleza de propagaci\u00f3n ya que utiliza procedimientos de autorreplicaci\u00f3n muy parecidos a los <a href=\"http:\/\/www.marketingenred.net\/marketing-en-internet\/como-se-propagan-los-virus-en-internet\/\">virus inform\u00e1ticos<\/a>.<\/p>\n<p>El entorno de Internet constituye un medio muy apropiado para el desarrollo de campa\u00f1as de marketing viral ya que las comunicaciones son muy simples y de bajo costo.<\/p>\n<p>A modo de ejemplo, cabe citar a \u201cHotmail\u201d, cuyo servicio de correo gratuito se propag\u00f3 viralmente en los comienzos de la era de internet, utilizando una sencilla t\u00e9cnica.<\/p>\n<p>Al pie de cada correo que enviaban los usuarios, se inclu\u00eda un ofrecimiento para abrir una cuenta gratis. As\u00ed, los propios usuarios del sistema promocionaban de modo viral la apertura de miles de cuentas gratuitas.<\/p>\n<h2>Marketing Comunicacional<\/h2>\n<p>Tambi\u00e9n se denomina Comunicaci\u00f3n Integral de Marketing (ICM).<br \/>\nDise\u00f1a y transmite mensajes que potencien los objetivos comerciales de la empresa. Refuerza el rendimiento de la publicidad y otras actividades comerciales.<\/p>\n<p>Su objetivo es alcanzar una comunicaci\u00f3n adecuada con clientes, p\u00fablico objetivo y grupos de inter\u00e9s. A trav\u00e9s del ICM, se posiciona la imagen de la empresa, sus servicios y productos, lo cual contribuye a fidelizar a los clientes.<\/p>\n<p>La Comunicaci\u00f3n Integral genera uniformidad y cohesi\u00f3n a trav\u00e9s de la planeaci\u00f3n, coordinaci\u00f3n e integraci\u00f3n de todos los mensajes creados por la empresa, los cuales son transmitidos por varios departamentos.<\/p>\n<p>A su vez, implica que todos los mensajes corporativos, posicionamiento, im\u00e1genes e identidad, se coordinen en todas las v\u00edas de difusi\u00f3n. Siendo fundamental la cohesi\u00f3n de los mismos.<\/p>\n<p>Finalmente, los elementos que componen una Comunicaci\u00f3n Integral de Marketing son Publicidad, Relaciones P\u00fablicas, Promoci\u00f3n de Ventas, Venta Personal, Propaganda y Buzz Marketing.<\/p>\n<h3>Elementos de la Comunicaci\u00f3n Integral de Marketing<\/h3>\n<p>La Publicidad son los esfuerzos de marketing donde anunciamos nuestros productos y\/o servicios en diferentes medios de comunicaci\u00f3n PAGANDO por esos anuncios.<\/p>\n<p>Mientras que la Promoci\u00f3n de Ventas es la estrategia de marketing que consiste en ofrecer descuentos, rebajas, muestras gratis, rifas, etc.<\/p>\n<p>A su vez, la Venta Personal consiste en anunciarnos directamente con nuestros posibles clientes.<\/p>\n<p>En tanto, las relaciones p\u00fablicas buscan crear buenas relaciones con los diversos p\u00fablicos de una compa\u00f1\u00eda, para obtener una imagen corporativa favorable.<\/p>\n<p>Cabe se\u00f1alar que la Propaganda no debe confundirse con Publicidad. La diferencia consiste en que la publicidad es PAGA y la propaganda NO SE PAGA.<\/p>\n<p>Mientras que el Buzz Marketing es la comunicaci\u00f3n de boca en boca acerca de nuestro producto y\/o marca, generada por la empresa.<\/p>\n<h2>Estrategias de Marketing en Internet<\/h2>\n<p>Algunas estrategias de marketing online que no pueden faltar en tu empresa son:<\/p>\n<ul>\n<li>Desarrollo de Web con tecnolog\u00eda 2.0 para facilitar la Interacci\u00f3n de los usuarios entre s\u00ed y con la marca.<\/li>\n<li>Alta y Posicionamiento en los principales Buscadores, Google, Yahoo y Bing. Mantenimiento SEO y SEM de los mismos.<\/li>\n<li>Actualizaci\u00f3n constante de contenidos orientando la Web hacia el cliente para agregar Informaci\u00f3n de valor para el visitante<\/li>\n<li>Env\u00edo de Comunicados de Prensa a los Medios de Comunicaci\u00f3n Online y Tradicionales. Esto se conoce como Publicity.<\/li>\n<li>Env\u00edo de Boletines Electr\u00f3nicos o Newsletters para fidelizar suscriptores.<\/li>\n<li>Intercambio de Enlaces (Links) en el marco de una estrategia de Link Building.<\/li>\n<li>Participaci\u00f3n en Foros y Grupos de discusi\u00f3n.<\/li>\n<li>Inscripci\u00f3n en Redes Sociales (Facebook, Twitter e Instagram, etc.) e interacci\u00f3n en las Redes Comerciales (Xing, Viadeo y Linkedin).<\/li>\n<li>Desarrollar Encuestas y Concursos para obtener datos y publicar en Feeds de Noticias para tener visibilidad en otros Websites.<\/li>\n<\/ul>\n<p>Esperamos que esta Introducci\u00f3n al Marketing en Internet te resulte \u00fatil para desarrollar tu negocio en la red.<br \/>\nPor nuestra parte, agradecemos tu tiempo y quedamos a disposici\u00f3n para lo que necesites.<\/p>\n<p>(*) Acerca del Autor<\/p>\n<p>M\u00e1ster en Marketing Digital, Comunicaci\u00f3n e Internet 3.0<br \/>\nDirector Ejecutivo de Marketing en Red y Gu\u00eda del Emprendedor, con su red de sitios asociados.<\/p>\n<p>Si quieres saber m\u00e1s acerca del marketing en internet, aprende como hacer <a href=\"https:\/\/www.marketingenred.net\/marketing-en-internet\/como-posicionar-a-tu-empresa-en-los-buscadores\/\">Marketing de Buscadores<\/a>. Esta es una actividad esencial para el posicionamiento en internet.<\/p>\n","protected":false},"excerpt":{"rendered":"<p>C\u00f3mo hacer Marketing en Internet. Por Dar\u00edo Le\u00f3n Mendiondo (*). Caracter\u00edsticas y Tipos del Marketing<\/p>\n","protected":false},"author":1,"featured_media":0,"parent":0,"menu_order":0,"comment_status":"closed","ping_status":"closed","template":"","meta":{"om_disable_all_campaigns":false,"_monsterinsights_skip_tracking":false,"_monsterinsights_sitenote_active":false,"_monsterinsights_sitenote_note":"","_monsterinsights_sitenote_category":0,"_uf_show_specific_survey":0,"_uf_disable_surveys":false,"spay_email":"","twitterCardType":"summary_large_image","cardImageID":0,"cardImage":"http:\/\/www.marketingenred.net\/marketing-en-internet\/wp-content\/uploads\/2018\/01\/002_06.jpg","cardTitle":"","cardDesc":"","cardImageAlt":"","cardPlayer":"","cardPlayerWidth":0,"cardPlayerHeight":0,"cardPlayerStream":"","cardPlayerCodec":"","footnotes":""},"class_list":["post-174","page","type-page","status-publish","hentry"],"jetpack_sharing_enabled":false,"jetpack_shortlink":"https:\/\/wp.me\/P9wWBy-2O","jetpack_likes_enabled":false,"jetpack-related-posts":[{"id":949,"url":"https:\/\/www.marketingenred.net\/marketing-en-internet\/","url_meta":{"origin":174,"position":0},"title":"Marketing en Red. El arte del Marketing Digital","date":"15 noviembre, 2020","format":false,"excerpt":"Aplicaciones del Marketing En Marketing en Red puedes consultar las \u00faltimas novedades sobre Marketing Digital El e-mail Marketing, en la era del Social Media.\u00bfSabes lo que es el market share? Es tu porci\u00f3n de la torta!Aplicaci\u00f3n del SEO y SEM para Posicionamiento.Estrategias de Marketing en Internet. Estrategias de Marketing en\u2026","rel":"","context":"Entrada similar","img":{"alt_text":"marketing en red","src":"https:\/\/i1.wp.com\/www.marketingenred.net\/marketing-en-internet\/wp-content\/uploads\/2020\/11\/pexels-photo-2433164.jpeg?fit=1200%2C800&ssl=1&resize=350%2C200","width":350,"height":200},"classes":[]},{"id":118,"url":"https:\/\/www.marketingenred.net\/marketing-en-internet\/marketing-online\/","url_meta":{"origin":174,"position":1},"title":"Marketing Online. La tecnolog\u00eda es clave.","date":"27 agosto, 2011","format":false,"excerpt":"La importancia de la tecnolog\u00eda en el Marketing Online. Por Dar\u00edo Le\u00f3n Mendiondo (*). Algunas Empresas registran sus mayores ingresos a trav\u00e9s de la venta online. Sin Embargo, la gran mayor\u00eda, a\u00fan no advierte la importancia de establecer una estrategia hacia segmentos del mercado que concentran gran poder adquisitivo. A\u2026","rel":"","context":"Entrada similar","img":{"alt_text":"","src":"","width":0,"height":0},"classes":[]},{"id":474,"url":"https:\/\/www.marketingenred.net\/marketing-en-internet\/innovacion-empresarial\/","url_meta":{"origin":174,"position":2},"title":"La Innovaci\u00f3n en la Estrategia Empresarial","date":"14 febrero, 2018","format":false,"excerpt":"\u00bfEst\u00e1s preparado para los nuevos desaf\u00edos de un mundo extremadamente competitivo? Las Empresas necesitan reinventarse y adecuarse a las nuevas tendencias y necesidades que surgen como consecuencia de la irrupci\u00f3n tecnol\u00f3gica. La innovaci\u00f3n empresarial nunca fue tan determinante como en estos tiempos. Que hacer para abrirse paso en un mercado\u2026","rel":"","context":"Entrada similar","img":{"alt_text":"innovaci\u00c3\u00b3n y marketing","src":"https:\/\/i2.wp.com\/www.marketingenred.net\/marketing-en-internet\/wp-content\/uploads\/2018\/02\/innovacion.png?resize=350%2C200","width":350,"height":200},"classes":[]},{"id":177,"url":"https:\/\/www.marketingenred.net\/marketing-en-internet\/posicionamiento-de-un-producto\/","url_meta":{"origin":174,"position":3},"title":"Posicionamiento de un Producto","date":"23 abril, 2012","format":false,"excerpt":"Qu\u00e9 es el posicionamiento de un producto Por Dar\u00edo Le\u00f3n Mendiondo (*). Ya hemos visto un ejemplo de an\u00e1lisis FODA aplicado a un producto en v\u00edas de lanzamiento. Ahora analizaremos los aspectos de Posicionamiento y la aplicaci\u00f3n del mix de marketing. El Posicionamiento de un Producto o Servicio es b\u00e1sicamente\u2026","rel":"","context":"Entrada similar","img":{"alt_text":"","src":"","width":0,"height":0},"classes":[]},{"id":116,"url":"https:\/\/www.marketingenred.net\/marketing-en-internet\/el-marketing-y-el-deporte-una-nueva-relacion\/","url_meta":{"origin":174,"position":4},"title":"Marketing y Deporte. Una nueva relaci\u00f3n","date":"27 agosto, 2011","format":false,"excerpt":"El auge del Marketing Deportivo. Las Marcas cada vez invierten m\u00e1s en sus estrategias de Marketing. La relaci\u00f3n entre el marketing y el deporte se ha intensificado en el siglo 21. El uso de las herramientas de marketing en el \u00e1mbito deportivo se ha universalizado. La Publicidad juega un rol\u2026","rel":"","context":"Entrada similar","img":{"alt_text":"","src":"","width":0,"height":0},"classes":[]},{"id":149,"url":"https:\/\/www.marketingenred.net\/marketing-en-internet\/estrategias-de-marketing-para-pymes\/","url_meta":{"origin":174,"position":5},"title":"Estrategias de Marketing para Pymes","date":"6 noviembre, 2011","format":false,"excerpt":"Estrategias para peque\u00f1as y medianas empresas \u00bfQuieres \"Potenciar La Comercializaci\u00f3n\" De Tu Empresa? Por Jordys Gonzalez (*). Lo que voy a compartir contigo en este art\u00edculo, podr\u00eda sonar como muy l\u00f3gico, pero cr\u00e9eme, y esta es al menos mi experiencia, que m\u00e1s del 85% de los propietarios de PyMEs me\u2026","rel":"","context":"Entrada similar","img":{"alt_text":"","src":"","width":0,"height":0},"classes":[]}],"_links":{"self":[{"href":"https:\/\/www.marketingenred.net\/marketing-en-internet\/wp-json\/wp\/v2\/pages\/174"}],"collection":[{"href":"https:\/\/www.marketingenred.net\/marketing-en-internet\/wp-json\/wp\/v2\/pages"}],"about":[{"href":"https:\/\/www.marketingenred.net\/marketing-en-internet\/wp-json\/wp\/v2\/types\/page"}],"author":[{"embeddable":true,"href":"https:\/\/www.marketingenred.net\/marketing-en-internet\/wp-json\/wp\/v2\/users\/1"}],"replies":[{"embeddable":true,"href":"https:\/\/www.marketingenred.net\/marketing-en-internet\/wp-json\/wp\/v2\/comments?post=174"}],"version-history":[{"count":18,"href":"https:\/\/www.marketingenred.net\/marketing-en-internet\/wp-json\/wp\/v2\/pages\/174\/revisions"}],"predecessor-version":[{"id":774,"href":"https:\/\/www.marketingenred.net\/marketing-en-internet\/wp-json\/wp\/v2\/pages\/174\/revisions\/774"}],"wp:attachment":[{"href":"https:\/\/www.marketingenred.net\/marketing-en-internet\/wp-json\/wp\/v2\/media?parent=174"}],"curies":[{"name":"wp","href":"https:\/\/api.w.org\/{rel}","templated":true}]}}