{"id":175,"date":"2012-01-08T13:24:45","date_gmt":"2012-01-08T13:24:45","guid":{"rendered":"http:\/\/www.marketingenred.net\/marketing-en-internet\/como-crear-un-producto-y-o-servicio\/"},"modified":"2020-11-08T15:20:27","modified_gmt":"2020-11-08T15:20:27","slug":"como-crear-un-producto-y-o-servicio","status":"publish","type":"page","link":"https:\/\/www.marketingenred.net\/marketing-en-internet\/como-crear-un-producto-y-o-servicio\/","title":{"rendered":"Como crear un Producto y\/o Servicio"},"content":{"rendered":"<figure id=\"attachment_329\" aria-describedby=\"caption-attachment-329\" style=\"width: 150px\" class=\"wp-caption alignleft\"><img loading=\"lazy\" decoding=\"async\" data-attachment-id=\"329\" data-permalink=\"https:\/\/www.marketingenred.net\/marketing-en-internet\/como-crear-un-producto-y-o-servicio\/moneyforxmashp7\/\" data-orig-file=\"https:\/\/i0.wp.com\/www.marketingenred.net\/marketing-en-internet\/wp-content\/uploads\/2018\/01\/moneyforxmashp7.jpg?fit=220%2C165&amp;ssl=1\" data-orig-size=\"220,165\" data-comments-opened=\"1\" data-image-meta=\"{&quot;aperture&quot;:&quot;0&quot;,&quot;credit&quot;:&quot;&quot;,&quot;camera&quot;:&quot;&quot;,&quot;caption&quot;:&quot;&quot;,&quot;created_timestamp&quot;:&quot;0&quot;,&quot;copyright&quot;:&quot;&quot;,&quot;focal_length&quot;:&quot;0&quot;,&quot;iso&quot;:&quot;0&quot;,&quot;shutter_speed&quot;:&quot;0&quot;,&quot;title&quot;:&quot;&quot;,&quot;orientation&quot;:&quot;0&quot;}\" data-image-title=\"Crear un Producto\" data-image-description=\"&lt;p&gt;5 pasos para aprender a crear productos y servicios&lt;\/p&gt;\n\" data-medium-file=\"https:\/\/i0.wp.com\/www.marketingenred.net\/marketing-en-internet\/wp-content\/uploads\/2018\/01\/moneyforxmashp7.jpg?fit=220%2C165&amp;ssl=1\" data-large-file=\"https:\/\/i0.wp.com\/www.marketingenred.net\/marketing-en-internet\/wp-content\/uploads\/2018\/01\/moneyforxmashp7.jpg?fit=220%2C165&amp;ssl=1\" class=\"size-thumbnail wp-image-329\" src=\"https:\/\/i0.wp.com\/www.marketingenred.net\/marketing-en-internet\/wp-content\/uploads\/2018\/01\/moneyforxmashp7-150x150.jpg?resize=150%2C150\" alt=\"Aprende a crear un Producto\" width=\"150\" height=\"150\" srcset=\"https:\/\/i0.wp.com\/www.marketingenred.net\/marketing-en-internet\/wp-content\/uploads\/2018\/01\/moneyforxmashp7.jpg?resize=150%2C150&amp;ssl=1 150w, https:\/\/i0.wp.com\/www.marketingenred.net\/marketing-en-internet\/wp-content\/uploads\/2018\/01\/moneyforxmashp7.jpg?resize=50%2C50&amp;ssl=1 50w\" sizes=\"(max-width: 150px) 100vw, 150px\" data-recalc-dims=\"1\" \/><figcaption id=\"caption-attachment-329\" class=\"wp-caption-text\">Como crear un Producto y\/o Servicio<\/figcaption><\/figure>\n<h2>Como crear tu producto<\/h2>\n<p>Antes de lanzar un producto y\/o servicio al mercado debemos cumplir necesariamente con una serie de pasos que nos permitan tener cierta previsibilidad acerca del desempe\u00f1o que puede tener el mismo en el nicho al que nos queremos dirigir.<\/p>\n<p>Aqu\u00ed te lo explico en 6 pasos.<\/p>\n<p>Por Dar\u00edo Le\u00f3n Mendiondo (*).<\/p>\n<p><!--more--><\/p>\n<h3>Como crear un servicio a partir de una Idea.<\/h3>\n<p>El primer paso para crear un producto y\/o servicio es la Generaci\u00f3n de ideas. Podemos utilizar un sistema de tormenta de ideas (brainstorming) a efectos de manejar diversas posibilidades y alternativas sin descartar a priori ninguna. Toda idea por m\u00e1s descabellada que pueda resultar en el primer instante, podr\u00eda convertirse sorpresivamente en el punto de partida de un proyecto brillante.<\/p>\n<h3>An\u00e1lisis FODA del producto o servicio.<\/h3>\n<p>En la etapa siguiente, debemos evaluar las ideas sobre el nuevo producto y\/o servicio, realizando un an\u00e1lisis FODA. As\u00ed podremos detectar las amenazas y debilidades para transformarlas en oportunidades y fortalezas.<\/p>\n<h3>An\u00e1lisis del Sector. Macro y Micro entorno.<\/h3>\n<p>Luego debemos hacer un minucioso estudio y an\u00e1lisis del negocio. Si la idea logra pasar esta fase, debemos elaborar una propuesta de negocio para el producto. En este an\u00e1lisis debemos considerar las caracter\u00edsticas del producto y\/o servicio, los beneficios que puede ofrecer a los consumidores. Tambi\u00e9n la demanda del mercado, las estimaciones de rentabilidad y un programa de desarrollo para elaborarlo.<\/p>\n<h3>Como desarrollar un Producto y\/o Servicio<\/h3>\n<p>Posteriormente, debemos abordar el desarrollo del producto y\/o servicio. En esta etapa se concibe f\u00edsicamente el producto, y en caso de ser un servicio se describe detalladamente. Se enumeran las especificaciones y se fabrica un prototipo ( producto ), o se hace una simulaci\u00f3n ( servicio ) para someterlo a pruebas de venta.<\/p>\n<h3>Como crear un producto y hacer el Test de Mercado<\/h3>\n<p>Ya estamos en la etapa de realizaci\u00f3n del Test de mercado. Tenemos que probar y testear el producto y\/o servicio en peque\u00f1os segmentos del mercado al que nos dirigimos. As\u00ed podremos determinar si conviene o no invertir el dinero. Es la etapa en la que se toma la decisi\u00f3n de inversi\u00f3n.<\/p>\n<h3>Como crear un producto o servicio e introducirlo en el mercado<\/h3>\n<p>Por \u00faltimo, ingresamos en la fase de Comercializaci\u00f3n. Es la etapa en la que se desarrollan los programas de marketing para introducirlo al mercado.<\/p>\n<p>Como ver\u00e1s, para <a href=\"https:\/\/magentaig.com\/consejos-para-crear-un-nuevo-producto\/\" target=\"_blank\" rel=\"noopener noreferrer\">crear un producto o servicio<\/a>, la etapa de planificaci\u00f3n y desarrollo es bastante compleja, ya que en todos estos pasos, se requieren recursos financieros, recursos materiales y recursos humanos. Y es indispensable recorrer este camino. Hoy en d\u00eda, hay que fabricar lo que efectivamente se vende y no intentar vender lo que se fabrica en forma compulsiva.<\/p>\n<p>Los tiempos han cambiado y lo m\u00e1s importante es que tu proceso de producci\u00f3n siempre debe estar orientado hacia las necesidades de los consumidores. No se trata de fabricar m\u00e1s para vender m\u00e1s a presi\u00f3n. Sino que debemos fabricar, producir o generar productos y servicios que efectivamente sean demandados por los consumidores. Es decir, lo que nuestros futuros clientes est\u00e1n buscando.<\/p>\n<p>(*) Director de Marketing en Red.<\/p>\n<p>Ver tambi\u00e9n: <a href=\"http:\/\/www.marketingenred.net\/marketing-en-internet\/marketing-de-servicios-3-pasos-esenciales-para-vender-servicios-online\/\">Marketing de Servicios<\/a><\/p>\n","protected":false},"excerpt":{"rendered":"<p>Como crear tu producto Antes de lanzar un producto y\/o servicio al mercado debemos cumplir<\/p>\n","protected":false},"author":1,"featured_media":0,"parent":0,"menu_order":0,"comment_status":"closed","ping_status":"closed","template":"","meta":{"om_disable_all_campaigns":false,"_monsterinsights_skip_tracking":false,"_monsterinsights_sitenote_active":false,"_monsterinsights_sitenote_note":"","_monsterinsights_sitenote_category":0,"_uf_show_specific_survey":0,"_uf_disable_surveys":false,"spay_email":"","twitterCardType":"summary","cardImageID":0,"cardImage":"http:\/\/www.marketingenred.net\/marketing-en-internet\/wp-content\/uploads\/2018\/01\/moneyforxmashp7.jpg","cardTitle":"","cardDesc":"","cardImageAlt":"","cardPlayer":"","cardPlayerWidth":0,"cardPlayerHeight":0,"cardPlayerStream":"","cardPlayerCodec":"","footnotes":""},"class_list":["post-175","page","type-page","status-publish","hentry"],"jetpack_sharing_enabled":false,"jetpack_shortlink":"https:\/\/wp.me\/P9wWBy-2P","jetpack_likes_enabled":false,"jetpack-related-posts":[{"id":144,"url":"https:\/\/www.marketingenred.net\/marketing-en-internet\/marketing-de-servicios\/","url_meta":{"origin":175,"position":0},"title":"Marketing de Servicios: 3 Pasos Esenciales para Vender Servicios Online","date":"6 noviembre, 2011","format":false,"excerpt":"Qu\u00e9 es el Marketing de Servicios (*) Por Miguel \u00c1ngel de Alz\u00e1a. Los SERVICIOS ocupan el espacio m\u00e1s grande en el mundo de los negocios y a la vez, los servicios son la oportunidad de negocios m\u00e1s pasada por alto en Internet. Pero si usted ofreciera sus servicios online, t\u00e9ngalo\u2026","rel":"","context":"Entrada similar","img":{"alt_text":"","src":"","width":0,"height":0},"classes":[]},{"id":177,"url":"https:\/\/www.marketingenred.net\/marketing-en-internet\/posicionamiento-de-un-producto\/","url_meta":{"origin":175,"position":1},"title":"Posicionamiento de un Producto","date":"23 abril, 2012","format":false,"excerpt":"Qu\u00e9 es el posicionamiento de un producto Por Dar\u00edo Le\u00f3n Mendiondo (*). Ya hemos visto un ejemplo de an\u00e1lisis FODA aplicado a un producto en v\u00edas de lanzamiento. Ahora analizaremos los aspectos de Posicionamiento y la aplicaci\u00f3n del mix de marketing. El Posicionamiento de un Producto o Servicio es b\u00e1sicamente\u2026","rel":"","context":"Entrada similar","img":{"alt_text":"","src":"","width":0,"height":0},"classes":[]},{"id":125,"url":"https:\/\/www.marketingenred.net\/marketing-en-internet\/marketing-directo-ejemplos\/","url_meta":{"origin":175,"position":2},"title":"Marketing Directo Ejemplos","date":"6 noviembre, 2011","format":false,"excerpt":"C\u00f3mo hacer Marketing Directo Su relaci\u00f3n con la Publicidad, la Promoci\u00f3n y la Venta. La publicidad, sea gr\u00e1fica, en v\u00eda p\u00fablica, internet y\/o trav\u00e9s de los medios masivos de comunicaci\u00f3n, es una herramienta muy potente cuando se combina con acciones de promoci\u00f3n y ventas, dirigidas a segmentos espec\u00edficos. Marketing Personal\u2026","rel":"","context":"Entrada similar","img":{"alt_text":"","src":"","width":0,"height":0},"classes":[]},{"id":170,"url":"https:\/\/www.marketingenred.net\/marketing-en-internet\/descubra-el-poder-del-email-marketing\/","url_meta":{"origin":175,"position":3},"title":"El poder del email marketing","date":"9 noviembre, 2011","format":false,"excerpt":"\u00bfQui\u00e9n puede practicar el email marketing? Por Jonathan Baldovino (*). Mito: Solo empresas u organizaciones con grandes presupuestos, enormes bases de datos y con un departamento de comunicaci\u00f3n o marketing pueden hacerlo. Realidad: Cualquier persona, pyme, mediana o gran empresa puede hacerlo. Sin importar el tama\u00f1o de su base de\u2026","rel":"","context":"Entrada similar","img":{"alt_text":"","src":"","width":0,"height":0},"classes":[]},{"id":949,"url":"https:\/\/www.marketingenred.net\/marketing-en-internet\/","url_meta":{"origin":175,"position":4},"title":"Marketing en Red. El arte del Marketing Digital","date":"15 noviembre, 2020","format":false,"excerpt":"Aplicaciones del Marketing En Marketing en Red puedes consultar las \u00faltimas novedades sobre Marketing Digital El e-mail Marketing, en la era del Social Media.\u00bfSabes lo que es el market share? Es tu porci\u00f3n de la torta!Aplicaci\u00f3n del SEO y SEM para Posicionamiento.Estrategias de Marketing en Internet. Estrategias de Marketing en\u2026","rel":"","context":"Entrada similar","img":{"alt_text":"marketing en red","src":"https:\/\/i1.wp.com\/www.marketingenred.net\/marketing-en-internet\/wp-content\/uploads\/2020\/11\/pexels-photo-2433164.jpeg?fit=1200%2C800&ssl=1&resize=350%2C200","width":350,"height":200},"classes":[]},{"id":171,"url":"https:\/\/www.marketingenred.net\/marketing-en-internet\/cliente-ideal\/","url_meta":{"origin":175,"position":5},"title":"C\u00f3mo llegar a nuestro cliente ideal y potenciales clientes","date":"9 noviembre, 2011","format":false,"excerpt":"Aspectos que debemos considerar al gestionar nuestras comunicaciones para saber c\u00f3mo conseguir el cliente ideal. Por M\u00f3nica Calzia (*) El cliente ideal es aquel que se encuentra satisfecho con tu producto o servicio y tambi\u00e9n con su precio. Act\u00faa como un promotor espont\u00e1neo, lo cual mejora positivamente tu reputaci\u00f3n y\u2026","rel":"","context":"Entrada similar","img":{"alt_text":"","src":"","width":0,"height":0},"classes":[]}],"_links":{"self":[{"href":"https:\/\/www.marketingenred.net\/marketing-en-internet\/wp-json\/wp\/v2\/pages\/175"}],"collection":[{"href":"https:\/\/www.marketingenred.net\/marketing-en-internet\/wp-json\/wp\/v2\/pages"}],"about":[{"href":"https:\/\/www.marketingenred.net\/marketing-en-internet\/wp-json\/wp\/v2\/types\/page"}],"author":[{"embeddable":true,"href":"https:\/\/www.marketingenred.net\/marketing-en-internet\/wp-json\/wp\/v2\/users\/1"}],"replies":[{"embeddable":true,"href":"https:\/\/www.marketingenred.net\/marketing-en-internet\/wp-json\/wp\/v2\/comments?post=175"}],"version-history":[{"count":8,"href":"https:\/\/www.marketingenred.net\/marketing-en-internet\/wp-json\/wp\/v2\/pages\/175\/revisions"}],"predecessor-version":[{"id":748,"href":"https:\/\/www.marketingenred.net\/marketing-en-internet\/wp-json\/wp\/v2\/pages\/175\/revisions\/748"}],"wp:attachment":[{"href":"https:\/\/www.marketingenred.net\/marketing-en-internet\/wp-json\/wp\/v2\/media?parent=175"}],"curies":[{"name":"wp","href":"https:\/\/api.w.org\/{rel}","templated":true}]}}