{"id":176,"date":"2012-04-23T20:16:30","date_gmt":"2012-04-23T20:16:30","guid":{"rendered":"http:\/\/www.marketingenred.net\/marketing-en-internet\/analisis-foda-ejemplos\/"},"modified":"2020-11-08T18:45:51","modified_gmt":"2020-11-08T18:45:51","slug":"analisis-foda-ejemplos","status":"publish","type":"page","link":"https:\/\/www.marketingenred.net\/marketing-en-internet\/analisis-foda-ejemplos\/","title":{"rendered":"An\u00e1lisis Foda Ejemplos"},"content":{"rendered":"<figure id=\"attachment_292\" aria-describedby=\"caption-attachment-292\" style=\"width: 150px\" class=\"wp-caption alignleft\"><img loading=\"lazy\" decoding=\"async\" data-attachment-id=\"292\" data-permalink=\"https:\/\/www.marketingenred.net\/marketing-en-internet\/analisis-foda-ejemplos\/200028867-003\/\" data-orig-file=\"https:\/\/i1.wp.com\/www.marketingenred.net\/marketing-en-internet\/wp-content\/uploads\/2018\/01\/004_45.jpg?fit=193%2C280&amp;ssl=1\" data-orig-size=\"193,280\" data-comments-opened=\"1\" data-image-meta=\"{&quot;aperture&quot;:&quot;0&quot;,&quot;credit&quot;:&quot;Getty Images&quot;,&quot;camera&quot;:&quot;&quot;,&quot;caption&quot;:&quot;Woman doing income taxes, close-up of hands and laptop&quot;,&quot;created_timestamp&quot;:&quot;0&quot;,&quot;copyright&quot;:&quot;(c) Ken Reid&quot;,&quot;focal_length&quot;:&quot;0&quot;,&quot;iso&quot;:&quot;0&quot;,&quot;shutter_speed&quot;:&quot;0&quot;,&quot;title&quot;:&quot;200028867-003&quot;,&quot;orientation&quot;:&quot;0&quot;}\" data-image-title=\"Analisis FODA Ejemplos\" data-image-description=\"&lt;p&gt;C\u00f3mo hacer una An\u00e1lisis FODA&lt;\/p&gt;\n\" data-medium-file=\"https:\/\/i1.wp.com\/www.marketingenred.net\/marketing-en-internet\/wp-content\/uploads\/2018\/01\/004_45.jpg?fit=193%2C280&amp;ssl=1\" data-large-file=\"https:\/\/i1.wp.com\/www.marketingenred.net\/marketing-en-internet\/wp-content\/uploads\/2018\/01\/004_45.jpg?fit=193%2C280&amp;ssl=1\" class=\"wp-image-292 size-thumbnail\" title=\"Fortalezas, Debilidades, Oportunidades y Amenazas\" src=\"https:\/\/i1.wp.com\/www.marketingenred.net\/marketing-en-internet\/wp-content\/uploads\/2018\/01\/004_45.jpg?resize=150%2C150&#038;ssl=1\" alt=\"Analisis FODA\" width=\"150\" height=\"150\" srcset=\"https:\/\/i1.wp.com\/www.marketingenred.net\/marketing-en-internet\/wp-content\/uploads\/2018\/01\/004_45.jpg?resize=150%2C150&amp;ssl=1 150w, https:\/\/i1.wp.com\/www.marketingenred.net\/marketing-en-internet\/wp-content\/uploads\/2018\/01\/004_45.jpg?resize=50%2C50&amp;ssl=1 50w\" sizes=\"(max-width: 150px) 100vw, 150px\" data-recalc-dims=\"1\" \/><figcaption id=\"caption-attachment-292\" class=\"wp-caption-text\">An\u00e1lisis FODA Ejemplos<\/figcaption><\/figure>\n<h2>C\u00f3mo hacer un An\u00e1lisis FODA.<\/h2>\n<p>Por Dar\u00edo Le\u00f3n Mendiondo (*).<\/p>\n<p>El an\u00e1lisis FODA es una metodolog\u00eda de estudio de la situaci\u00f3n de una empresa determinada. Se tienen en cuenta sus aspectos internos, los que denominamos Debilidades y Fortalezas. Y tambi\u00e9n los aspectos externos, a los que llamamos Amenazas y Oportunidades, utilizando el concepto de matriz cuadrada.<\/p>\n<p>El an\u00e1lisis FODA es una herramienta muy \u00fatil para saber con cierto rigor t\u00e9cnico la situaci\u00f3n de una empresa o para pedir la potencialidad de un proyecto. Es un elemento que nos orienta para planificar una estrategia en el corto, mediano y\/o largo plazo.<\/p>\n<p>Si buscas ejemplos de an\u00e1lisis FODA, aqu\u00ed te presentamos un caso sobre la hip\u00f3tesis de un producto nuevo que se pretende lanzar al mercado.&nbsp;Se trata de un producto desarrollado por una empresa familiar.<\/p>\n<h2>Foda de un producto<\/h2>\n<p><!--more--><\/p>\n<p>PRODUCTO: ENERGIZANTE X<\/p>\n<h2>Ejemplo de Fortalezas del producto<\/h2>\n<p>Es un producto con un precio acorde a los productos de la competencia en el mercado que no necesita prescripci\u00f3n m\u00e9dica y su composici\u00f3n es 100% natural. Es de libre comercializaci\u00f3n.<br \/>\nSe puede adquirir en varios lugares. Sus puntos de venta son variados y a su vez, tiene 2 tipos de presentaciones: 230 cc. y 330 cc.<\/p>\n<p>Es el \u00fanico producto de estas caracter\u00edsticas que viene en envase de vidrio y con tapa rosca.<\/p>\n<p>Se trata de un producto natural desarrollado para que lo consuma una amplia gama de p\u00fablico. Su sabor y gusto no var\u00edan de acuerdo a su temperatura. Es un producto que se anticipa al esfuerzo f\u00edsico para un mayor rendimiento del deportista.<\/p>\n<h2>Ejemplo de Debilidades del producto<\/h2>\n<p>Al ser una marca nueva, carece de posicionamiento en el mercado.<br \/>\nA\u00fan no hay nadie que lo recomiende, es decir un m\u00e9dico amigo, un deportista o alguna figura de importancia en nuestro medio.<\/p>\n<p>El p\u00fablico de mi pa\u00eds, ciudad o localidad no tiene cultura en torno a estos productos y no est\u00e1 bien definida su forma de consumo en la mente del consumidor.<\/p>\n<p>A su vez, no hay planes de hacer publicidad masiva. El producto no se encuentra en Farmacias como los energizantes y poli vitam\u00ednicos, medicamentos.<\/p>\n<p>Es altamente probable que solo sea consumido como un energizante sexual. Que no&nbsp;se conozcan sus otros beneficios altamente positivos para el rendimiento f\u00edsico.<\/p>\n<h3>An\u00e1lisis FODA ejemplos de amenazas<\/h3>\n<p>La competencia en general son laboratorios y empresas multinacionales que tienen una alta capacidad de producci\u00f3n, distribuci\u00f3n y log\u00edstica.<\/p>\n<p>Los esfuerzos de marketing y la inversi\u00f3n publicitaria de las grandes compa\u00f1\u00edas constituyen un problema, ya que puede dificultar el ingreso&nbsp;en las grandes superficies (Supermercados, Shopping&#8217;s).<\/p>\n<p>Estrategias jur\u00eddicas cuestionando los beneficios del producto. Esto puede demandar esfuerzos econ\u00f3micos extraordinarios para afrontar demandas legales y probar sus efectos positivos en la salud.<\/p>\n<h3>An\u00e1lisis FODA ejemplos de oportunidades<\/h3>\n<p>Puede entrar en el mercado r\u00e1pidamente por su excelente relaci\u00f3n precio-calidad.<br \/>\nPuede sustituir a otros productos por su versatilidad y beneficios adicionales.<br \/>\nPersonalidades que garantizan confianza en la sociedad y tienen notoriedad, pueden estar dispuestos a recomendarlo.<br \/>\nEl consumidor opta hoy en d\u00eda por productos naturales y no artificiales. El consumo de productos naturales est\u00e1 muy extendido. Y esto tiene que ver con un cambio en el estilo de vida y comportamiento de los consumidores.<\/p>\n<p>Hasta aqu\u00ed, un <a href=\"https:\/\/es.semrush.com\/blog\/analisis-dafo-aliado-estrategico\/?kw=&amp;cmp=LM_SRCH_DSA_Blog_Analytics_ES&amp;label=dsa_blog&amp;Network=g&amp;Device=c&amp;utm_content=472412792367&amp;kwid=dsa-835963615430&amp;cmpid=8044598079&amp;agpid=83091229677&amp;gclid=CjwKCAjww5r8BRB6EiwArcckC_QpaSE-10cf93VgxcuIBesFe5-E3-fCS_VV19b49EUkFCIF3DZpvRoCryMQAvD_BwE\" target=\"_blank\" rel=\"noopener noreferrer\">ejemplo de an\u00e1lisis FODA.<\/a><\/p>\n<p>En el pr\u00f3ximo paso, abordaremos los siguientes aspectos:<\/p>\n<ul>\n<li>Transformar las debilidades en fortalezas.<\/li>\n<li>Reducir el impacto de las amenazas y vulnerabilidades.<\/li>\n<li>Posicionar el producto en el mercado.<\/li>\n<li>Desarrollar las acciones de marketing y publicidad correspondientes.<\/li>\n<\/ul>\n<p>Ver tambi\u00e9n: <a href=\"http:\/\/www.marketingenred.net\/marketing-en-internet\/posicionamiento-de-un-producto\/\">Posicionamiento de Producto<\/a><\/p>\n","protected":false},"excerpt":{"rendered":"<p>C\u00f3mo hacer un An\u00e1lisis FODA. Por Dar\u00edo Le\u00f3n Mendiondo (*). El an\u00e1lisis FODA es una<\/p>\n","protected":false},"author":1,"featured_media":0,"parent":0,"menu_order":0,"comment_status":"closed","ping_status":"closed","template":"","meta":{"om_disable_all_campaigns":false,"_monsterinsights_skip_tracking":false,"_monsterinsights_sitenote_active":false,"_monsterinsights_sitenote_note":"","_monsterinsights_sitenote_category":0,"_uf_show_specific_survey":0,"_uf_disable_surveys":false,"spay_email":"","twitterCardType":"summary","cardImageID":0,"cardImage":"http:\/\/www.marketingenred.net\/marketing-en-internet\/wp-content\/uploads\/2018\/01\/004_45.jpg","cardTitle":"","cardDesc":"","cardImageAlt":"","cardPlayer":"","cardPlayerWidth":0,"cardPlayerHeight":0,"cardPlayerStream":"","cardPlayerCodec":"","footnotes":""},"class_list":["post-176","page","type-page","status-publish","hentry"],"jetpack_sharing_enabled":false,"jetpack_shortlink":"https:\/\/wp.me\/P9wWBy-2Q","jetpack_likes_enabled":false,"jetpack-related-posts":[{"id":175,"url":"https:\/\/www.marketingenred.net\/marketing-en-internet\/como-crear-un-producto-y-o-servicio\/","url_meta":{"origin":176,"position":0},"title":"Como crear un Producto y\/o Servicio","date":"8 enero, 2012","format":false,"excerpt":"Como crear tu producto Antes de lanzar un producto y\/o servicio al mercado debemos cumplir necesariamente con una serie de pasos que nos permitan tener cierta previsibilidad acerca del desempe\u00f1o que puede tener el mismo en el nicho al que nos queremos dirigir. Aqu\u00ed te lo explico en 6 pasos.\u2026","rel":"","context":"Entrada similar","img":{"alt_text":"","src":"","width":0,"height":0},"classes":[]},{"id":125,"url":"https:\/\/www.marketingenred.net\/marketing-en-internet\/marketing-directo-ejemplos\/","url_meta":{"origin":176,"position":1},"title":"Marketing Directo Ejemplos","date":"6 noviembre, 2011","format":false,"excerpt":"C\u00f3mo hacer Marketing Directo Su relaci\u00f3n con la Publicidad, la Promoci\u00f3n y la Venta. La publicidad, sea gr\u00e1fica, en v\u00eda p\u00fablica, internet y\/o trav\u00e9s de los medios masivos de comunicaci\u00f3n, es una herramienta muy potente cuando se combina con acciones de promoci\u00f3n y ventas, dirigidas a segmentos espec\u00edficos. Marketing Personal\u2026","rel":"","context":"Entrada similar","img":{"alt_text":"","src":"","width":0,"height":0},"classes":[]},{"id":177,"url":"https:\/\/www.marketingenred.net\/marketing-en-internet\/posicionamiento-de-un-producto\/","url_meta":{"origin":176,"position":2},"title":"Posicionamiento de un Producto","date":"23 abril, 2012","format":false,"excerpt":"Qu\u00e9 es el posicionamiento de un producto Por Dar\u00edo Le\u00f3n Mendiondo (*). Ya hemos visto un ejemplo de an\u00e1lisis FODA aplicado a un producto en v\u00edas de lanzamiento. Ahora analizaremos los aspectos de Posicionamiento y la aplicaci\u00f3n del mix de marketing. El Posicionamiento de un Producto o Servicio es b\u00e1sicamente\u2026","rel":"","context":"Entrada similar","img":{"alt_text":"","src":"","width":0,"height":0},"classes":[]},{"id":474,"url":"https:\/\/www.marketingenred.net\/marketing-en-internet\/innovacion-empresarial\/","url_meta":{"origin":176,"position":3},"title":"La Innovaci\u00f3n en la Estrategia Empresarial","date":"14 febrero, 2018","format":false,"excerpt":"\u00bfEst\u00e1s preparado para los nuevos desaf\u00edos de un mundo extremadamente competitivo? Las Empresas necesitan reinventarse y adecuarse a las nuevas tendencias y necesidades que surgen como consecuencia de la irrupci\u00f3n tecnol\u00f3gica. La innovaci\u00f3n empresarial nunca fue tan determinante como en estos tiempos. Que hacer para abrirse paso en un mercado\u2026","rel":"","context":"Entrada similar","img":{"alt_text":"innovaci\u00c3\u00b3n y marketing","src":"https:\/\/i2.wp.com\/www.marketingenred.net\/marketing-en-internet\/wp-content\/uploads\/2018\/02\/innovacion.png?resize=350%2C200","width":350,"height":200},"classes":[]},{"id":464,"url":"https:\/\/www.marketingenred.net\/marketing-en-internet\/asesoramiento-pymes\/","url_meta":{"origin":176,"position":4},"title":"Asesoramiento PYMES","date":"13 febrero, 2018","format":false,"excerpt":"Servicios Pymes Los servicios de asesoramiento pymes (Micro, Peque\u00f1as y Medianas Empresas), en general est\u00e1n bastante diversificados. En ese sentido, se observa una oferta variada en materia de: Acceso a financiamiento colectivo (Crowdfunding). Elaboraci\u00f3n de Planes de Negocios. Dise\u00f1o de Planes de Marketing. Investigaci\u00f3n de Mercado. Asesoramiento Legal y Contable.\u2026","rel":"","context":"Entrada similar","img":{"alt_text":"","src":"","width":0,"height":0},"classes":[]},{"id":149,"url":"https:\/\/www.marketingenred.net\/marketing-en-internet\/estrategias-de-marketing-para-pymes\/","url_meta":{"origin":176,"position":5},"title":"Estrategias de Marketing para Pymes","date":"6 noviembre, 2011","format":false,"excerpt":"Estrategias para peque\u00f1as y medianas empresas \u00bfQuieres \"Potenciar La Comercializaci\u00f3n\" De Tu Empresa? Por Jordys Gonzalez (*). Lo que voy a compartir contigo en este art\u00edculo, podr\u00eda sonar como muy l\u00f3gico, pero cr\u00e9eme, y esta es al menos mi experiencia, que m\u00e1s del 85% de los propietarios de PyMEs me\u2026","rel":"","context":"Entrada similar","img":{"alt_text":"","src":"","width":0,"height":0},"classes":[]}],"_links":{"self":[{"href":"https:\/\/www.marketingenred.net\/marketing-en-internet\/wp-json\/wp\/v2\/pages\/176"}],"collection":[{"href":"https:\/\/www.marketingenred.net\/marketing-en-internet\/wp-json\/wp\/v2\/pages"}],"about":[{"href":"https:\/\/www.marketingenred.net\/marketing-en-internet\/wp-json\/wp\/v2\/types\/page"}],"author":[{"embeddable":true,"href":"https:\/\/www.marketingenred.net\/marketing-en-internet\/wp-json\/wp\/v2\/users\/1"}],"replies":[{"embeddable":true,"href":"https:\/\/www.marketingenred.net\/marketing-en-internet\/wp-json\/wp\/v2\/comments?post=176"}],"version-history":[{"count":23,"href":"https:\/\/www.marketingenred.net\/marketing-en-internet\/wp-json\/wp\/v2\/pages\/176\/revisions"}],"predecessor-version":[{"id":791,"href":"https:\/\/www.marketingenred.net\/marketing-en-internet\/wp-json\/wp\/v2\/pages\/176\/revisions\/791"}],"wp:attachment":[{"href":"https:\/\/www.marketingenred.net\/marketing-en-internet\/wp-json\/wp\/v2\/media?parent=176"}],"curies":[{"name":"wp","href":"https:\/\/api.w.org\/{rel}","templated":true}]}}