{"id":177,"date":"2012-04-23T20:59:53","date_gmt":"2012-04-23T20:59:53","guid":{"rendered":"http:\/\/www.marketingenred.net\/marketing-en-internet\/posicionamiento-y-aplicacion-del-mix-de-marketing\/"},"modified":"2020-11-08T17:36:24","modified_gmt":"2020-11-08T17:36:24","slug":"posicionamiento-de-un-producto","status":"publish","type":"page","link":"https:\/\/www.marketingenred.net\/marketing-en-internet\/posicionamiento-de-un-producto\/","title":{"rendered":"Posicionamiento de un Producto"},"content":{"rendered":"<figure id=\"attachment_342\" aria-describedby=\"caption-attachment-342\" style=\"width: 150px\" class=\"wp-caption alignleft\"><img loading=\"lazy\" decoding=\"async\" data-attachment-id=\"342\" data-permalink=\"https:\/\/www.marketingenred.net\/marketing-en-internet\/posicionamiento-de-un-producto\/001_58\/\" data-orig-file=\"https:\/\/i2.wp.com\/www.marketingenred.net\/marketing-en-internet\/wp-content\/uploads\/2018\/01\/001_58.jpg?fit=350%2C320&amp;ssl=1\" data-orig-size=\"350,320\" data-comments-opened=\"1\" data-image-meta=\"{&quot;aperture&quot;:&quot;0&quot;,&quot;credit&quot;:&quot;&quot;,&quot;camera&quot;:&quot;&quot;,&quot;caption&quot;:&quot;&quot;,&quot;created_timestamp&quot;:&quot;0&quot;,&quot;copyright&quot;:&quot;&quot;,&quot;focal_length&quot;:&quot;0&quot;,&quot;iso&quot;:&quot;0&quot;,&quot;shutter_speed&quot;:&quot;0&quot;,&quot;title&quot;:&quot;&quot;,&quot;orientation&quot;:&quot;0&quot;}\" data-image-title=\"Posicionamiento\" data-image-description=\"&lt;p&gt;\u00bfQu\u00e9 es el posicionamiento de un producto?&lt;\/p&gt;\n\" data-medium-file=\"https:\/\/i2.wp.com\/www.marketingenred.net\/marketing-en-internet\/wp-content\/uploads\/2018\/01\/001_58.jpg?fit=300%2C274&amp;ssl=1\" data-large-file=\"https:\/\/i2.wp.com\/www.marketingenred.net\/marketing-en-internet\/wp-content\/uploads\/2018\/01\/001_58.jpg?fit=350%2C320&amp;ssl=1\" class=\"size-thumbnail wp-image-342\" src=\"https:\/\/i1.wp.com\/www.marketingenred.net\/marketing-en-internet\/wp-content\/uploads\/2018\/01\/001_58-150x150.jpg?resize=150%2C150\" alt=\"Posicionamiento y Mix de Marketing\" width=\"150\" height=\"150\" srcset=\"https:\/\/i2.wp.com\/www.marketingenred.net\/marketing-en-internet\/wp-content\/uploads\/2018\/01\/001_58.jpg?resize=150%2C150&amp;ssl=1 150w, https:\/\/i2.wp.com\/www.marketingenred.net\/marketing-en-internet\/wp-content\/uploads\/2018\/01\/001_58.jpg?resize=50%2C50&amp;ssl=1 50w, https:\/\/i2.wp.com\/www.marketingenred.net\/marketing-en-internet\/wp-content\/uploads\/2018\/01\/001_58.jpg?zoom=2&amp;resize=150%2C150&amp;ssl=1 300w\" sizes=\"(max-width: 150px) 100vw, 150px\" data-recalc-dims=\"1\" \/><figcaption id=\"caption-attachment-342\" class=\"wp-caption-text\">Posicionamiento de un Producto y\/o Servicio<\/figcaption><\/figure>\n<h2>Qu\u00e9 es el posicionamiento de un producto<\/h2>\n<p>Por Dar\u00edo Le\u00f3n Mendiondo (*).<\/p>\n<p>Ya hemos visto un ejemplo de <a href=\"http:\/\/www.marketingenred.net\/marketing-en-internet\/analisis-foda-ejemplos\/\">an\u00e1lisis FODA<\/a> aplicado a un producto en v\u00edas de lanzamiento. Ahora analizaremos los aspectos de Posicionamiento y la aplicaci\u00f3n del mix de marketing.<\/p>\n<p><!--more--><\/p>\n<p>El Posicionamiento de un Producto o Servicio es b\u00e1sicamente el lugar que ocupa en la mente del consumidor. C\u00f3mo se percibe. No solamente hablamos de un producto o servicio. Tambi\u00e9n se refiere a\u00a0 una marca o una figura p\u00fablica. El Posicionamiento hay que trabajarlo, reforzarlo y en ocasiones modificarlo.<\/p>\n<h2>Posicionamiento de un Producto Ejemplo<\/h2>\n<p>POSICIONAMIENTO DE ENERGIZANTE X<\/p>\n<p>El producto obviamente ha terminado la etapa de planificaci\u00f3n y desarrollo. Y previo a ello, tiene que haberse realizado una investigaci\u00f3n de mercado de tipo cualitativa, aplicando grupos focales, por ejemplo, para saber como piensa el consumidor, conocer sus gustos, necesidades y preferencias.<\/p>\n<p>Recuerda que la orientaci\u00f3n de las Empresas en el siglo XXI es hacia el cliente, es decir que \u00abhay que fabricar lo que se vende\u00bb y no \u00abvender lo que se fabrica\u00bb. La compresi\u00f3n de este concepto te ahorrar\u00e1 grandes dolores de cabeza. La clave est\u00e1 en detectar las necesidades del mercado y descubrir el nicho m\u00e1s favorable. A partir de esa detecci\u00f3n, tienes desarrollar el producto o servicio correspondiente.<\/p>\n<p>Sabemos entonces a quien va dirigido el producto y mas precisamente las edades que se han tomado en cuenta. Cuales ser\u00e1n sus funciones y a que niveles queremos que llegue nuestro producto. Pero a su vez lo queremos posicionar en dos vertientes, como energizante y como potenciador sexual.<\/p>\n<p>El posicionamiento de un producto debe estar en funci\u00f3n de como piense, sienta y act\u00fae el consumidor. En este caso, podemos inferir que los beneficios que otorga el producto, pueden favorecer un posicionamiento de acuerdo al estilo de vida que lleva el consumidor por ej: deportistas, personas con jornadas laborales extensas y pesadas, etc.<\/p>\n<h3>Plan de Marketing para Posicionamiento de un producto<\/h3>\n<p>Por tanto, necesitamos hacer un plan de marketing de mediano plazo, digamos 1 a\u00f1o para planificar y tambi\u00e9n estar preparados a los sucesos y cambios que puedan darse en el mercado.<\/p>\n<p>En esta fase, es fundamental resolver el logotipo o imagen de marca que tendr\u00e1 el producto.<\/p>\n<p>Posteriormente, necesitaremos hacer un presupuesto para gastos de Publicidad y marcar presencia en el punto de venta; se debe de pensar en la distribuci\u00f3n y no olvidemos que es un producto que de cierta forma modifica un poco el consumo habitual, es decir no tiene alcohol pero se encuentra en las g\u00f3ndolas con otras bebidas alcoh\u00f3licas, y ya sea que se consuma con o sin alcohol su sabor es indistinto.<\/p>\n<p>La publicidad debe ser muy intensa, comunicativa y explicativa.<\/p>\n<p>ACCIONES DE MARKETING<\/p>\n<p>La empresa necesita una estrategia de Marketing poni\u00e9ndose objetivos que sean medibles, espec\u00edficos, y alcanzables. El posicionamiento de un Producto est\u00e1 directamente relacionado con la aplicaci\u00f3n del Mix de Marketing ( Las 4 P)<\/p>\n<h2>Aplicaci\u00f3n del Mix de Marketing para Posicionamiento de un producto<\/h2>\n<p>Trabajar con la P de plaza, colocando nuestro producto en la mayor cantidad de lugares o puntos de venta y en posiciones visibles motivando la compra emocional.<\/p>\n<p>A su vez, la P de promoci\u00f3n es la mas importante por tratarse de un lanzamiento, por tanto requerimos de mucha publicidad en la radio, televisi\u00f3n abierta y tv cable, v\u00eda p\u00fablica e Internet.<\/p>\n<p>Lanzamiento con mucha RRPP, creando un departamento de atenci\u00f3n al consumidor, promoci\u00f3n de ventas con degustaciones y muestras gratis as\u00ed como charlas informativas brindadas por profesionales acerca de los beneficios y las caracter\u00edsticas m\u00e1s sobresalientes que ofrece el producto.<\/p>\n<p>El producto debe ser amigo y garantizar su acci\u00f3n. En ese sentido, hablar de quien lo fabrica ser\u00eda importante para generar mayor confianza.<\/p>\n<h3>Brief Anal\u00edtico<\/h3>\n<p>Producto: Energizante X<br \/>Bebida energizante que se bebe antes de una actividad f\u00edsica.<br \/>Se trata de un estimulante sexual y su presentaci\u00f3n es en envase de vidrio de 230 cc. y lata de 330cc.<br \/>Es una bebida fabricada a base de productos naturales, siendo su sabor dulce que recuerda a la uva. Su etiqueta es de color rojo, negra, blanco y amarillo y se encuentra tambi\u00e9n en la tapa.<\/p>\n<p>Marca: X<\/p>\n<p>Mercado: Quiere ingresar a competir con energizantes y bebidas isot\u00f3nicas como tambi\u00e9n con potenciadores sexuales.<\/p>\n<p>Distribuci\u00f3n: Sus puntos de venta son supermercados, cafeter\u00eda, bares y Pubs.<\/p>\n<p>Consumidor: Personas que realizan deportes y\/o esfuerzos f\u00edsicos y que necesitan aumentar su rendimiento (sicof\u00edsico, sexual) para evitar la fatiga.<br \/>Hombres y mujeres de\u00a025 a 60 a\u00f1os.<br \/>De lugares citadinos o urbanos y Que tengan Nivel cultural medio y h\u00e1bitos de compra por impulso debido a una sugesti\u00f3n.<\/p>\n<p>Razones de Compra:<br \/>Los beneficios ser\u00e1n evitar el agotamiento, mantener un alto rendimiento y\u00a0 tambi\u00e9n potenciar la sexualidad.<\/p>\n<p>Precio: 90$ en supermercados y 160$ en Pubs.<\/p>\n<p>Para posicionar al producto dentro de los energizantes para deportistas, una buena opci\u00f3n ser\u00eda sponsorear a alg\u00fan equipo de las Ligas Universitarias de deportes, sea Basketball o Handball o bien Rugby o F\u00fatbol.<\/p>\n<p>Otra acci\u00f3n recomendada, es realizar una inversi\u00f3n para algunos puntos de ventas espec\u00edficos (gimnasios, canchas de f\u00fatbol 5 o canchas de tenis, etc.)<\/p>\n<p>A su vez, en la temporada de verano, se pueden incorporar puntos de venta m\u00f3viles playas y balnearios importantes.<\/p>\n<p>Adem\u00e1s, en lo que refiere a la publicidad en TV, quiz\u00e1s lo mejor sea producir alg\u00fan jingle del tipo problema y soluci\u00f3n, resaltando su funci\u00f3n de 2 en 1, o sea, poli vitam\u00ednico y estimulante sexual.<\/p>\n<h3>Elegir un Buen Slogan<\/h3>\n<p>Algunas sugerencias para la elecci\u00f3n del slogan son:<\/p>\n<p>\u201cDecile chau al cansancio y que no te quede nada sin hacer\u201d o\u00a0\u201c\u00a1Que d\u00eda tengo ma\u00f1ana!\u201d Toma X.<br \/>\u201cTomando X todo lo puedo\u201d o\u00a0\u201cSi necesitas impulso, toma la decisi\u00f3n inteligente\u201d<\/p>\n<p>Esperamos que estos ejemplos te resulten \u00fatiles para el desarrollo de tu trabajo.<br \/>Hasta la pr\u00f3xima entrega.<\/p>\n<p>(*) Director de Marketing en Red<\/p>\n<p>Puedes ver tambi\u00e9n\u00a0<a href=\"http:\/\/www.marketingenred.net\/marketing-en-internet\/las-4-estrategias-de-poder\/\">Estrategias de Marketing<\/a> y aprender m\u00e1s acerca del\u00a0<a href=\"https:\/\/marketing4ecommerce.mx\/que-es-el-posicionamiento-de-mercado\/\" target=\"_blank\" rel=\"noopener noreferrer\">posicionamiento de mercado<\/a><\/p>\n\n\n<p><\/p>\n","protected":false},"excerpt":{"rendered":"<p>Qu\u00e9 es el posicionamiento de un producto Por Dar\u00edo Le\u00f3n Mendiondo (*). Ya hemos visto<\/p>\n","protected":false},"author":1,"featured_media":0,"parent":0,"menu_order":0,"comment_status":"closed","ping_status":"closed","template":"","meta":{"om_disable_all_campaigns":false,"_monsterinsights_skip_tracking":false,"_monsterinsights_sitenote_active":false,"_monsterinsights_sitenote_note":"","_monsterinsights_sitenote_category":0,"_uf_show_specific_survey":0,"_uf_disable_surveys":false,"spay_email":"","twitterCardType":"summary","cardImageID":0,"cardImage":"http:\/\/www.marketingenred.net\/marketing-en-internet\/wp-content\/uploads\/2018\/01\/001_58.jpg","cardTitle":"","cardDesc":"","cardImageAlt":"","cardPlayer":"","cardPlayerWidth":0,"cardPlayerHeight":0,"cardPlayerStream":"","cardPlayerCodec":"","footnotes":""},"class_list":["post-177","page","type-page","status-publish","hentry"],"jetpack_sharing_enabled":false,"jetpack_shortlink":"https:\/\/wp.me\/P9wWBy-2R","jetpack_likes_enabled":false,"jetpack-related-posts":[{"id":176,"url":"https:\/\/www.marketingenred.net\/marketing-en-internet\/analisis-foda-ejemplos\/","url_meta":{"origin":177,"position":0},"title":"An\u00e1lisis Foda Ejemplos","date":"23 abril, 2012","format":false,"excerpt":"C\u00f3mo hacer un An\u00e1lisis FODA. Por Dar\u00edo Le\u00f3n Mendiondo (*). El an\u00e1lisis FODA es una metodolog\u00eda de estudio de la situaci\u00f3n de una empresa determinada. Se tienen en cuenta sus aspectos internos, los que denominamos Debilidades y Fortalezas. Y tambi\u00e9n los aspectos externos, a los que llamamos Amenazas y Oportunidades,\u2026","rel":"","context":"Entrada similar","img":{"alt_text":"","src":"","width":0,"height":0},"classes":[]},{"id":125,"url":"https:\/\/www.marketingenred.net\/marketing-en-internet\/marketing-directo-ejemplos\/","url_meta":{"origin":177,"position":1},"title":"Marketing Directo Ejemplos","date":"6 noviembre, 2011","format":false,"excerpt":"C\u00f3mo hacer Marketing Directo Su relaci\u00f3n con la Publicidad, la Promoci\u00f3n y la Venta. La publicidad, sea gr\u00e1fica, en v\u00eda p\u00fablica, internet y\/o trav\u00e9s de los medios masivos de comunicaci\u00f3n, es una herramienta muy potente cuando se combina con acciones de promoci\u00f3n y ventas, dirigidas a segmentos espec\u00edficos. Marketing Personal\u2026","rel":"","context":"Entrada similar","img":{"alt_text":"","src":"","width":0,"height":0},"classes":[]},{"id":949,"url":"https:\/\/www.marketingenred.net\/marketing-en-internet\/","url_meta":{"origin":177,"position":2},"title":"Marketing en Red. El arte del Marketing Digital","date":"15 noviembre, 2020","format":false,"excerpt":"Aplicaciones del Marketing En Marketing en Red puedes consultar las \u00faltimas novedades sobre Marketing Digital El e-mail Marketing, en la era del Social Media.\u00bfSabes lo que es el market share? Es tu porci\u00f3n de la torta!Aplicaci\u00f3n del SEO y SEM para Posicionamiento.Estrategias de Marketing en Internet. Estrategias de Marketing en\u2026","rel":"","context":"Entrada similar","img":{"alt_text":"marketing en red","src":"https:\/\/i1.wp.com\/www.marketingenred.net\/marketing-en-internet\/wp-content\/uploads\/2020\/11\/pexels-photo-2433164.jpeg?fit=1200%2C800&ssl=1&resize=350%2C200","width":350,"height":200},"classes":[]},{"id":119,"url":"https:\/\/www.marketingenred.net\/marketing-en-internet\/como-posicionar-mi-pagina-web-en-google\/","url_meta":{"origin":177,"position":3},"title":"Como posicionar mi p\u00e1gina web en Google","date":"27 agosto, 2011","format":false,"excerpt":"Como posicionar mi pagina web en google Marketing de Buscadores Todos nos hemos preguntado \"Como posicionar mi p\u00e1gina web en Google\" cada vez que iniciamos un nuevo proyecto. Sin dudas, que la Calidad de Los Enlaces es un elemento fundamental a tener en cuenta en el marketing de buscadores. Pero\u2026","rel":"","context":"Entrada similar","img":{"alt_text":"como mejorar el posicionamiento web","src":"https:\/\/i0.wp.com\/www.marketingenred.net\/marketing-en-internet\/wp-content\/uploads\/2024\/11\/kqiykwghbtq.jpg?fit=1200%2C800&ssl=1&resize=350%2C200","width":350,"height":200},"classes":[]},{"id":116,"url":"https:\/\/www.marketingenred.net\/marketing-en-internet\/el-marketing-y-el-deporte-una-nueva-relacion\/","url_meta":{"origin":177,"position":4},"title":"Marketing y Deporte. Una nueva relaci\u00f3n","date":"27 agosto, 2011","format":false,"excerpt":"El auge del Marketing Deportivo. Las Marcas cada vez invierten m\u00e1s en sus estrategias de Marketing. La relaci\u00f3n entre el marketing y el deporte se ha intensificado en el siglo 21. El uso de las herramientas de marketing en el \u00e1mbito deportivo se ha universalizado. La Publicidad juega un rol\u2026","rel":"","context":"Entrada similar","img":{"alt_text":"","src":"","width":0,"height":0},"classes":[]},{"id":174,"url":"https:\/\/www.marketingenred.net\/marketing-en-internet\/marketing-en-internet-y-marketing-online\/","url_meta":{"origin":177,"position":5},"title":"Marketing en Internet","date":"29 diciembre, 2011","format":false,"excerpt":"C\u00f3mo hacer Marketing en Internet. Por Dar\u00edo Le\u00f3n Mendiondo (*). Caracter\u00edsticas y Tipos del Marketing Online. Similitudes y Diferencias entre el Marketing en Internet y el Marketing Tradicional. En este t\u00f3pico te explicamos como funcionan algunos de los canales m\u00e1s importantes del marketing digital, para que te familiarices con los\u2026","rel":"","context":"Entrada similar","img":{"alt_text":"","src":"","width":0,"height":0},"classes":[]}],"_links":{"self":[{"href":"https:\/\/www.marketingenred.net\/marketing-en-internet\/wp-json\/wp\/v2\/pages\/177"}],"collection":[{"href":"https:\/\/www.marketingenred.net\/marketing-en-internet\/wp-json\/wp\/v2\/pages"}],"about":[{"href":"https:\/\/www.marketingenred.net\/marketing-en-internet\/wp-json\/wp\/v2\/types\/page"}],"author":[{"embeddable":true,"href":"https:\/\/www.marketingenred.net\/marketing-en-internet\/wp-json\/wp\/v2\/users\/1"}],"replies":[{"embeddable":true,"href":"https:\/\/www.marketingenred.net\/marketing-en-internet\/wp-json\/wp\/v2\/comments?post=177"}],"version-history":[{"count":9,"href":"https:\/\/www.marketingenred.net\/marketing-en-internet\/wp-json\/wp\/v2\/pages\/177\/revisions"}],"predecessor-version":[{"id":780,"href":"https:\/\/www.marketingenred.net\/marketing-en-internet\/wp-json\/wp\/v2\/pages\/177\/revisions\/780"}],"wp:attachment":[{"href":"https:\/\/www.marketingenred.net\/marketing-en-internet\/wp-json\/wp\/v2\/media?parent=177"}],"curies":[{"name":"wp","href":"https:\/\/api.w.org\/{rel}","templated":true}]}}