{"id":2,"date":"2018-01-05T16:42:52","date_gmt":"2018-01-05T16:42:52","guid":{"rendered":"http:\/\/www.marketingenred.net\/marketing-en-internet\/?page_id=2"},"modified":"2020-11-16T01:17:43","modified_gmt":"2020-11-16T01:17:43","slug":"mision-vision-valores","status":"publish","type":"page","link":"https:\/\/www.marketingenred.net\/marketing-en-internet\/mision-vision-valores\/","title":{"rendered":"Misi\u00f3n, Visi\u00f3n y Valores Corporativos"},"content":{"rendered":"<h2>Nuestra Misi\u00f3n y Visi\u00f3n<\/h2>\n<figure id=\"attachment_883\" aria-describedby=\"caption-attachment-883\" style=\"width: 150px\" class=\"wp-caption alignleft\"><img loading=\"lazy\" decoding=\"async\" data-attachment-id=\"883\" data-permalink=\"https:\/\/www.marketingenred.net\/marketing-en-internet\/negocios-rentables\/hands-people-woman-working\/\" data-orig-file=\"https:\/\/i2.wp.com\/www.marketingenred.net\/marketing-en-internet\/wp-content\/uploads\/2018\/01\/hands-people-woman-working.jpg?fit=1880%2C1253&amp;ssl=1\" data-orig-size=\"1880,1253\" data-comments-opened=\"1\" data-image-meta=\"{&quot;aperture&quot;:&quot;0&quot;,&quot;credit&quot;:&quot;&quot;,&quot;camera&quot;:&quot;&quot;,&quot;caption&quot;:&quot;Photo by Kaboompics .com on &lt;a href=\\&quot;https:\\\/\\\/www.pexels.com\\\/photo\\\/working-in-a-group-6224\\\/\\&quot; rel=\\&quot;nofollow\\&quot;&gt;Pexels.com&lt;\\\/a&gt;&quot;,&quot;created_timestamp&quot;:&quot;0&quot;,&quot;copyright&quot;:&quot;&quot;,&quot;focal_length&quot;:&quot;0&quot;,&quot;iso&quot;:&quot;0&quot;,&quot;shutter_speed&quot;:&quot;0&quot;,&quot;title&quot;:&quot;working in a group&quot;,&quot;orientation&quot;:&quot;0&quot;}\" data-image-title=\"Estrategias SEO para 2025\" data-image-description=\"&lt;p&gt;Estrategias SEO efectivas para 2025&lt;\/p&gt;\n\" data-medium-file=\"https:\/\/i2.wp.com\/www.marketingenred.net\/marketing-en-internet\/wp-content\/uploads\/2018\/01\/hands-people-woman-working.jpg?fit=300%2C200&amp;ssl=1\" data-large-file=\"https:\/\/i2.wp.com\/www.marketingenred.net\/marketing-en-internet\/wp-content\/uploads\/2018\/01\/hands-people-woman-working.jpg?fit=640%2C426&amp;ssl=1\" class=\"wp-image-883 size-thumbnail\" src=\"https:\/\/i2.wp.com\/www.marketingenred.net\/marketing-en-internet\/wp-content\/uploads\/2018\/01\/hands-people-woman-working.jpg?resize=150%2C150&#038;ssl=1\" alt=\"Nuestra misi\u00f3n, nuestra visi\u00f3n y valores corporativos\" width=\"150\" height=\"150\" srcset=\"https:\/\/i2.wp.com\/www.marketingenred.net\/marketing-en-internet\/wp-content\/uploads\/2018\/01\/hands-people-woman-working.jpg?resize=150%2C150&amp;ssl=1 150w, https:\/\/i2.wp.com\/www.marketingenred.net\/marketing-en-internet\/wp-content\/uploads\/2018\/01\/hands-people-woman-working.jpg?zoom=2&amp;resize=150%2C150&amp;ssl=1 300w, https:\/\/i2.wp.com\/www.marketingenred.net\/marketing-en-internet\/wp-content\/uploads\/2018\/01\/hands-people-woman-working.jpg?zoom=3&amp;resize=150%2C150&amp;ssl=1 450w\" sizes=\"(max-width: 150px) 100vw, 150px\" data-recalc-dims=\"1\" \/><figcaption id=\"caption-attachment-883\" class=\"wp-caption-text\">misi\u00f3n y visi\u00f3n<\/figcaption><\/figure>\n<p>Marketing en Red est\u00e1 presente en Internet desde 2004 y es parte de una Red de sitios sobre diversas tem\u00e1ticas de actualidad. En tal sentido, su objetivo es fomentar el desarrollo emprendedor.<\/p>\n<p>En la actualidad, Marketing en Red es una Agencia de Servicios Digitales. Y tambi\u00e9n ofrece Acompa\u00f1amiento Empresarial, para optimizar la gesti\u00f3n del negocio.<\/p>\n<p>Tiene presencia 100% online y es propiedad de dos Socios Directores, que somos Jorge Emilio Pons y Dar\u00edo Le\u00f3n Mendiondo. Residimos en Argentina y Uruguay respectivamente.<\/p>\n<p>Adem\u00e1s, compartimos la propiedad de varios sitios asociados. Entre ellos, se destaca <a href=\"http:\/\/www.guiadelemprendedor.com.ar\">Gu\u00eda del Emprendedor<\/a>. Un sitio de gran prestigio, vinculado a la tem\u00e1tica emprendedora.<\/p>\n<p>Nuestra estrategia comercial prioriza la <strong>diferenciaci\u00f3n por servicio. <\/strong>Esto se complementa con la atenci\u00f3n de nichos espec\u00edficos. Los mismos, est\u00e1n vinculados a emprendimientos familiares, que requieren financiamiento y formaci\u00f3n para el desarrollo de su negocio.<\/p>\n<p>En conclusi\u00f3n, para adaptarnos a los desaf\u00edos del mundo actual hemos redefinido nuestra Misi\u00f3n, Visi\u00f3n y Valores Corporativos.<\/p>\n<p><!--more--><\/p>\n<h2>Misi\u00f3n y Visi\u00f3n<\/h2>\n<p>La misi\u00f3n, visi\u00f3n y valores corporativos son elementos esenciales que identifican a una empresa. En tal sentido, y para decirlo en forma simple, definen lo que queremos hacer, donde queremos estar y lo que somos.<\/p>\n<p>En consecuencia, Nuestra Misi\u00f3n es:<\/p>\n<p>\u201c<em>Transformamos Ideas en <a href=\"http:\/\/www.marketingenred.net\/marketing-en-internet\/negocios-rentables\/\">Negocios Rentables<\/a>\u201d.\u00a0<\/em><\/p>\n<p>Esto significa que nos comprometemos contigo, con tus sue\u00f1os y con tus objetivos.<\/p>\n<p>En consonancia, la Visi\u00f3n que proyectamos es:<\/p>\n<p>\u201c<em>Ser un referente en el Acompa\u00f1amiento Empresarial para el desarrollo de proyectos con valor agregado\u201d.<\/em><\/p>\n<p>Lo cual implica que adem\u00e1s nos involucramos en tu negocio, nos metemos adentro para comprender y contribuir al \u00e9xito del negocio.<\/p>\n<h2>Valores Corporativos<\/h2>\n<p>A su vez, Nuestros Valores son:<\/p>\n<ul>\n<li>Compromiso con la Comunidad.<\/li>\n<li>\u00c9tica y Transparencia.<\/li>\n<li>Solidaridad y Confianza.<\/li>\n<\/ul>\n<p>Abrigamos principios tales como la \u00e9tica y la transparencia. Pensamos en valores claves de la actividad humana, como lo son la solidaridad y la confianza. Pero lo m\u00e1s importante es que al involucrarnos en el Proyecto, participamos como Asesores durante todo el proceso de evoluci\u00f3n de tu negocio.<\/p>\n<p>Te ofrecemos acompa\u00f1amiento, y nuestra gama de Productos es muy vers\u00e1til. Los mismos se adaptan a cada cliente y responden a sus necesidades espec\u00edficas. Adem\u00e1s se complementan con Servicios que brindan alto valor agregado. Por eso, insistimos en que te ofrecemos Productos con Servicios incluidos.<\/p>\n<p>A su vez, como sitio especializado en su rama de actividad, en Marketing en Red se publican materiales y art\u00edculos de inter\u00e9s. En ese sentido, participan destacados expositores del mercado hispanohablante.<\/p>\n<p>Adem\u00e1s, nos dirigimos a aquellas personas que necesitan informaci\u00f3n para desarrollar acciones y estrategias de marketing en sus actividades comerciales.<\/p>\n<p>Y al ser un sitio asociado a Gu\u00eda del Emprendedor, ambos se complementan y potencian generando sinergias. Desde la idea de negocio y la informaci\u00f3n requerida. O desde el acceso a financiaci\u00f3n y hasta la formaci\u00f3n necesaria para conducir con \u00e9xito la empresa.<\/p>\n<p>Finalmente, nuestra Misi\u00f3n, Visi\u00f3n y Valores Corporativos representan nuestra identidad y tambi\u00e9n nuestros sue\u00f1os. Y aspiramos a concretarlos en un marco de cooperaci\u00f3n mutua con nuestros clientes, contactos, amigos, familiares y el entorno que nos rodea.<\/p>\n","protected":false},"excerpt":{"rendered":"<p>Nuestra Misi\u00f3n y Visi\u00f3n Marketing en Red est\u00e1 presente en Internet desde 2004 y es<\/p>\n","protected":false},"author":1,"featured_media":0,"parent":0,"menu_order":1,"comment_status":"closed","ping_status":"open","template":"","meta":{"om_disable_all_campaigns":false,"_monsterinsights_skip_tracking":false,"_monsterinsights_sitenote_active":false,"_monsterinsights_sitenote_note":"","_monsterinsights_sitenote_category":0,"_uf_show_specific_survey":0,"_uf_disable_surveys":false,"spay_email":"","twitterCardType":"summary","cardImageID":0,"cardImage":"","cardTitle":"","cardDesc":"","cardImageAlt":"","cardPlayer":"","cardPlayerWidth":0,"cardPlayerHeight":0,"cardPlayerStream":"","cardPlayerCodec":"","footnotes":""},"class_list":["post-2","page","type-page","status-publish","hentry"],"jetpack_sharing_enabled":false,"jetpack_shortlink":"https:\/\/wp.me\/P9wWBy-2","jetpack_likes_enabled":false,"jetpack-related-posts":[{"id":174,"url":"https:\/\/www.marketingenred.net\/marketing-en-internet\/marketing-en-internet-y-marketing-online\/","url_meta":{"origin":2,"position":0},"title":"Marketing en Internet","date":"29 diciembre, 2011","format":false,"excerpt":"C\u00f3mo hacer Marketing en Internet. Por Dar\u00edo Le\u00f3n Mendiondo (*). Caracter\u00edsticas y Tipos del Marketing Online. Similitudes y Diferencias entre el Marketing en Internet y el Marketing Tradicional. En este t\u00f3pico te explicamos como funcionan algunos de los canales m\u00e1s importantes del marketing digital, para que te familiarices con los\u2026","rel":"","context":"Entrada similar","img":{"alt_text":"","src":"","width":0,"height":0},"classes":[]},{"id":119,"url":"https:\/\/www.marketingenred.net\/marketing-en-internet\/como-posicionar-mi-pagina-web-en-google\/","url_meta":{"origin":2,"position":1},"title":"Como posicionar mi p\u00e1gina web en Google","date":"27 agosto, 2011","format":false,"excerpt":"Como posicionar mi pagina web en google Marketing de Buscadores Todos nos hemos preguntado \"Como posicionar mi p\u00e1gina web en Google\" cada vez que iniciamos un nuevo proyecto. Sin dudas, que la Calidad de Los Enlaces es un elemento fundamental a tener en cuenta en el marketing de buscadores. Pero\u2026","rel":"","context":"Entrada similar","img":{"alt_text":"como mejorar el posicionamiento web","src":"https:\/\/i0.wp.com\/www.marketingenred.net\/marketing-en-internet\/wp-content\/uploads\/2024\/11\/kqiykwghbtq.jpg?fit=1200%2C800&ssl=1&resize=350%2C200","width":350,"height":200},"classes":[]},{"id":949,"url":"https:\/\/www.marketingenred.net\/marketing-en-internet\/","url_meta":{"origin":2,"position":2},"title":"Marketing en Red. El arte del Marketing Digital","date":"15 noviembre, 2020","format":false,"excerpt":"Aplicaciones del Marketing En Marketing en Red puedes consultar las \u00faltimas novedades sobre Marketing Digital El e-mail Marketing, en la era del Social Media.\u00bfSabes lo que es el market share? Es tu porci\u00f3n de la torta!Aplicaci\u00f3n del SEO y SEM para Posicionamiento.Estrategias de Marketing en Internet. Estrategias de Marketing en\u2026","rel":"","context":"Entrada similar","img":{"alt_text":"marketing en red","src":"https:\/\/i1.wp.com\/www.marketingenred.net\/marketing-en-internet\/wp-content\/uploads\/2020\/11\/pexels-photo-2433164.jpeg?fit=1200%2C800&ssl=1&resize=350%2C200","width":350,"height":200},"classes":[]},{"id":118,"url":"https:\/\/www.marketingenred.net\/marketing-en-internet\/marketing-online\/","url_meta":{"origin":2,"position":3},"title":"Marketing Online. La tecnolog\u00eda es clave.","date":"27 agosto, 2011","format":false,"excerpt":"La importancia de la tecnolog\u00eda en el Marketing Online. Por Dar\u00edo Le\u00f3n Mendiondo (*). Algunas Empresas registran sus mayores ingresos a trav\u00e9s de la venta online. Sin Embargo, la gran mayor\u00eda, a\u00fan no advierte la importancia de establecer una estrategia hacia segmentos del mercado que concentran gran poder adquisitivo. A\u2026","rel":"","context":"Entrada similar","img":{"alt_text":"","src":"","width":0,"height":0},"classes":[]},{"id":117,"url":"https:\/\/www.marketingenred.net\/marketing-en-internet\/marketing-turistico\/","url_meta":{"origin":2,"position":4},"title":"El Marketing aplicado al Turismo","date":"27 agosto, 2011","format":false,"excerpt":"Marketing Tur\u00edstico El Marketing aplicado al Turismo en tiempos de pandemia. Por Dar\u00edo Le\u00f3n Mendiondo (*). La industria del turismo se expand\u00eda notablemente y era una de las principales fuentes de ingresos de divisas para los pa\u00edses emergentes y en v\u00edas de desarrollo. La crisis desatada por el Covid19 gener\u00f3\u2026","rel":"","context":"Entrada similar","img":{"alt_text":"","src":"","width":0,"height":0},"classes":[]},{"id":474,"url":"https:\/\/www.marketingenred.net\/marketing-en-internet\/innovacion-empresarial\/","url_meta":{"origin":2,"position":5},"title":"La Innovaci\u00f3n en la Estrategia Empresarial","date":"14 febrero, 2018","format":false,"excerpt":"\u00bfEst\u00e1s preparado para los nuevos desaf\u00edos de un mundo extremadamente competitivo? Las Empresas necesitan reinventarse y adecuarse a las nuevas tendencias y necesidades que surgen como consecuencia de la irrupci\u00f3n tecnol\u00f3gica. La innovaci\u00f3n empresarial nunca fue tan determinante como en estos tiempos. Que hacer para abrirse paso en un mercado\u2026","rel":"","context":"Entrada similar","img":{"alt_text":"innovaci\u00c3\u00b3n y marketing","src":"https:\/\/i2.wp.com\/www.marketingenred.net\/marketing-en-internet\/wp-content\/uploads\/2018\/02\/innovacion.png?resize=350%2C200","width":350,"height":200},"classes":[]}],"_links":{"self":[{"href":"https:\/\/www.marketingenred.net\/marketing-en-internet\/wp-json\/wp\/v2\/pages\/2"}],"collection":[{"href":"https:\/\/www.marketingenred.net\/marketing-en-internet\/wp-json\/wp\/v2\/pages"}],"about":[{"href":"https:\/\/www.marketingenred.net\/marketing-en-internet\/wp-json\/wp\/v2\/types\/page"}],"author":[{"embeddable":true,"href":"https:\/\/www.marketingenred.net\/marketing-en-internet\/wp-json\/wp\/v2\/users\/1"}],"replies":[{"embeddable":true,"href":"https:\/\/www.marketingenred.net\/marketing-en-internet\/wp-json\/wp\/v2\/comments?post=2"}],"version-history":[{"count":10,"href":"https:\/\/www.marketingenred.net\/marketing-en-internet\/wp-json\/wp\/v2\/pages\/2\/revisions"}],"predecessor-version":[{"id":1011,"href":"https:\/\/www.marketingenred.net\/marketing-en-internet\/wp-json\/wp\/v2\/pages\/2\/revisions\/1011"}],"wp:attachment":[{"href":"https:\/\/www.marketingenred.net\/marketing-en-internet\/wp-json\/wp\/v2\/media?parent=2"}],"curies":[{"name":"wp","href":"https:\/\/api.w.org\/{rel}","templated":true}]}}