{"id":464,"date":"2018-02-13T18:37:59","date_gmt":"2018-02-13T18:37:59","guid":{"rendered":"http:\/\/www.marketingenred.net\/marketing-en-internet\/?page_id=464"},"modified":"2020-11-08T15:04:13","modified_gmt":"2020-11-08T15:04:13","slug":"asesoramiento-pymes","status":"publish","type":"page","link":"https:\/\/www.marketingenred.net\/marketing-en-internet\/asesoramiento-pymes\/","title":{"rendered":"Asesoramiento PYMES"},"content":{"rendered":"<figure id=\"attachment_633\" aria-describedby=\"caption-attachment-633\" style=\"width: 150px\" class=\"wp-caption alignright\"><img loading=\"lazy\" decoding=\"async\" data-attachment-id=\"633\" data-permalink=\"https:\/\/www.marketingenred.net\/marketing-en-internet\/asesoramiento-pymes\/p_140\/\" data-orig-file=\"https:\/\/i2.wp.com\/www.marketingenred.net\/marketing-en-internet\/wp-content\/uploads\/2020\/10\/p_140.jpg?fit=200%2C300&amp;ssl=1\" data-orig-size=\"200,300\" data-comments-opened=\"1\" data-image-meta=\"{&quot;aperture&quot;:&quot;0&quot;,&quot;credit&quot;:&quot;&quot;,&quot;camera&quot;:&quot;&quot;,&quot;caption&quot;:&quot;&quot;,&quot;created_timestamp&quot;:&quot;0&quot;,&quot;copyright&quot;:&quot;&quot;,&quot;focal_length&quot;:&quot;0&quot;,&quot;iso&quot;:&quot;0&quot;,&quot;shutter_speed&quot;:&quot;0&quot;,&quot;title&quot;:&quot;&quot;,&quot;orientation&quot;:&quot;0&quot;}\" data-image-title=\"asesoramiento pymes\" data-image-description=\"\" data-medium-file=\"https:\/\/i2.wp.com\/www.marketingenred.net\/marketing-en-internet\/wp-content\/uploads\/2020\/10\/p_140.jpg?fit=200%2C300&amp;ssl=1\" data-large-file=\"https:\/\/i2.wp.com\/www.marketingenred.net\/marketing-en-internet\/wp-content\/uploads\/2020\/10\/p_140.jpg?fit=200%2C300&amp;ssl=1\" class=\"wp-image-633 size-thumbnail\" src=\"https:\/\/i0.wp.com\/www.marketingenred.net\/marketing-en-internet\/wp-content\/uploads\/2020\/10\/p_140-150x150.jpg?resize=150%2C150\" alt=\"asesoramiento pymes\" width=\"150\" height=\"150\"  data-recalc-dims=\"1\"><figcaption id=\"caption-attachment-633\" class=\"wp-caption-text\">asesoramiento pymes<\/figcaption><\/figure>\n<h2>Servicios Pymes<\/h2>\n<p>Los servicios de asesoramiento pymes (Micro, Peque\u00f1as y Medianas Empresas), en general est\u00e1n bastante diversificados. En ese sentido, se observa una oferta variada en materia de:<\/p>\n<ul>\n<li>Acceso a financiamiento colectivo (Crowdfunding).<\/li>\n<li>Elaboraci\u00f3n de Planes de Negocios.<\/li>\n<li>Dise\u00f1o de Planes de Marketing.<\/li>\n<li>Investigaci\u00f3n de Mercado.<\/li>\n<li>Asesoramiento Legal y Contable.<\/li>\n<li>Campa\u00f1as de Publicidad.<\/li>\n<li>Gesti\u00f3n de las Redes Sociales.<\/li>\n<li>Talleres y Seminarios Online (e-learning).<\/li>\n<\/ul>\n<p>Nuestra oferta se enfoca en ofrecer&nbsp;Productos CON Servicios de alto valor agregado.<\/p>\n<h2>Acompa\u00f1amiento Pymes<\/h2>\n<p><u>Productos<\/u><\/p>\n<p>A trav\u00e9s del <strong>Sistema de Asesor\u00eda Online (SAO)<\/strong>&nbsp;te brindamos Asesoramiento Temprano antes de la presentaci\u00f3n del Proyecto. Ingresas a nuestro website y mediante el sistema de atenci\u00f3n online tu solicitud es diligenciada para su tratamiento profesional.<\/p>\n<p>En esta etapa, la asistencia es gratuita y no tiene ning\u00fan costo para ti. A trav\u00e9s de este Servicio iniciamos un primer contacto, nos vamos conociendo y generando confianza. As\u00ed, vamos promoviendo la interacci\u00f3n y la comunicaci\u00f3n.<\/p>\n<p>Asesoramiento Pymes. El <strong>Sistema de <a href=\"http:\/\/www.marketingenred.net\/marketing-en-internet\/negocios-rentables\/\">Acompa\u00f1amiento Empresarial<\/a> a Pymes (SAEP) <\/strong>es el Producto Estrella de nuestro proyecto.<\/p>\n<p>Mediante distintas herramientas, algunas de desarrollo propio y otras adquiridas a profesionales, realizamos un an\u00e1lisis exhaustivo de tu proyecto.<\/p>\n<p>Estudiamos sus potencialidades y vulnerabilidades, procediendo a realizar diferentes acciones.<\/p>\n<ul>\n<li>Valoraci\u00f3n de Activos y An\u00e1lisis de Riesgo.<\/li>\n<li>Control y Ejecuci\u00f3n Presupuestal.<\/li>\n<li>An\u00e1lisis Financiero y C\u00e1lculo del Punto de Equilibrio.<\/li>\n<li>Fijaci\u00f3n de Indicadores y Seguimiento a trav\u00e9s de Cuadro de Mando Integral.<\/li>\n<\/ul>\n<p>En ese sentido, propendemos a un acompa\u00f1amiento permanente por un lapso de 3 meses. Luego mediremos la evoluci\u00f3n de los indicadores correspondientes y te ofreceremos una evaluaci\u00f3n.<\/p>\n<p>En ese momento puedes optar por extender nuestros servicios o continuar en forma independiente. Incluso puedes contratar servicios espec\u00edficos en funci\u00f3n de nuestras recomendaciones.<\/p>\n<p>A su vez, nos ajustamos a tus necesidades y posibilidades. Y tenemos a disposici\u00f3n productos espec\u00edficos tales como Plan de Marketing, Business Plan (Plan de Negocios) y\/o Plan Financiero.<\/p>\n<h2>Asesoramiento Reconversi\u00f3n Pymes.<\/h2>\n<p>Y finalmente, el Plan de Reconversi\u00f3n de Empresas. Este plan incluye un acompa\u00f1amiento por el lapso de 1 a\u00f1o. Asimismo, comprende a todos planes los anteriores para que puedas alcanzar tus objetivos econ\u00f3micos.<\/p>\n<p><u>Servicios<\/u><\/p>\n<p>Del mismo modo, desarrollamos Campa\u00f1as de Publicidad&nbsp; de tipo<strong> Social Ads o SEM y acciones SEO o SMO. Adem\u00e1s gestionamos tus&nbsp;<\/strong><strong>Redes Sociales. <\/strong>Estos servicios no tienen costo&nbsp;para nuestros clientes.<\/p>\n<p>A esto nos referimos cuando hablamos de productos con servicios, ya que es un objetivo de nuestra empresa ofrecerte productos con servicios de alto valor agregado.<\/p>\n<p>Ver tambi\u00e9n: <a href=\"https:\/\/lauraribas.com\/objetivos-economicos\/\" target=\"_blank\" rel=\"noopener noreferrer\">Como alcanzar tus objetivos econ\u00f3micos<\/a><\/p>\n","protected":false},"excerpt":{"rendered":"<p>Servicios Pymes Los servicios de asesoramiento pymes (Micro, Peque\u00f1as y Medianas Empresas), en general est\u00e1n<\/p>\n","protected":false},"author":1,"featured_media":0,"parent":0,"menu_order":0,"comment_status":"closed","ping_status":"closed","template":"","meta":{"om_disable_all_campaigns":false,"_monsterinsights_skip_tracking":false,"_monsterinsights_sitenote_active":false,"_monsterinsights_sitenote_note":"","_monsterinsights_sitenote_category":0,"_uf_show_specific_survey":0,"_uf_disable_surveys":false,"spay_email":"","twitterCardType":"summary","cardImageID":0,"cardImage":"","cardTitle":"","cardDesc":"","cardImageAlt":"","cardPlayer":"","cardPlayerWidth":0,"cardPlayerHeight":0,"cardPlayerStream":"","cardPlayerCodec":"","footnotes":""},"class_list":["post-464","page","type-page","status-publish","hentry"],"jetpack_sharing_enabled":false,"jetpack_shortlink":"https:\/\/wp.me\/P9wWBy-7u","jetpack_likes_enabled":false,"jetpack-related-posts":[{"id":149,"url":"https:\/\/www.marketingenred.net\/marketing-en-internet\/estrategias-de-marketing-para-pymes\/","url_meta":{"origin":464,"position":0},"title":"Estrategias de Marketing para Pymes","date":"6 noviembre, 2011","format":false,"excerpt":"Estrategias para peque\u00f1as y medianas empresas \u00bfQuieres \"Potenciar La Comercializaci\u00f3n\" De Tu Empresa? Por Jordys Gonzalez (*). Lo que voy a compartir contigo en este art\u00edculo, podr\u00eda sonar como muy l\u00f3gico, pero cr\u00e9eme, y esta es al menos mi experiencia, que m\u00e1s del 85% de los propietarios de PyMEs me\u2026","rel":"","context":"Entrada similar","img":{"alt_text":"","src":"","width":0,"height":0},"classes":[]},{"id":949,"url":"https:\/\/www.marketingenred.net\/marketing-en-internet\/","url_meta":{"origin":464,"position":1},"title":"Marketing en Red. El arte del Marketing Digital","date":"15 noviembre, 2020","format":false,"excerpt":"Aplicaciones del Marketing En Marketing en Red puedes consultar las \u00faltimas novedades sobre Marketing Digital El e-mail Marketing, en la era del Social Media.\u00bfSabes lo que es el market share? Es tu porci\u00f3n de la torta!Aplicaci\u00f3n del SEO y SEM para Posicionamiento.Estrategias de Marketing en Internet. Estrategias de Marketing en\u2026","rel":"","context":"Entrada similar","img":{"alt_text":"marketing en red","src":"https:\/\/i1.wp.com\/www.marketingenred.net\/marketing-en-internet\/wp-content\/uploads\/2020\/11\/pexels-photo-2433164.jpeg?fit=1200%2C800&ssl=1&resize=350%2C200","width":350,"height":200},"classes":[]},{"id":120,"url":"https:\/\/www.marketingenred.net\/marketing-en-internet\/marketing-relacional\/","url_meta":{"origin":464,"position":2},"title":"Qu\u00e9 es el Marketing Relacional o Marketing de Relaciones","date":"28 agosto, 2011","format":false,"excerpt":"El Marketing Relacional y los Negocios en Internet. Qu\u00e9 hacer cuando te piden informaci\u00f3n sobre tus servicios. Por Dar\u00edo Le\u00f3n Mendiondo (*). En los negocios por internet, est\u00e1 comprobado que las ventas ocurren cuando te has ganado la confianza del interesado. Esto sucede porque ya te conoce previamente, o porque\u2026","rel":"","context":"Entrada similar","img":{"alt_text":"","src":"","width":0,"height":0},"classes":[]},{"id":118,"url":"https:\/\/www.marketingenred.net\/marketing-en-internet\/marketing-online\/","url_meta":{"origin":464,"position":3},"title":"Marketing Online. La tecnolog\u00eda es clave.","date":"27 agosto, 2011","format":false,"excerpt":"La importancia de la tecnolog\u00eda en el Marketing Online. Por Dar\u00edo Le\u00f3n Mendiondo (*). Algunas Empresas registran sus mayores ingresos a trav\u00e9s de la venta online. Sin Embargo, la gran mayor\u00eda, a\u00fan no advierte la importancia de establecer una estrategia hacia segmentos del mercado que concentran gran poder adquisitivo. A\u2026","rel":"","context":"Entrada similar","img":{"alt_text":"","src":"","width":0,"height":0},"classes":[]},{"id":174,"url":"https:\/\/www.marketingenred.net\/marketing-en-internet\/marketing-en-internet-y-marketing-online\/","url_meta":{"origin":464,"position":4},"title":"Marketing en Internet","date":"29 diciembre, 2011","format":false,"excerpt":"C\u00f3mo hacer Marketing en Internet. Por Dar\u00edo Le\u00f3n Mendiondo (*). Caracter\u00edsticas y Tipos del Marketing Online. Similitudes y Diferencias entre el Marketing en Internet y el Marketing Tradicional. En este t\u00f3pico te explicamos como funcionan algunos de los canales m\u00e1s importantes del marketing digital, para que te familiarices con los\u2026","rel":"","context":"Entrada similar","img":{"alt_text":"","src":"","width":0,"height":0},"classes":[]},{"id":117,"url":"https:\/\/www.marketingenred.net\/marketing-en-internet\/marketing-turistico\/","url_meta":{"origin":464,"position":5},"title":"El Marketing aplicado al Turismo","date":"27 agosto, 2011","format":false,"excerpt":"Marketing Tur\u00edstico El Marketing aplicado al Turismo en tiempos de pandemia. Por Dar\u00edo Le\u00f3n Mendiondo (*). La industria del turismo se expand\u00eda notablemente y era una de las principales fuentes de ingresos de divisas para los pa\u00edses emergentes y en v\u00edas de desarrollo. La crisis desatada por el Covid19 gener\u00f3\u2026","rel":"","context":"Entrada similar","img":{"alt_text":"","src":"","width":0,"height":0},"classes":[]}],"_links":{"self":[{"href":"https:\/\/www.marketingenred.net\/marketing-en-internet\/wp-json\/wp\/v2\/pages\/464"}],"collection":[{"href":"https:\/\/www.marketingenred.net\/marketing-en-internet\/wp-json\/wp\/v2\/pages"}],"about":[{"href":"https:\/\/www.marketingenred.net\/marketing-en-internet\/wp-json\/wp\/v2\/types\/page"}],"author":[{"embeddable":true,"href":"https:\/\/www.marketingenred.net\/marketing-en-internet\/wp-json\/wp\/v2\/users\/1"}],"replies":[{"embeddable":true,"href":"https:\/\/www.marketingenred.net\/marketing-en-internet\/wp-json\/wp\/v2\/comments?post=464"}],"version-history":[{"count":17,"href":"https:\/\/www.marketingenred.net\/marketing-en-internet\/wp-json\/wp\/v2\/pages\/464\/revisions"}],"predecessor-version":[{"id":746,"href":"https:\/\/www.marketingenred.net\/marketing-en-internet\/wp-json\/wp\/v2\/pages\/464\/revisions\/746"}],"wp:attachment":[{"href":"https:\/\/www.marketingenred.net\/marketing-en-internet\/wp-json\/wp\/v2\/media?parent=464"}],"curies":[{"name":"wp","href":"https:\/\/api.w.org\/{rel}","templated":true}]}}