{"id":474,"date":"2018-02-14T22:53:48","date_gmt":"2018-02-14T22:53:48","guid":{"rendered":"http:\/\/www.marketingenred.net\/marketing-en-internet\/?page_id=474"},"modified":"2020-11-08T16:52:35","modified_gmt":"2020-11-08T16:52:35","slug":"innovacion-empresarial","status":"publish","type":"page","link":"https:\/\/www.marketingenred.net\/marketing-en-internet\/innovacion-empresarial\/","title":{"rendered":"La Innovaci\u00f3n en la Estrategia Empresarial"},"content":{"rendered":"<figure id=\"attachment_478\" aria-describedby=\"caption-attachment-478\" style=\"width: 580px\" class=\"wp-caption alignleft\"><img loading=\"lazy\" decoding=\"async\" data-attachment-id=\"478\" data-permalink=\"https:\/\/www.marketingenred.net\/marketing-en-internet\/innovacion-empresarial\/innovacion\/\" data-orig-file=\"https:\/\/i2.wp.com\/www.marketingenred.net\/marketing-en-internet\/wp-content\/uploads\/2018\/02\/innovacion.png?fit=580%2C258&amp;ssl=1\" data-orig-size=\"580,258\" data-comments-opened=\"1\" data-image-meta=\"{&quot;aperture&quot;:&quot;0&quot;,&quot;credit&quot;:&quot;&quot;,&quot;camera&quot;:&quot;&quot;,&quot;caption&quot;:&quot;&quot;,&quot;created_timestamp&quot;:&quot;0&quot;,&quot;copyright&quot;:&quot;&quot;,&quot;focal_length&quot;:&quot;0&quot;,&quot;iso&quot;:&quot;0&quot;,&quot;shutter_speed&quot;:&quot;0&quot;,&quot;title&quot;:&quot;&quot;,&quot;orientation&quot;:&quot;0&quot;}\" data-image-title=\"innovacion\" data-image-description=\"&lt;p&gt;la innovaci\u00f3n en la estrategia de marketing&lt;\/p&gt;\n\" data-medium-file=\"https:\/\/i2.wp.com\/www.marketingenred.net\/marketing-en-internet\/wp-content\/uploads\/2018\/02\/innovacion.png?fit=300%2C133&amp;ssl=1\" data-large-file=\"https:\/\/i2.wp.com\/www.marketingenred.net\/marketing-en-internet\/wp-content\/uploads\/2018\/02\/innovacion.png?fit=580%2C258&amp;ssl=1\" class=\"wp-image-478 size-full\" src=\"https:\/\/i2.wp.com\/www.marketingenred.net\/marketing-en-internet\/wp-content\/uploads\/2018\/02\/innovacion.png?resize=580%2C258\" alt=\"innovaci\u00f3n y marketing\" width=\"580\" height=\"258\" srcset=\"https:\/\/i2.wp.com\/www.marketingenred.net\/marketing-en-internet\/wp-content\/uploads\/2018\/02\/innovacion.png?w=580&amp;ssl=1 580w, https:\/\/i2.wp.com\/www.marketingenred.net\/marketing-en-internet\/wp-content\/uploads\/2018\/02\/innovacion.png?resize=300%2C133&amp;ssl=1 300w\" sizes=\"(max-width: 580px) 100vw, 580px\" data-recalc-dims=\"1\" \/><figcaption id=\"caption-attachment-478\" class=\"wp-caption-text\">7 aspectos de la innovaci\u00f3n empresarial seg\u00fan Drucker<\/figcaption><\/figure>\n<p>\u00bfEst\u00e1s preparado para los nuevos desaf\u00edos de un mundo extremadamente competitivo? Las Empresas necesitan reinventarse y adecuarse a las nuevas tendencias y necesidades que surgen como consecuencia de la irrupci\u00f3n tecnol\u00f3gica. La innovaci\u00f3n empresarial nunca fue tan determinante como en estos tiempos. Que hacer para abrirse paso en un mercado lleno de oportunidades&#8230;Y de competidores!<\/p>\n<p>En efecto, en este art\u00edculo consideramos los 7 aspectos de la innovaci\u00f3n que Peter Drucker formul\u00f3 en 1985. Y los relacionamos con el desarrollo de una <a href=\"http:\/\/www.marketingenred.net\/marketing-en-internet\/estrategias-de-marketing-para-las-pequenas-y-medianas-empresas\/\">estrategia de marketing<\/a> basada en la innovaci\u00f3n. Si quieres asegurarte que tu proyecto es viable, tiene perspectivas y sustentabilidad en los pr\u00f3ximos a\u00f1os, dale una mirada a este art\u00edculo.<\/p>\n<h2>La Innovaci\u00f3n en las Empresas<\/h2>\n<p><strong>Factores internos a tener en cuenta (Dentro de la empresa).<\/strong><strong>\u00a0<\/strong><\/p>\n<ul>\n<li><strong>Acontecimientos inesperados. <\/strong>La naturaleza disruptiva (cambios dr\u00e1sticos) de las tecnolog\u00edas de \u00faltima generaci\u00f3n y la proliferaci\u00f3n de las denominadas Start Up\u2019s sugieren la necesidad imperiosa de adecuarse r\u00e1pidamente a las nuevas formas de hacer negocios. Esto incluye la transformaci\u00f3n digital y la utilizaci\u00f3n masiva de internet como canal de negocio.<\/li>\n<\/ul>\n<ul>\n<li><strong>Incongruencias. <\/strong>La brecha entre las expectativas que se tiene sobre el \u00e9xito de un negocio y el resultado concreto puede cerrarse con una orientaci\u00f3n precisa en materia de formaci\u00f3n y asistencia t\u00e9cnica. All\u00ed se concentran dificultades importantes para muchos emprendedores. Sobre todo para hacer seguimiento de las acciones que se llevan adelante, en tiempos de intensa competitividad.<\/li>\n<\/ul>\n<ul>\n<li><strong>Necesidad de los procesos. <\/strong>Los tiempos apremian en la actualidad. Contar con plataforma tecnol\u00f3gicas funcionales a las necesidades de los consumidores permitir\u00e1 desarrollar procesos de formaci\u00f3n a trav\u00e9s de sistemas e-learning. Aprovechando las ventajas de un servidor dedicado con m\u00faltiples prestaciones, espacio en disco y ancho de banda suficiente.<\/li>\n<\/ul>\n<ul>\n<li><strong>Cambios sectoriales y de mercado. <\/strong>El sistema financiero est\u00e1 cambiando y con el advenimiento de las nuevas tecnolog\u00edas, los modelos de financiamiento colectivo se constituyen en una fuerte tendencia. En tal sentido, los proyectos m\u00e1s \u201ccaseros o artesanales\u201d seguramente requerir\u00e1n de un an\u00e1lisis m\u00e1s exhaustivo acerca de su viabilidad. Ello implica integrar elementos de diagn\u00f3stico y herramientas de gesti\u00f3n que muchas veces no est\u00e1n al alcance de los emprendedores.<\/li>\n<\/ul>\n<h2>La Innovaci\u00f3n en la estrategia empresarial<\/h2>\n<p><b>Factores externos a tener en cuenta (<\/b><strong>Fuera de la empresa).<\/strong><strong>\u00a0<\/strong><\/p>\n<ul>\n<li><strong>Cambios demogr\u00e1ficos. <\/strong>Seg\u00fan ha informado la Secretar\u00eda Ejecutiva de la <a href=\"https:\/\/www.cepal.org\/es\/articulos\/cambios-demograficos-en-america-latina-una-ventana-de-oportunidad\">CEPAL<\/a>,<em> \u201cen las \u00faltimas d\u00e9cadas, los pa\u00edses de Am\u00e9rica Latina han registrado profundas transformaciones demogr\u00e1ficas, entre las que se destacan la disminuci\u00f3n de la tasa de crecimiento de la poblaci\u00f3n y el progresivo envejecimiento de los habitantes. Esta evoluci\u00f3n responde a la acelerada baja de la fecundidad y al descenso sostenido de la mortalidad. El mercado laboral deber\u00e1 absorber a <strong>una poblaci\u00f3n activa creciente<\/strong>, as\u00ed como a una <strong>poblaci\u00f3n de edad avanzada que buscar\u00e1 seguir trabajando remuneradamente durante m\u00e1s tiempo<\/strong>, ya que la cobertura de la seguridad social y el valor de las pensiones son limitados y el ingreso familiar a\u00fan es bajo.\u201d<\/em><\/li>\n<\/ul>\n<p>A su vez, el Informe de seguimiento mundial 2015\/2016 elaborado por el <a href=\"http:\/\/www.bancomundial.org\/es\/news\/press-release\/2015\/10\/07\/world-undergoing-major-population-shift-with-far-reaching-implications-for-migration-poverty-development-wbimf-report\">Banco Mundial<\/a>, expresa que<em> \u201cla emigraci\u00f3n a gran escala desde los pa\u00edses empobrecidos a las regiones m\u00e1s ricas del mundo constituir\u00e1 un rasgo permanente de la econom\u00eda mundial durante las pr\u00f3ximas d\u00e9cadas como resultado de los grandes cambios poblacionales en los pa\u00edses.\u201d<\/em><\/p>\n<p>Cabe se\u00f1alar tambi\u00e9n, que de acuerdo al Informe de la Situaci\u00f3n Demogr\u00e1fica en el Mundo elaborado por el Departamento de Asuntos Econ\u00f3micos y Sociales de <a href=\"http:\/\/www.un.org\/es\/development\/desa\/news\/population\/world-urbanization-prospects-2014.html\">Naciones Unidas<\/a>, <em>\u201cm\u00e1s de la mitad de la poblaci\u00f3n mundial vive en zonas urbanas\u201d. <\/em>\u00a0Y tambi\u00e9n afirma que <em>\u201cse espera que las zonas urbanas sean las que absorban el crecimiento futuro de la poblaci\u00f3n\u201d<\/em>.<\/p>\n<h3>Cambio Poblacional.<\/h3>\n<p>En consecuencia, es posible esperar un mayor consumo en los conglomerados urbanos. Ello ser\u00e1 fruto del aumento de la poblaci\u00f3n. Y por tanto es dable prever que se instalar\u00e1n nuevas empresas. Buscando captar la preferencia de los consumidores. A su vez, la multiculturalidad y la diversidad que est\u00e1 experimentando el cambio demogr\u00e1fico alentar\u00e1n el desarrollo de emprendimientos de diversa \u00edndole.<\/p>\n<ul>\n<li><strong>Cambios de percepci\u00f3n. <\/strong>Siguiendo la analog\u00eda de la empresa con el vaso \u201cmedio lleno\u201d o \u201cmedio vac\u00edo\u201d seg\u00fan Drucker. Y a pesar de los avances en la distribuci\u00f3n del ingreso y la satisfacci\u00f3n de las necesidades b\u00e1sicas de la poblaci\u00f3n, las personas cada vez buscan nuevas fuentes de ingresos, complementarias. Ya sea para satisfacer necesidades del ego y\/o estilo de vida. O para estar a resguardo en sus a\u00f1os menos productivos. As\u00ed, parafraseando a Drucker, respecto al vaso medio vac\u00edo, al no existir l\u00edmites para satisfacer las necesidades humanas, ofrece oportunidades ilimitadas.<\/li>\n<\/ul>\n<ul>\n<li><strong>Nuevo conocimiento. <\/strong>Una reflexi\u00f3n propia de los problemas de la sociedad a trav\u00e9s de la investigaci\u00f3n, nos puede permitir detectar nuevas necesidades de los consumidores. Generar y aportar conocimiento con valor agregado nos otorga una ventaja competitiva. Pero debemos estar dispuestos a involucrarnos con nuestros clientes y acompa\u00f1arlos en la vida activa de su negocio.<\/li>\n<\/ul>\n<p>Si deseas aplicar estos conceptos de innovaci\u00f3n empresarial en tu estrategia de marketing, y necesitas ayuda, cuenta con nosotros.<\/p>\n","protected":false},"excerpt":{"rendered":"<p>\u00bfEst\u00e1s preparado para los nuevos desaf\u00edos de un mundo extremadamente competitivo? Las Empresas necesitan reinventarse<\/p>\n","protected":false},"author":1,"featured_media":0,"parent":0,"menu_order":0,"comment_status":"closed","ping_status":"closed","template":"","meta":{"om_disable_all_campaigns":false,"_monsterinsights_skip_tracking":false,"_monsterinsights_sitenote_active":false,"_monsterinsights_sitenote_note":"","_monsterinsights_sitenote_category":0,"_uf_show_specific_survey":0,"_uf_disable_surveys":false,"spay_email":"","twitterCardType":"summary","cardImageID":0,"cardImage":"http:\/\/www.marketingenred.net\/marketing-en-internet\/wp-content\/uploads\/2018\/02\/innovacion.png","cardTitle":"","cardDesc":"","cardImageAlt":"innovaci\u00f3n y marketing","cardPlayer":"","cardPlayerWidth":0,"cardPlayerHeight":0,"cardPlayerStream":"","cardPlayerCodec":"","footnotes":""},"class_list":["post-474","page","type-page","status-publish","hentry"],"jetpack_sharing_enabled":false,"jetpack_shortlink":"https:\/\/wp.me\/P9wWBy-7E","jetpack_likes_enabled":false,"jetpack-related-posts":[{"id":949,"url":"https:\/\/www.marketingenred.net\/marketing-en-internet\/","url_meta":{"origin":474,"position":0},"title":"Marketing en Red. El arte del Marketing Digital","date":"15 noviembre, 2020","format":false,"excerpt":"Aplicaciones del Marketing En Marketing en Red puedes consultar las \u00faltimas novedades sobre Marketing Digital El e-mail Marketing, en la era del Social Media.\u00bfSabes lo que es el market share? Es tu porci\u00f3n de la torta!Aplicaci\u00f3n del SEO y SEM para Posicionamiento.Estrategias de Marketing en Internet. Estrategias de Marketing en\u2026","rel":"","context":"Entrada similar","img":{"alt_text":"marketing en red","src":"https:\/\/i1.wp.com\/www.marketingenred.net\/marketing-en-internet\/wp-content\/uploads\/2020\/11\/pexels-photo-2433164.jpeg?fit=1200%2C800&ssl=1&resize=350%2C200","width":350,"height":200},"classes":[]},{"id":2,"url":"https:\/\/www.marketingenred.net\/marketing-en-internet\/mision-vision-valores\/","url_meta":{"origin":474,"position":1},"title":"Misi\u00f3n, Visi\u00f3n y Valores Corporativos","date":"5 enero, 2018","format":false,"excerpt":"Nuestra Misi\u00f3n y Visi\u00f3n Marketing en Red est\u00e1 presente en Internet desde 2004 y es parte de una Red de sitios sobre diversas tem\u00e1ticas de actualidad. En tal sentido, su objetivo es fomentar el desarrollo emprendedor. En la actualidad, Marketing en Red es una Agencia de Servicios Digitales. Y tambi\u00e9n\u2026","rel":"","context":"Entrada similar","img":{"alt_text":"","src":"","width":0,"height":0},"classes":[]},{"id":149,"url":"https:\/\/www.marketingenred.net\/marketing-en-internet\/estrategias-de-marketing-para-pymes\/","url_meta":{"origin":474,"position":2},"title":"Estrategias de Marketing para Pymes","date":"6 noviembre, 2011","format":false,"excerpt":"Estrategias para peque\u00f1as y medianas empresas \u00bfQuieres \"Potenciar La Comercializaci\u00f3n\" De Tu Empresa? Por Jordys Gonzalez (*). Lo que voy a compartir contigo en este art\u00edculo, podr\u00eda sonar como muy l\u00f3gico, pero cr\u00e9eme, y esta es al menos mi experiencia, que m\u00e1s del 85% de los propietarios de PyMEs me\u2026","rel":"","context":"Entrada similar","img":{"alt_text":"","src":"","width":0,"height":0},"classes":[]},{"id":176,"url":"https:\/\/www.marketingenred.net\/marketing-en-internet\/analisis-foda-ejemplos\/","url_meta":{"origin":474,"position":3},"title":"An\u00e1lisis Foda Ejemplos","date":"23 abril, 2012","format":false,"excerpt":"C\u00f3mo hacer un An\u00e1lisis FODA. Por Dar\u00edo Le\u00f3n Mendiondo (*). El an\u00e1lisis FODA es una metodolog\u00eda de estudio de la situaci\u00f3n de una empresa determinada. Se tienen en cuenta sus aspectos internos, los que denominamos Debilidades y Fortalezas. Y tambi\u00e9n los aspectos externos, a los que llamamos Amenazas y Oportunidades,\u2026","rel":"","context":"Entrada similar","img":{"alt_text":"","src":"","width":0,"height":0},"classes":[]},{"id":125,"url":"https:\/\/www.marketingenred.net\/marketing-en-internet\/marketing-directo-ejemplos\/","url_meta":{"origin":474,"position":4},"title":"Marketing Directo Ejemplos","date":"6 noviembre, 2011","format":false,"excerpt":"C\u00f3mo hacer Marketing Directo Su relaci\u00f3n con la Publicidad, la Promoci\u00f3n y la Venta. La publicidad, sea gr\u00e1fica, en v\u00eda p\u00fablica, internet y\/o trav\u00e9s de los medios masivos de comunicaci\u00f3n, es una herramienta muy potente cuando se combina con acciones de promoci\u00f3n y ventas, dirigidas a segmentos espec\u00edficos. Marketing Personal\u2026","rel":"","context":"Entrada similar","img":{"alt_text":"","src":"","width":0,"height":0},"classes":[]},{"id":464,"url":"https:\/\/www.marketingenred.net\/marketing-en-internet\/asesoramiento-pymes\/","url_meta":{"origin":474,"position":5},"title":"Asesoramiento PYMES","date":"13 febrero, 2018","format":false,"excerpt":"Servicios Pymes Los servicios de asesoramiento pymes (Micro, Peque\u00f1as y Medianas Empresas), en general est\u00e1n bastante diversificados. En ese sentido, se observa una oferta variada en materia de: Acceso a financiamiento colectivo (Crowdfunding). Elaboraci\u00f3n de Planes de Negocios. Dise\u00f1o de Planes de Marketing. Investigaci\u00f3n de Mercado. Asesoramiento Legal y Contable.\u2026","rel":"","context":"Entrada similar","img":{"alt_text":"","src":"","width":0,"height":0},"classes":[]}],"_links":{"self":[{"href":"https:\/\/www.marketingenred.net\/marketing-en-internet\/wp-json\/wp\/v2\/pages\/474"}],"collection":[{"href":"https:\/\/www.marketingenred.net\/marketing-en-internet\/wp-json\/wp\/v2\/pages"}],"about":[{"href":"https:\/\/www.marketingenred.net\/marketing-en-internet\/wp-json\/wp\/v2\/types\/page"}],"author":[{"embeddable":true,"href":"https:\/\/www.marketingenred.net\/marketing-en-internet\/wp-json\/wp\/v2\/users\/1"}],"replies":[{"embeddable":true,"href":"https:\/\/www.marketingenred.net\/marketing-en-internet\/wp-json\/wp\/v2\/comments?post=474"}],"version-history":[{"count":10,"href":"https:\/\/www.marketingenred.net\/marketing-en-internet\/wp-json\/wp\/v2\/pages\/474\/revisions"}],"predecessor-version":[{"id":770,"href":"https:\/\/www.marketingenred.net\/marketing-en-internet\/wp-json\/wp\/v2\/pages\/474\/revisions\/770"}],"wp:attachment":[{"href":"https:\/\/www.marketingenred.net\/marketing-en-internet\/wp-json\/wp\/v2\/media?parent=474"}],"curies":[{"name":"wp","href":"https:\/\/api.w.org\/{rel}","templated":true}]}}