{"id":50775,"date":"2022-02-26T23:35:46","date_gmt":"2022-02-26T23:35:46","guid":{"rendered":"https:\/\/www.marketingenred.net\/marketing-en-internet\/?page_id=50775"},"modified":"2022-02-27T01:19:40","modified_gmt":"2022-02-27T01:19:40","slug":"cursos-rapidos","status":"publish","type":"page","link":"https:\/\/www.marketingenred.net\/marketing-en-internet\/cursos-rapidos\/","title":{"rendered":"Cursos R\u00e1pidos"},"content":{"rendered":"\n<p>Te ofrecemos una selecci\u00f3n de cursos r\u00e1pidos para mejorar la gesti\u00f3n de tus redes sociales, impulsar tu negocio, conseguir clientes y generar m\u00e1s ventas a trav\u00e9s de los canales digitales<\/p>\n\n\n\n<figure class=\"wp-block-gallery has-nested-images columns-default is-cropped wp-block-gallery-1 is-layout-flex wp-block-gallery-is-layout-flex\">\n<figure class=\"wp-block-image size-full\"><a href=\"https:\/\/go.hotmart.com\/L64543089N\" target=\"_blank\" rel=\"noopener\"><img loading=\"lazy\" decoding=\"async\" width=\"600\" height=\"360\" data-attachment-id=\"50801\" data-permalink=\"https:\/\/www.marketingenred.net\/marketing-en-internet\/cursos-rapidos\/consigue-mas-de-15k-seguidores-en-tiktok\/\" data-orig-file=\"https:\/\/i1.wp.com\/www.marketingenred.net\/marketing-en-internet\/wp-content\/uploads\/2022\/02\/Consigue-mas-de-15k-seguidores-en-tiktok.png?fit=600%2C360&amp;ssl=1\" data-orig-size=\"600,360\" data-comments-opened=\"1\" data-image-meta=\"{&quot;aperture&quot;:&quot;0&quot;,&quot;credit&quot;:&quot;&quot;,&quot;camera&quot;:&quot;&quot;,&quot;caption&quot;:&quot;&quot;,&quot;created_timestamp&quot;:&quot;0&quot;,&quot;copyright&quot;:&quot;&quot;,&quot;focal_length&quot;:&quot;0&quot;,&quot;iso&quot;:&quot;0&quot;,&quot;shutter_speed&quot;:&quot;0&quot;,&quot;title&quot;:&quot;&quot;,&quot;orientation&quot;:&quot;0&quot;}\" data-image-title=\"estrategias de anuncios en tiktok\" data-image-description=\"&lt;p&gt;Aprende las mejores estrategias de anuncios en tiktok para aumentar seguidores&lt;\/p&gt;\n\" data-medium-file=\"https:\/\/i1.wp.com\/www.marketingenred.net\/marketing-en-internet\/wp-content\/uploads\/2022\/02\/Consigue-mas-de-15k-seguidores-en-tiktok.png?fit=300%2C180&amp;ssl=1\" data-large-file=\"https:\/\/i1.wp.com\/www.marketingenred.net\/marketing-en-internet\/wp-content\/uploads\/2022\/02\/Consigue-mas-de-15k-seguidores-en-tiktok.png?fit=600%2C360&amp;ssl=1\" data-id=\"50801\" src=\"https:\/\/i1.wp.com\/www.marketingenred.net\/marketing-en-internet\/wp-content\/uploads\/2022\/02\/Consigue-mas-de-15k-seguidores-en-tiktok.png?resize=600%2C360&#038;ssl=1\" alt=\"seguidores en tik tok\" class=\"wp-image-50801\" srcset=\"https:\/\/i1.wp.com\/www.marketingenred.net\/marketing-en-internet\/wp-content\/uploads\/2022\/02\/Consigue-mas-de-15k-seguidores-en-tiktok.png?w=600&amp;ssl=1 600w, https:\/\/i1.wp.com\/www.marketingenred.net\/marketing-en-internet\/wp-content\/uploads\/2022\/02\/Consigue-mas-de-15k-seguidores-en-tiktok.png?resize=300%2C180&amp;ssl=1 300w\" sizes=\"(max-width: 600px) 100vw, 600px\" data-recalc-dims=\"1\" \/><\/a><figcaption>Consigue 15 mil seguidores en Tik Tok en una semana<\/figcaption><\/figure>\n\n\n\n<figure class=\"wp-block-image size-large\"><a href=\"https:\/\/go.hotmart.com\/C65488000H?ap=9d2e\" target=\"_blank\" rel=\"noopener\"><img loading=\"lazy\" decoding=\"async\" width=\"640\" height=\"640\" data-attachment-id=\"50802\" data-permalink=\"https:\/\/www.marketingenred.net\/marketing-en-internet\/cursos-rapidos\/secretosdeinstagram-2\/\" data-orig-file=\"https:\/\/i2.wp.com\/www.marketingenred.net\/marketing-en-internet\/wp-content\/uploads\/2022\/02\/secretosdeinstagram-1.png?fit=3240%2C3240&amp;ssl=1\" data-orig-size=\"3240,3240\" data-comments-opened=\"1\" data-image-meta=\"{&quot;aperture&quot;:&quot;0&quot;,&quot;credit&quot;:&quot;&quot;,&quot;camera&quot;:&quot;&quot;,&quot;caption&quot;:&quot;&quot;,&quot;created_timestamp&quot;:&quot;0&quot;,&quot;copyright&quot;:&quot;&quot;,&quot;focal_length&quot;:&quot;0&quot;,&quot;iso&quot;:&quot;0&quot;,&quot;shutter_speed&quot;:&quot;0&quot;,&quot;title&quot;:&quot;&quot;,&quot;orientation&quot;:&quot;0&quot;}\" data-image-title=\"secretosdeinstagram\" data-image-description=\"\" data-medium-file=\"https:\/\/i2.wp.com\/www.marketingenred.net\/marketing-en-internet\/wp-content\/uploads\/2022\/02\/secretosdeinstagram-1.png?fit=300%2C300&amp;ssl=1\" data-large-file=\"https:\/\/i2.wp.com\/www.marketingenred.net\/marketing-en-internet\/wp-content\/uploads\/2022\/02\/secretosdeinstagram-1.png?fit=640%2C640&amp;ssl=1\" data-id=\"50802\" src=\"https:\/\/i2.wp.com\/www.marketingenred.net\/marketing-en-internet\/wp-content\/uploads\/2022\/02\/secretosdeinstagram-1.png?resize=640%2C640&#038;ssl=1\" alt=\"\" class=\"wp-image-50802\" srcset=\"https:\/\/i2.wp.com\/www.marketingenred.net\/marketing-en-internet\/wp-content\/uploads\/2022\/02\/secretosdeinstagram-1.png?w=3240&amp;ssl=1 3240w, https:\/\/i2.wp.com\/www.marketingenred.net\/marketing-en-internet\/wp-content\/uploads\/2022\/02\/secretosdeinstagram-1.png?resize=300%2C300&amp;ssl=1 300w, https:\/\/i2.wp.com\/www.marketingenred.net\/marketing-en-internet\/wp-content\/uploads\/2022\/02\/secretosdeinstagram-1.png?resize=1024%2C1024&amp;ssl=1 1024w, https:\/\/i2.wp.com\/www.marketingenred.net\/marketing-en-internet\/wp-content\/uploads\/2022\/02\/secretosdeinstagram-1.png?resize=150%2C150&amp;ssl=1 150w, https:\/\/i2.wp.com\/www.marketingenred.net\/marketing-en-internet\/wp-content\/uploads\/2022\/02\/secretosdeinstagram-1.png?resize=768%2C768&amp;ssl=1 768w, https:\/\/i2.wp.com\/www.marketingenred.net\/marketing-en-internet\/wp-content\/uploads\/2022\/02\/secretosdeinstagram-1.png?resize=1536%2C1536&amp;ssl=1 1536w, https:\/\/i2.wp.com\/www.marketingenred.net\/marketing-en-internet\/wp-content\/uploads\/2022\/02\/secretosdeinstagram-1.png?resize=2048%2C2048&amp;ssl=1 2048w, https:\/\/i2.wp.com\/www.marketingenred.net\/marketing-en-internet\/wp-content\/uploads\/2022\/02\/secretosdeinstagram-1.png?resize=640%2C640&amp;ssl=1 640w, https:\/\/i2.wp.com\/www.marketingenred.net\/marketing-en-internet\/wp-content\/uploads\/2022\/02\/secretosdeinstagram-1.png?w=1280&amp;ssl=1 1280w, https:\/\/i2.wp.com\/www.marketingenred.net\/marketing-en-internet\/wp-content\/uploads\/2022\/02\/secretosdeinstagram-1.png?w=1920&amp;ssl=1 1920w\" sizes=\"(max-width: 640px) 100vw, 640px\" data-recalc-dims=\"1\" \/><\/a><figcaption>12 Secretos para disparar tus ventas con Instagram<\/figcaption><\/figure>\n\n\n\n<figure class=\"wp-block-image size-large\"><a href=\"https:\/\/go.hotmart.com\/P41775477C\" target=\"_blank\" rel=\"noopener\"><img loading=\"lazy\" decoding=\"async\" width=\"640\" height=\"640\" data-attachment-id=\"50803\" data-permalink=\"https:\/\/www.marketingenred.net\/marketing-en-internet\/cursos-rapidos\/venderconrobots\/\" data-orig-file=\"https:\/\/i2.wp.com\/www.marketingenred.net\/marketing-en-internet\/wp-content\/uploads\/2022\/02\/venderconrobots.png?fit=727%2C727&amp;ssl=1\" data-orig-size=\"727,727\" data-comments-opened=\"1\" data-image-meta=\"{&quot;aperture&quot;:&quot;0&quot;,&quot;credit&quot;:&quot;&quot;,&quot;camera&quot;:&quot;&quot;,&quot;caption&quot;:&quot;&quot;,&quot;created_timestamp&quot;:&quot;0&quot;,&quot;copyright&quot;:&quot;&quot;,&quot;focal_length&quot;:&quot;0&quot;,&quot;iso&quot;:&quot;0&quot;,&quot;shutter_speed&quot;:&quot;0&quot;,&quot;title&quot;:&quot;&quot;,&quot;orientation&quot;:&quot;0&quot;}\" data-image-title=\"venderconrobots\" data-image-description=\"\" data-medium-file=\"https:\/\/i2.wp.com\/www.marketingenred.net\/marketing-en-internet\/wp-content\/uploads\/2022\/02\/venderconrobots.png?fit=300%2C300&amp;ssl=1\" data-large-file=\"https:\/\/i2.wp.com\/www.marketingenred.net\/marketing-en-internet\/wp-content\/uploads\/2022\/02\/venderconrobots.png?fit=640%2C640&amp;ssl=1\" data-id=\"50803\" src=\"https:\/\/i2.wp.com\/www.marketingenred.net\/marketing-en-internet\/wp-content\/uploads\/2022\/02\/venderconrobots.png?resize=640%2C640&#038;ssl=1\" alt=\"\" class=\"wp-image-50803\" srcset=\"https:\/\/i2.wp.com\/www.marketingenred.net\/marketing-en-internet\/wp-content\/uploads\/2022\/02\/venderconrobots.png?w=727&amp;ssl=1 727w, https:\/\/i2.wp.com\/www.marketingenred.net\/marketing-en-internet\/wp-content\/uploads\/2022\/02\/venderconrobots.png?resize=300%2C300&amp;ssl=1 300w, https:\/\/i2.wp.com\/www.marketingenred.net\/marketing-en-internet\/wp-content\/uploads\/2022\/02\/venderconrobots.png?resize=150%2C150&amp;ssl=1 150w, https:\/\/i2.wp.com\/www.marketingenred.net\/marketing-en-internet\/wp-content\/uploads\/2022\/02\/venderconrobots.png?resize=640%2C640&amp;ssl=1 640w\" sizes=\"(max-width: 640px) 100vw, 640px\" data-recalc-dims=\"1\" \/><\/a><figcaption>Aprende a vender con Robots<\/figcaption><\/figure>\n<\/figure>\n\n\n\n<p><\/p>\n","protected":false},"excerpt":{"rendered":"<p>Te ofrecemos una selecci\u00f3n de cursos r\u00e1pidos para mejorar la gesti\u00f3n de tus redes sociales,<\/p>\n","protected":false},"author":1,"featured_media":50801,"parent":0,"menu_order":0,"comment_status":"closed","ping_status":"closed","template":"","meta":{"om_disable_all_campaigns":false,"_monsterinsights_skip_tracking":false,"_monsterinsights_sitenote_active":false,"_monsterinsights_sitenote_note":"","_monsterinsights_sitenote_category":0,"_uf_show_specific_survey":0,"_uf_disable_surveys":false,"spay_email":"","twitterCardType":"","cardImageID":0,"cardImage":"","cardTitle":"","cardDesc":"","cardImageAlt":"","cardPlayer":"","cardPlayerWidth":0,"cardPlayerHeight":0,"cardPlayerStream":"","cardPlayerCodec":"","footnotes":""},"class_list":["post-50775","page","type-page","status-publish","has-post-thumbnail","hentry"],"jetpack_sharing_enabled":true,"jetpack_shortlink":"https:\/\/wp.me\/P9wWBy-dcX","jetpack_likes_enabled":true,"jetpack-related-posts":[{"id":949,"url":"https:\/\/www.marketingenred.net\/marketing-en-internet\/","url_meta":{"origin":50775,"position":0},"title":"Marketing en Red. El arte del Marketing Digital","date":"15 noviembre, 2020","format":false,"excerpt":"Aplicaciones del Marketing En Marketing en Red puedes consultar las \u00faltimas novedades sobre Marketing Digital El e-mail Marketing, en la era del Social Media.\u00bfSabes lo que es el market share? Es tu porci\u00f3n de la torta!Aplicaci\u00f3n del SEO y SEM para Posicionamiento.Estrategias de Marketing en Internet. Estrategias de Marketing en\u2026","rel":"","context":"Entrada similar","img":{"alt_text":"marketing en red","src":"https:\/\/i1.wp.com\/www.marketingenred.net\/marketing-en-internet\/wp-content\/uploads\/2020\/11\/pexels-photo-2433164.jpeg?fit=1200%2C800&ssl=1&resize=350%2C200","width":350,"height":200},"classes":[]},{"id":81,"url":"https:\/\/www.marketingenred.net\/marketing-en-internet\/formacion-e-learning\/","url_meta":{"origin":50775,"position":1},"title":"Formaci\u00f3n y E-learning","date":"10 enero, 2018","format":false,"excerpt":"Pr\u00f3ximamente\u00a0ofreceremos en nuestras\u00a0Salas Virtuales diferentes m\u00f3dulos gratuitos para Formaci\u00f3n a trav\u00e9s de Cursos, Talleres y Asistencia T\u00e9cnica, dirigidos a todos nuestros clientes, con car\u00e1cter grupal y\/o personalizado seg\u00fan la tem\u00e1tica, las caracter\u00edsticas y tus necesidades.","rel":"","context":"Entrada similar","img":{"alt_text":"","src":"","width":0,"height":0},"classes":[]},{"id":149,"url":"https:\/\/www.marketingenred.net\/marketing-en-internet\/estrategias-de-marketing-para-pymes\/","url_meta":{"origin":50775,"position":2},"title":"Estrategias de Marketing para Pymes","date":"6 noviembre, 2011","format":false,"excerpt":"Estrategias para peque\u00f1as y medianas empresas \u00bfQuieres \"Potenciar La Comercializaci\u00f3n\" De Tu Empresa? Por Jordys Gonzalez (*). Lo que voy a compartir contigo en este art\u00edculo, podr\u00eda sonar como muy l\u00f3gico, pero cr\u00e9eme, y esta es al menos mi experiencia, que m\u00e1s del 85% de los propietarios de PyMEs me\u2026","rel":"","context":"Entrada similar","img":{"alt_text":"","src":"","width":0,"height":0},"classes":[]},{"id":118,"url":"https:\/\/www.marketingenred.net\/marketing-en-internet\/marketing-online\/","url_meta":{"origin":50775,"position":3},"title":"Marketing Online. La tecnolog\u00eda es clave.","date":"27 agosto, 2011","format":false,"excerpt":"La importancia de la tecnolog\u00eda en el Marketing Online. Por Dar\u00edo Le\u00f3n Mendiondo (*). Algunas Empresas registran sus mayores ingresos a trav\u00e9s de la venta online. Sin Embargo, la gran mayor\u00eda, a\u00fan no advierte la importancia de establecer una estrategia hacia segmentos del mercado que concentran gran poder adquisitivo. A\u2026","rel":"","context":"Entrada similar","img":{"alt_text":"","src":"","width":0,"height":0},"classes":[]},{"id":120,"url":"https:\/\/www.marketingenred.net\/marketing-en-internet\/marketing-relacional\/","url_meta":{"origin":50775,"position":4},"title":"Qu\u00e9 es el Marketing Relacional o Marketing de Relaciones","date":"28 agosto, 2011","format":false,"excerpt":"El Marketing Relacional y los Negocios en Internet. Qu\u00e9 hacer cuando te piden informaci\u00f3n sobre tus servicios. Por Dar\u00edo Le\u00f3n Mendiondo (*). En los negocios por internet, est\u00e1 comprobado que las ventas ocurren cuando te has ganado la confianza del interesado. Esto sucede porque ya te conoce previamente, o porque\u2026","rel":"","context":"Entrada similar","img":{"alt_text":"","src":"","width":0,"height":0},"classes":[]},{"id":117,"url":"https:\/\/www.marketingenred.net\/marketing-en-internet\/marketing-turistico\/","url_meta":{"origin":50775,"position":5},"title":"El Marketing aplicado al Turismo","date":"27 agosto, 2011","format":false,"excerpt":"Marketing Tur\u00edstico El Marketing aplicado al Turismo en tiempos de pandemia. Por Dar\u00edo Le\u00f3n Mendiondo (*). La industria del turismo se expand\u00eda notablemente y era una de las principales fuentes de ingresos de divisas para los pa\u00edses emergentes y en v\u00edas de desarrollo. La crisis desatada por el Covid19 gener\u00f3\u2026","rel":"","context":"Entrada similar","img":{"alt_text":"","src":"","width":0,"height":0},"classes":[]}],"_links":{"self":[{"href":"https:\/\/www.marketingenred.net\/marketing-en-internet\/wp-json\/wp\/v2\/pages\/50775"}],"collection":[{"href":"https:\/\/www.marketingenred.net\/marketing-en-internet\/wp-json\/wp\/v2\/pages"}],"about":[{"href":"https:\/\/www.marketingenred.net\/marketing-en-internet\/wp-json\/wp\/v2\/types\/page"}],"author":[{"embeddable":true,"href":"https:\/\/www.marketingenred.net\/marketing-en-internet\/wp-json\/wp\/v2\/users\/1"}],"replies":[{"embeddable":true,"href":"https:\/\/www.marketingenred.net\/marketing-en-internet\/wp-json\/wp\/v2\/comments?post=50775"}],"version-history":[{"count":6,"href":"https:\/\/www.marketingenred.net\/marketing-en-internet\/wp-json\/wp\/v2\/pages\/50775\/revisions"}],"predecessor-version":[{"id":50813,"href":"https:\/\/www.marketingenred.net\/marketing-en-internet\/wp-json\/wp\/v2\/pages\/50775\/revisions\/50813"}],"wp:featuredmedia":[{"embeddable":true,"href":"https:\/\/www.marketingenred.net\/marketing-en-internet\/wp-json\/wp\/v2\/media\/50801"}],"wp:attachment":[{"href":"https:\/\/www.marketingenred.net\/marketing-en-internet\/wp-json\/wp\/v2\/media?parent=50775"}],"curies":[{"name":"wp","href":"https:\/\/api.w.org\/{rel}","templated":true}]}}