{"id":949,"date":"2020-11-15T17:03:28","date_gmt":"2020-11-15T17:03:28","guid":{"rendered":"https:\/\/www.marketingenred.net\/marketing-en-internet\/?page_id=949"},"modified":"2020-11-21T01:28:52","modified_gmt":"2020-11-21T01:28:52","slug":"marketing-en-red","status":"publish","type":"page","link":"https:\/\/www.marketingenred.net\/marketing-en-internet\/","title":{"rendered":"Marketing en Red. El arte del Marketing Digital"},"content":{"rendered":"\n<div class=\"wp-block-group\"><div class=\"wp-block-group__inner-container is-layout-flow wp-block-group-is-layout-flow\">\n<div class=\"wp-block-group\"><div class=\"wp-block-group__inner-container is-layout-flow wp-block-group-is-layout-flow\">\n<h2 class=\"wp-block-heading\">Aplicaciones del Marketing <\/h2>\n\n\n\n<p class=\"has-text-align-left\"><img loading=\"lazy\" decoding=\"async\" width=\"32\" height=\"9\" data-attachment-id=\"978\" data-permalink=\"https:\/\/www.marketingenred.net\/marketing-en-internet\/marketing-en-red\/nev5t\/\" data-orig-file=\"https:\/\/i0.wp.com\/www.marketingenred.net\/marketing-en-internet\/wp-content\/uploads\/2020\/11\/nev5t.gif?fit=32%2C9&amp;ssl=1\" data-orig-size=\"32,9\" data-comments-opened=\"1\" data-image-meta=\"{&quot;aperture&quot;:&quot;0&quot;,&quot;credit&quot;:&quot;&quot;,&quot;camera&quot;:&quot;&quot;,&quot;caption&quot;:&quot;&quot;,&quot;created_timestamp&quot;:&quot;0&quot;,&quot;copyright&quot;:&quot;&quot;,&quot;focal_length&quot;:&quot;0&quot;,&quot;iso&quot;:&quot;0&quot;,&quot;shutter_speed&quot;:&quot;0&quot;,&quot;title&quot;:&quot;&quot;,&quot;orientation&quot;:&quot;0&quot;}\" data-image-title=\"marketing digital\" data-image-description=\"&lt;p&gt;\u00faltimas novedades de marketing digital&lt;\/p&gt;\n\" data-medium-file=\"https:\/\/i0.wp.com\/www.marketingenred.net\/marketing-en-internet\/wp-content\/uploads\/2020\/11\/nev5t.gif?fit=32%2C9&amp;ssl=1\" data-large-file=\"https:\/\/i0.wp.com\/www.marketingenred.net\/marketing-en-internet\/wp-content\/uploads\/2020\/11\/nev5t.gif?fit=32%2C9&amp;ssl=1\" class=\"wp-image-978\" style=\"width: 32px;\" src=\"https:\/\/i0.wp.com\/www.marketingenred.net\/marketing-en-internet\/wp-content\/uploads\/2020\/11\/nev5t.gif?resize=32%2C9&#038;ssl=1\" alt=\"Nueva secci\u00f3n\" data-recalc-dims=\"1\"> En Marketing en Red puedes consultar las \u00faltimas novedades sobre <a rel=\"category tag\" href=\"https:\/\/www.marketingenred.net\/marketing-en-internet\/category\/marketing-digital\/\">Marketing Digital<\/a><\/p>\n\n\n\n<p><span><a href=\"#Email Marketing\">El e-mail Marketing, en la era del Social Media.<\/a><br><a href=\"#Market_Share\">\u00bfSabes lo que es el market share? Es tu porci\u00f3n de la torta!<br><\/a><a href=\"#SEO\">Aplicaci\u00f3n del SEO y SEM para Posicionamiento.<\/a><\/span><br><a href=\"#Estrategias\">Estrategias de Marketing en Internet.<\/a><\/p>\n\n\n\n<p><\/p>\n\n\n\n<h2>Estrategias de Marketing en Red<\/h2>\n<p>Somos un sitio especializado de Marketing en Internet y te ayudaremos a instrumentar estrategias de marketing efectivas para aumentar las ventas de tu empresa. As\u00ed podr\u00e1s ganar m\u00e1s dinero con tu Negocio Online.<\/p>\n<p>Tambi\u00e9n te ofrecemos descargas y cursos gratuitos, e-books y acceso a conferencias online. Adem\u00e1s, estamos instrumentando un Sistema de Acompa\u00f1amiento Empresarial a efectos de contribuir a la expansi\u00f3n y desarrollo de las empresas, en un mundo extremadamente competitivo.<\/p>\n<p>Con nuestro sistema de acompa\u00f1amiento empresarial t\u00fa ya no tienes que preocuparte m\u00e1s que de gestionar tus clientes. En ese sentido, deber\u00e1s ocuparte de buscar negocios y hacer inversiones. De la gesti\u00f3n nos ocupamos nosotros. Adem\u00e1s, desarrollamos herramientas que te permitir\u00e1n tener un control absoluto de tu negocio. Y podr\u00e1s anticiparte, generando productos y servicios con valor agregado.<\/p>\n\n\n\n<h3 class=\"wp-block-heading\">Estrategias de Marketing<\/h3>\n\n\n\n<p>Te ofrecemos gran cantidad de oportunidades de negocios, programas de afiliados, herramientas de calidad para optimizar el funcionamiento de tu empresa. <br> <br>Aprende lo que significa el E-marketing en todas sus variantes, a trav\u00e9s de consejos y opiniones de destacados especialistas hispanoamericanos. En tal sentido, abordamos anal\u00edticamente las \u00faltimas tendencias del marketing digital, el e-business y el e-commerce. <br> <br>Tambi\u00e9n te brindamos informaci\u00f3n sobre cursos gratuitos, seminarios, herramientas, servicios de consultor\u00eda en marketing y numerosos recursos. Te ayudamos a perfeccionar tus estrategias de marketing y aumentar las ganancias de tu negocio y\/o empresa. <br> <br>\u00bfNecesitas desarrollar al m\u00e1ximo el potencial de tu negocio? o \u00bfDeseas iniciar un nuevo emprendimiento en Internet? o \u00bfQuieres alcanzar la excelencia en la atenci\u00f3n del cliente? <br> <br>Pues bien, nuestras t\u00e9cnicas te significar\u00e1n m\u00e1s cantidad de clientes, m\u00e1s ventas y mayores ganancias. Por eso, te ofrecemos combinar adecuadamente la planificaci\u00f3n de modernas t\u00e9cnicas de promoci\u00f3n y su aplicaci\u00f3n pr\u00e1ctica en internet para optimizar tu gesti\u00f3n empresarial.  <\/p>\n\n\n\n<h3 class=\"wp-block-heading\">Cursos de Marketing en Red<\/h3>\n\n\n\n<p>Y complementamos nuestro trabajo con Cursos Gratis, Capacitaci\u00f3n      online y asesoramiento profesional. As\u00ed podr\u00e1s desarrollar campa\u00f1as  publicitarias de alto impacto, y maximizar el retorno de tu inversi\u00f3n. <br><br>Puedes suscribirte en forma Gratuita e inmediatamente recibir\u00e1s en tu buz\u00f3n de e-mail un set de recursos y obsequios para que comiences a aplicar estrategias de marketing efectivas. No cabe duda que en estos tiempos una de las mayores ventajas competitivas es el servicio. Por tanto, tendr\u00e1s que pensar en agregar valor a tus productos y trabajar con mayor dedicaci\u00f3n el servicio post-venta. <br><br>El manejo de un negocio o empresa en estos tiempos requiere de una actualizaci\u00f3n permanentemente en materia de t\u00e9cnicas de mercadeo, ventas, promociones, etc. En tal sentido, la capacitaci\u00f3n es sumamente necesaria para estar a la altura del mundo moderno. Internet puede ser para ti una inagotable fuente de recursos, pero para ello deber\u00e1s estar al d\u00eda, capacitarte y ser creativo\/a. <br><br>Aprende todo lo que necesitas para diferenciarte de tu competencia aplicando nuestras t\u00e9cnicas de marketing digital en las redes sociales. <\/p>\n\n\n\n<h3 class=\"wp-block-heading\">Marketing en Red para gestionar tu negocio en internet<\/h3>\n\n\n\n<figure class=\"wp-block-image\"><img decoding=\"async\" src=\"https:\/\/i2.wp.com\/www.marketingenred.net\/images\/online_marketing.png?w=640&#038;ssl=1\" alt=\"e-mail marketing\" data-recalc-dims=\"1\"\/><\/figure>\n\n\n\n<h2 class=\"wp-block-heading\"><a name=\"Email Marketing\">El E-mail Marketing sigue vigente<\/a><\/h2>\n\n\n\n<p>El e-mail marketing es parte del marketing online.  <br>La clave es hacer una correcta gesti\u00f3n de tus comunicaciones. El email marketing se ha revitalizado con la aparici\u00f3n de los tel\u00e9fonos inteligentes. Si deseas vender, fidelizar o simplemente comunicar algo relevante, puedes practicar el email marketing. Tambi\u00e9n debes integrarlo con acciones de marketing relacional. Aprende m\u00e1s sobre <a href=\"marketing-en-internet-y-marketing-online\/\">Marketing Digital<\/a><br><\/p>\n\n\n\n<figure class=\"wp-block-image\"><img decoding=\"async\" src=\"https:\/\/i2.wp.com\/www.marketingenred.net\/marketing_internet.png?w=640&#038;ssl=1\" alt=\"market share\" data-recalc-dims=\"1\"\/><\/figure>\n\n\n\n<h2 class=\"wp-block-heading\"><a name=\"Market_Share\">Market Share: Cuanto mercado tienes<\/a><\/h2>\n\n\n\n<p>Es la porci\u00f3n de mercado que has conquistado.  Lo que revela cual es tu situaci\u00f3n frente a tus competidores.  Mira un ejemplo de como se representa el <a href=\"que-es-el-market-share\/\">Market Share<\/a>. C\u00f3mo se calcula, y como saber cuanto mercado tiene la competencia.<br><\/p>\n\n\n\n<figure class=\"wp-block-image\"><img decoding=\"async\" src=\"https:\/\/i2.wp.com\/www.marketingenred.net\/images\/marketing-seo.png?w=640&#038;ssl=1\" alt=\"posicionamiento SEO\" data-recalc-dims=\"1\"\/><\/figure>\n\n\n\n<h2 class=\"wp-block-heading\"><a name=\"SEO\">Aplicaci\u00f3n del SEO y SEM<\/a><\/h2>\n\n\n\n<p>El anchor text, las frases claves, la descripci\u00f3n y el t\u00edtulo. Son claves que contin\u00faan siendo relevantes en el posicionamiento org\u00e1nico. <br>Te damos algunas ideas para aplicar en el <a href=\"como-posicionar-a-tu-empresa-en-los-buscadores\/\">Posicionamiento SEO<\/a> para que tu web sea accesible y amigable con los buscadores. <br><\/p>\n\n\n\n<figure class=\"wp-block-image\"><img decoding=\"async\" src=\"https:\/\/i2.wp.com\/www.marketingenred.net\/images\/Internet-Marketing.jpg?w=640&#038;ssl=1\" alt=\"marketing pymes\" data-recalc-dims=\"1\"\/><\/figure>\n\n\n\n<h2 class=\"wp-block-heading\"><a name=\"Estrategias\">Estrategias y T\u00e1cticas de Marketing en Red<\/a><\/h2>\n\n\n\n<p>Te asesoramos sobre como desarrollar una estrategia de marketing.  A su vez, te indicamos como aplicar adecuadamente e-commerce, e-business y social media. Y tambi\u00e9n te compartimos este excelente art\u00edculo sobre <a href=\"estrategias-de-marketing-para-las-pequenas-y-medianas-empresas\/\">Marketing para Pymes<\/a><\/p>\n\n\n\n<p>Y te explicamos paso a paso como crear un Plan de Marketing Estrat\u00e9gico para tu Empresa. La planificaci\u00f3n estrat\u00e9gica es esencial para el logro de los objetivos y metas planteadas por las Empresas. Los procesos de transformaci\u00f3n digital exigen incorporaci\u00f3n de nuevas tecnolog\u00edas y optimizar los procesos comerciales.<\/p>\n\n\n\n<p>Pero eso no es todo. Te ayudamos a gestionar tus redes sociales y a tener una pol\u00edtica hacia los medios de comunicaci\u00f3n. En ese sentido, los comunicados de prensa constituyen un mecanismo sumamente eficaz para complementar las labores de mercadeo de cualquier empresa y\/ o negocio.&nbsp;<\/p>\n\n\n\n<p>Eso no significa que deban utilizarse como instrumento de venta, pero puedes darte a conocer masivamente sin invertir un solo peso en publicidad. Redactamos, enviamos y gestionamos tus notas de prensa para los medios de comunicaci\u00f3n.<\/p>\n\n\n\n<p>Finalmente, vale decir que el marketing en red tambi\u00e9n se ha difundido mucho mediante t\u00e9cnicas de Marketing Multnivel o MLM y es lo que conocemos como <a href=\"https:\/\/marketing4ecommerce.mx\/que-es-el-network-marketing\/\">Network Marketing<\/a>. <\/p>\n\n\n\n<p>La trilog\u00eda de Redes, Medios y Contactos es lo que har\u00e1 crecer tu negocio y para ello debes enfocarte y ser efectivo en la gesti\u00f3n de tus comunicaciones con tus clientes y contactos.<\/p>\n<\/div><\/div>\n<\/div><\/div>\n","protected":false},"excerpt":{"rendered":"<p>Aplicaciones del Marketing En Marketing en Red puedes consultar las \u00faltimas novedades sobre Marketing Digital<\/p>\n","protected":false},"author":1,"featured_media":996,"parent":0,"menu_order":0,"comment_status":"closed","ping_status":"closed","template":"","meta":{"om_disable_all_campaigns":false,"_monsterinsights_skip_tracking":false,"_monsterinsights_sitenote_active":false,"_monsterinsights_sitenote_note":"","_monsterinsights_sitenote_category":0,"_uf_show_specific_survey":0,"_uf_disable_surveys":false,"spay_email":"","twitterCardType":"","cardImageID":573,"cardImage":"https:\/\/www.marketingenred.net\/marketing-en-internet\/wp-content\/uploads\/2018\/11\/marketing-internet.png","cardTitle":"","cardDesc":"","cardImageAlt":"Marketing en Red","cardPlayer":"","cardPlayerWidth":0,"cardPlayerHeight":0,"cardPlayerStream":"","cardPlayerCodec":"","footnotes":""},"class_list":["post-949","page","type-page","status-publish","has-post-thumbnail","hentry"],"jetpack_sharing_enabled":true,"jetpack_shortlink":"https:\/\/wp.me\/P9wWBy-fj","jetpack_likes_enabled":true,"jetpack-related-posts":[{"id":174,"url":"https:\/\/www.marketingenred.net\/marketing-en-internet\/marketing-en-internet-y-marketing-online\/","url_meta":{"origin":949,"position":0},"title":"Marketing en Internet","date":"29 diciembre, 2011","format":false,"excerpt":"C\u00f3mo hacer Marketing en Internet. Por Dar\u00edo Le\u00f3n Mendiondo (*). Caracter\u00edsticas y Tipos del Marketing Online. Similitudes y Diferencias entre el Marketing en Internet y el Marketing Tradicional. En este t\u00f3pico te explicamos como funcionan algunos de los canales m\u00e1s importantes del marketing digital, para que te familiarices con los\u2026","rel":"","context":"Entrada similar","img":{"alt_text":"","src":"","width":0,"height":0},"classes":[]},{"id":170,"url":"https:\/\/www.marketingenred.net\/marketing-en-internet\/descubra-el-poder-del-email-marketing\/","url_meta":{"origin":949,"position":1},"title":"El poder del email marketing","date":"9 noviembre, 2011","format":false,"excerpt":"\u00bfQui\u00e9n puede practicar el email marketing? Por Jonathan Baldovino (*). Mito: Solo empresas u organizaciones con grandes presupuestos, enormes bases de datos y con un departamento de comunicaci\u00f3n o marketing pueden hacerlo. Realidad: Cualquier persona, pyme, mediana o gran empresa puede hacerlo. Sin importar el tama\u00f1o de su base de\u2026","rel":"","context":"Entrada similar","img":{"alt_text":"","src":"","width":0,"height":0},"classes":[]},{"id":116,"url":"https:\/\/www.marketingenred.net\/marketing-en-internet\/el-marketing-y-el-deporte-una-nueva-relacion\/","url_meta":{"origin":949,"position":2},"title":"Marketing y Deporte. Una nueva relaci\u00f3n","date":"27 agosto, 2011","format":false,"excerpt":"El auge del Marketing Deportivo. Las Marcas cada vez invierten m\u00e1s en sus estrategias de Marketing. La relaci\u00f3n entre el marketing y el deporte se ha intensificado en el siglo 21. El uso de las herramientas de marketing en el \u00e1mbito deportivo se ha universalizado. La Publicidad juega un rol\u2026","rel":"","context":"Entrada similar","img":{"alt_text":"","src":"","width":0,"height":0},"classes":[]},{"id":2,"url":"https:\/\/www.marketingenred.net\/marketing-en-internet\/mision-vision-valores\/","url_meta":{"origin":949,"position":3},"title":"Misi\u00f3n, Visi\u00f3n y Valores Corporativos","date":"5 enero, 2018","format":false,"excerpt":"Nuestra Misi\u00f3n y Visi\u00f3n Marketing en Red est\u00e1 presente en Internet desde 2004 y es parte de una Red de sitios sobre diversas tem\u00e1ticas de actualidad. En tal sentido, su objetivo es fomentar el desarrollo emprendedor. En la actualidad, Marketing en Red es una Agencia de Servicios Digitales. Y tambi\u00e9n\u2026","rel":"","context":"Entrada similar","img":{"alt_text":"","src":"","width":0,"height":0},"classes":[]},{"id":120,"url":"https:\/\/www.marketingenred.net\/marketing-en-internet\/marketing-relacional\/","url_meta":{"origin":949,"position":4},"title":"Qu\u00e9 es el Marketing Relacional o Marketing de Relaciones","date":"28 agosto, 2011","format":false,"excerpt":"El Marketing Relacional y los Negocios en Internet. Qu\u00e9 hacer cuando te piden informaci\u00f3n sobre tus servicios. Por Dar\u00edo Le\u00f3n Mendiondo (*). En los negocios por internet, est\u00e1 comprobado que las ventas ocurren cuando te has ganado la confianza del interesado. Esto sucede porque ya te conoce previamente, o porque\u2026","rel":"","context":"Entrada similar","img":{"alt_text":"","src":"","width":0,"height":0},"classes":[]},{"id":118,"url":"https:\/\/www.marketingenred.net\/marketing-en-internet\/marketing-online\/","url_meta":{"origin":949,"position":5},"title":"Marketing Online. La tecnolog\u00eda es clave.","date":"27 agosto, 2011","format":false,"excerpt":"La importancia de la tecnolog\u00eda en el Marketing Online. Por Dar\u00edo Le\u00f3n Mendiondo (*). Algunas Empresas registran sus mayores ingresos a trav\u00e9s de la venta online. Sin Embargo, la gran mayor\u00eda, a\u00fan no advierte la importancia de establecer una estrategia hacia segmentos del mercado que concentran gran poder adquisitivo. A\u2026","rel":"","context":"Entrada similar","img":{"alt_text":"","src":"","width":0,"height":0},"classes":[]}],"_links":{"self":[{"href":"https:\/\/www.marketingenred.net\/marketing-en-internet\/wp-json\/wp\/v2\/pages\/949"}],"collection":[{"href":"https:\/\/www.marketingenred.net\/marketing-en-internet\/wp-json\/wp\/v2\/pages"}],"about":[{"href":"https:\/\/www.marketingenred.net\/marketing-en-internet\/wp-json\/wp\/v2\/types\/page"}],"author":[{"embeddable":true,"href":"https:\/\/www.marketingenred.net\/marketing-en-internet\/wp-json\/wp\/v2\/users\/1"}],"replies":[{"embeddable":true,"href":"https:\/\/www.marketingenred.net\/marketing-en-internet\/wp-json\/wp\/v2\/comments?post=949"}],"version-history":[{"count":29,"href":"https:\/\/www.marketingenred.net\/marketing-en-internet\/wp-json\/wp\/v2\/pages\/949\/revisions"}],"predecessor-version":[{"id":1013,"href":"https:\/\/www.marketingenred.net\/marketing-en-internet\/wp-json\/wp\/v2\/pages\/949\/revisions\/1013"}],"wp:featuredmedia":[{"embeddable":true,"href":"https:\/\/www.marketingenred.net\/marketing-en-internet\/wp-json\/wp\/v2\/media\/996"}],"wp:attachment":[{"href":"https:\/\/www.marketingenred.net\/marketing-en-internet\/wp-json\/wp\/v2\/media?parent=949"}],"curies":[{"name":"wp","href":"https:\/\/api.w.org\/{rel}","templated":true}]}}